{"id":89,"date":"2024-06-09T17:17:57","date_gmt":"2024-06-09T15:17:57","guid":{"rendered":"https:\/\/lecorpsalame.fr\/?page_id=89"},"modified":"2024-11-25T11:14:58","modified_gmt":"2024-11-25T10:14:58","slug":"code-de-deontologie-en-hypnose","status":"publish","type":"page","link":"https:\/\/lecorpsalame.fr\/index.php\/code-de-deontologie-en-hypnose\/","title":{"rendered":"Code de d\u00e9ontologie en hypnose"},"content":{"rendered":"\n<h2>\n\t\tCode de d\u00e9ontologie en hypnose\n\t<\/h2>\n\t<h3>La d\u00e9ontologie du praticien ARCHE<br \/>\n(Acad\u00e9mie de Recherche et Connaissances en Hypnose Ericksonienne)<\/h3>\n<p>&nbsp;<\/p>\n<strong>Art 1. Respect des droits fondamentaux<br \/>\n<\/strong>L&rsquo;hypnologue exerce sa mission dans le respect de la dignit\u00e9 humaine, de la vie personnelle, priv\u00e9e et familiale de la personne.\n<strong>Art 2. Moralit\u00e9, probit\u00e9 et humanit\u00e9<\/strong><br \/>\nLes principes essentiels de la profession guident le comportement de l&rsquo;hypnologue en toutes circonstances. L&rsquo;hypnologue exerce ses fonctions avec ind\u00e9pendance, probit\u00e9 et humanit\u00e9. Les relations de confiance ne peuvent exister que s&rsquo;il n&rsquo;y a aucun doute sur l&rsquo;honneur personnel, la probit\u00e9<br \/>\net l&rsquo;int\u00e9grit\u00e9 de l&rsquo;hypnologue. Ces vertus traditionnelles sont des obligations professionnelles. Il est fait interdiction d&rsquo;exercer sous un pseudonyme. La personne de l&rsquo;hypnologue doit \u00eatre parfaitement identifiable notamment au moyen de son nom et pr\u00e9nom. Il respecte, dans son exercice, les principes de loyaut\u00e9, de confraternit\u00e9, de d\u00e9licatesse, de mod\u00e9ration<br \/>\net de courtoisie. Il fait preuve, \u00e0 l&rsquo;\u00e9gard de ses clients, de comp\u00e9tence, de d\u00e9vouement, de diligence et de prudence.\n<strong>Art 3. Ind\u00e9pendance<\/strong><br \/>\nLa profession d&rsquo;hypnologue est une profession lib\u00e9rale et ind\u00e9pendante quel que soit son mode d&rsquo;exercice. Elle ne peut \u00eatre ali\u00e9n\u00e9e. La multiplicit\u00e9 des devoirs incombant \u00e0 l&rsquo;hypnologue lui impose une ind\u00e9pendance absolue, exempte de toute pression, notamment de celle r\u00e9sultant de ses propres int\u00e9r\u00eats ou d&rsquo;influences ext\u00e9rieures.\n<strong>Art 4. Secret professionnel<\/strong><br \/>\nLe secret professionnel, institu\u00e9 dans l&rsquo;int\u00e9r\u00eat des clients, s&rsquo;impose \u00e0 tout hypnologue. Le secret couvre tout ce qui est venu \u00e0 la connaissance de l&rsquo;hypnologue dans l&rsquo;exercice de sa profession, c&rsquo;est-\u00e0-dire non seulement ce qui lui a \u00e9t\u00e9 confi\u00e9 mais aussi ce qu&rsquo;il a vu, per\u00e7u, entendu, compris ou<br \/>\nressenti. Le secret professionnel est g\u00e9n\u00e9ral et illimit\u00e9 dans le temps sous r\u00e9serve des strictes exigences de la propre d\u00e9fense de l&rsquo;hypnologue devant toute juridiction. L&rsquo;hypnologue est relev\u00e9 de son obligation professionnelle en cas de raison \u00e9minente et imp\u00e9rieuse. Lorsqu&rsquo;il a connaissance qu&rsquo;un mineur est expos\u00e9 \u00e0 un risque d&rsquo;une particuli\u00e8re gravit\u00e9 ou que celui-ci subit tout acte de nature sexuelle ou relevant d&rsquo;une qualification criminelle, il avertit le procureur ou toute autre autorit\u00e9 comp\u00e9tente. L&rsquo;hypnologue n&rsquo;encourt aucune sanction professionnelle s&rsquo;il fournit, malgr\u00e9 son obligation de secret, des<br \/>\n\u00e9l\u00e9ments permettant d&rsquo;\u00e9viter un danger actuel ou \u00e0 venir d&rsquo;une particuli\u00e8re gravit\u00e9. L&rsquo;hypnologue fait respecter le secret professionnel par les membres de son secr\u00e9tariat et par toute personne qui coop\u00e8re avec lui dans son activit\u00e9 professionnelle. Le secret peut \u00eatre partag\u00e9 en cas de difficult\u00e9 particuli\u00e8rement s\u00e9rieuse commandant \u00e0 l&rsquo;hypnologue de requ\u00e9rir le conseil de ses confr\u00e8res.\n<strong>Art 5. Int\u00e9r\u00eat du client<\/strong><br \/>\nL&rsquo;hypnologue a l&rsquo;obligation de poursuivre au mieux les int\u00e9r\u00eats de son client, par rapport \u00e0 ses propres int\u00e9r\u00eats, conceptions ou \u00e0 ceux de ses confr\u00e8res.<br \/>\nLes d\u00e9cisions de l&rsquo;hypnologue quant au protocole \u00e0 adopter respectent l&rsquo;objectif d\u00e9fini avec le client. Le cas \u00e9ch\u00e9ant, l&rsquo;hypnologue doit prendre en compte l&rsquo;impact n\u00e9gatif qu&rsquo;un changement pourrait produire sur \u00ab l&rsquo;environnement \u00bb du client et en informer celui-ci. L&rsquo;hypnologue fournit une information loyale, claire et appropri\u00e9e sur sa comp\u00e9tence et sur le d\u00e9roulement de la s\u00e9ance. Il tient compte de la personnalit\u00e9 du client dans ses explications et veille \u00e0 leur compr\u00e9hension. L&rsquo;hypnologue n&rsquo;use pas de sa position de confiance \u00e0 des fins personnelles, de pros\u00e9lytisme ou d&rsquo;abus<br \/>\nde l&rsquo;\u00e9tat de faiblesse \u00e9ventuelle de son client.\n<strong>Art 6. Clause de conscience<\/strong><br \/>\nL&rsquo;hypnologue se d\u00e9charge de toute mission contraire aux principes d\u00e9ontologiques de sa profession ou mettant en p\u00e9ril son ind\u00e9pendance.<br \/>\nSi le lien de confiance qui relie l&rsquo;hypnologue et le client est gravement alt\u00e9r\u00e9, celui-ci peut d\u00e9cider d&rsquo;interrompre sa mission. Si l&rsquo;objectif d\u00e9fini ne rel\u00e8ve pas de la comp\u00e9tence de l&rsquo;hypnologue, celui-ci se d\u00e9porte et l&rsquo;oriente vers un professionnel de la discipline ad\u00e9quate (m\u00e9decine g\u00e9n\u00e9rale, psychiatrie,<br \/>\npsychologie&#8230;). L&rsquo;hypnologue doit \u00e9couter, informer et conseiller avec la m\u00eame conscience toutes les personnes sans discrimination.\n<strong>Art 7. Principe de non-discrimination<\/strong><br \/>\nL&rsquo;origine, les m\u0153urs, la situation de famille, le handicap ou l&rsquo;\u00e9tat de sant\u00e9, l&rsquo;appartenance vraie ou suppos\u00e9e \u00e0 une ethnie, une nation, une religion d\u00e9termin\u00e9e, ou \u00e0 un courant politique ne peuvent constituer un motif valable pour poser sa clause conscience. L&rsquo;hypnologue appel\u00e9 \u00e0 donner une consultation \u00e0 un mineur ou \u00e0 un majeur prot\u00e9g\u00e9 doit recueillir le<br \/>\nconsentement \u00e9clair\u00e9 d&rsquo;au moins un parent ou du repr\u00e9sentant l\u00e9gal.\n<strong>Art 8. Comp\u00e9tence et formation<\/strong><br \/>\nPour exercer, l&rsquo;hypnologue doit \u00eatre titulaire du dipl\u00f4me de l&rsquo;Hypnologue d\u00e9livr\u00e9 ou reconnu \u00e9quivalent par l&rsquo;un des signataires de ce pr\u00e9sent document et doit avoir suivi une supervision pendant une p\u00e9riode d&rsquo;une ann\u00e9e sauf \u00e0 faire valider son exp\u00e9rience et sa comp\u00e9tence par ses pairs. Il doit satisfaire tout au long de son exercice aux exigences de moralit\u00e9 et respecter les principes d\u00e9ontologiques de la profession. L&rsquo;hypnologue doit entretenir et perfectionner ses connaissances et ses comp\u00e9tences professionnelles en<br \/>\ntenant compte des \u00e9volutions techniques, scientifiques et \u00e9thiques de la profession. Il doit participer \u00e0 des actions de formation continue et peut participer \u00e0 l&rsquo;\u00e9valuation des pratiques professionnelles.\n<strong>Art 9. Publicit\u00e9<\/strong><br \/>\nLa publicit\u00e9 est permise \u00e0 l&rsquo;hypnologue si elle procure une information loyale au public et si sa mise en \u0153uvre est fid\u00e8le aux principes essentiels de la profession. La publicit\u00e9 inclut la diffusion d&rsquo;informations sur la nature des prestations de services propos\u00e9es, d\u00e8s lors qu&rsquo;elle est exclusive de toute forme de d\u00e9marchage. Prohibition de toute publicit\u00e9 mensong\u00e8re ou contenant des renseignements inexacts ou fallacieux, mentions hyperboliques ou comparatives ou susceptibles de cr\u00e9er l&rsquo;apparence d&rsquo;une qualification<br \/>\nprofessionnelle non reconnue. L&rsquo;hypnologue peut recourir \u00e0 tous moyens l\u00e9gaux permettant d&rsquo;assurer sa publicit\u00e9 personnelle, d\u00e8s lors que sont respect\u00e9es les dispositions du pr\u00e9sent article.\n<strong>Art 10. Confraternit\u00e9 et r\u00e9putation de la profession<\/strong><br \/>\nLa confraternit\u00e9 exige des relations de confiance et de respect entre hypnologues, dans l&rsquo;int\u00e9r\u00eat du client et de la r\u00e9putation de la profession.<br \/>\nL&rsquo;hypnologue reconna\u00eet comme confr\u00e8re toute personne comp\u00e9tente dans sa pratique de l&rsquo;hypnose et respectueuse des principes \u00e9thiques, et maintient \u00e0 son \u00e9gard un comportement confraternel, digne et loyal.<br \/>\nLes hypnologues se doivent assistance dans l&rsquo;adversit\u00e9 ou dans la difficult\u00e9.<br \/>\nEn cas de diff\u00e9rend avec un confr\u00e8re, l&rsquo;hypnologue doit rechercher une conciliation, au besoin par l&rsquo;interm\u00e9diaire du comit\u00e9 \u00e9thique.<br \/>\nTout hypnologue doit veiller constamment \u00e0 ne pas d\u00e9consid\u00e9rer la profession ou ses confr\u00e8res par un comportement indigne, m\u00eame en dehors du cadre de son exercice professionnel.\n<strong>Art 11. Concurrence, client\u00e8le et assurance<\/strong><br \/>\nL&rsquo;hypnologue d&rsquo;exercice lib\u00e9ral ne doit pas d\u00e9tourner \u00e0 son profit les clients d&rsquo;un confr\u00e8re ou ceux qui lui sont confi\u00e9s de fa\u00e7on temporaire. Est proscrite toute pratique constituant une concurrence d\u00e9loyale. L&rsquo;hypnologue doit assurer sa responsabilit\u00e9 professionnelle dans une mesure raisonnable eu \u00e9gard \u00e0 la nature et \u00e0 l&rsquo;importance des risques encourus.\n\t\t\t\t\t\t\t\t<a href=\"https:\/\/lecorpsalame.fr\/\" target=\"_self\" itemprop=\"url\">\n\t\t\t\t\t\t\t\t\t<img loading=\"lazy\" decoding=\"async\" src=\"https:\/\/lecorpsalame.fr\/wp-content\/uploads\/2024\/05\/Favicon.png\" alt=\"Favicon\" itemprop=\"image\" height=\"5167\" width=\"5167\" srcset=\"https:\/\/lecorpsalame.fr\/wp-content\/uploads\/2024\/05\/Favicon.png 5167w, https:\/\/lecorpsalame.fr\/wp-content\/uploads\/2024\/05\/Favicon-300x300.png 300w, https:\/\/lecorpsalame.fr\/wp-content\/uploads\/2024\/05\/Favicon-1024x1024.png 1024w, https:\/\/lecorpsalame.fr\/wp-content\/uploads\/2024\/05\/Favicon-150x150.png 150w, https:\/\/lecorpsalame.fr\/wp-content\/uploads\/2024\/05\/Favicon-768x768.png 768w, https:\/\/lecorpsalame.fr\/wp-content\/uploads\/2024\/05\/Favicon-1536x1536.png 1536w, https:\/\/lecorpsalame.fr\/wp-content\/uploads\/2024\/05\/Favicon-2048x2048.png 2048w\" sizes=\"auto, (max-width: 5167px) 100vw, 5167px\" title=\"Favicon\" onerror=\"this.style.display='none'\"  \/>\n\t\t\t\t\t\t\t\t\t\t\t\t\t<\/a>\n\t<p><a href=\"https:\/\/lecorpsalame.fr\/index.php\/presentation\/\"><strong>Pr\u00e9sentation<\/strong><\/a><\/p>\n<strong>Les soins<br \/>\n<\/strong><a href=\"https:\/\/lecorpsalame.fr\/index.php\/hypnose\/\">Hypnose<\/a><br \/>\n<a href=\"https:\/\/lecorpsalame.fr\/index.php\/reflexologie\/\">R\u00e9flexologie<\/a><br \/>\n<a href=\"https:\/\/lecorpsalame.fr\/index.php\/massage-des-5-continents\/\">Massage des 5 continents<\/a>\n<p><a href=\"https:\/\/lecorpsalame.fr\/index.php\/infos-pratiques\/\"><strong>Infos pratiques<\/strong><\/a><\/p>\n\t<strong>Emilie Laouchet (EI)<\/strong><br \/>\n18 Chemin de la Sesti\u00e8re<br \/>\n84240 LA TOUR D&rsquo;AIGUES\n06 29 81 62 89<br \/>\n<a href=\"mailto:contact@lecorpsalame.fr\">contact@lecorpsalame.fr<\/a>\n\t\t<link itemprop=\"url\" href=\"https:\/\/lecorpsalame.fr\"\/>\n\t\t<a itemprop=\"sameAs\" href=\"https:\/\/www.facebook.com\/profile.php?id=61557429104822\" target=\"_blank\" title=\"\" aria-label=\"\" role=\"button\" rel=\"noopener noreferrer external\">\n\t\t\t\t\t<\/a>\n\t\t<link itemprop=\"url\" href=\"https:\/\/lecorpsalame.fr\"\/>\n\t\t<a itemprop=\"sameAs\" href=\"https:\/\/www.instagram.com\/lecorpsalame_reflexo\/\" target=\"_blank\" title=\"Instagram\" aria-label=\"Instagram\" role=\"button\" rel=\"noopener noreferrer external\">\n\t\t\t\t\t<\/a>\n\t<a href=\"https:\/\/lecorpsalame.fr\/index.php\/code-de-deontologie-en-hypnose\/\">Code de d\u00e9ontologie en hypnose<\/a><br \/>\n<a href=\"https:\/\/lecorpsalame.fr\/index.php\/charte-ethique-de-lhypnologue\/\">Charte \u00e9thique de l&rsquo;hypnologue<\/a>\n\t\t\t<a href=\"https:\/\/lecorpsalame.fr\/index.php\/contact\/\" target=\"_self\">\n\t\t\t\t\t\t\tContactez-moi\n\t\t\t<\/a>\n\t<p>\u00a9 2024 Le Corps \u00e0 l&rsquo;Ame \u00b7 Tous droit r\u00e9serv\u00e9s \u00b7 <a href=\"https:\/\/lecorpsalame.fr\/index.php\/mentions-legales\/\">Mentions l\u00e9gales<\/a> \u00b7 <a href=\"https:\/\/lecorpsalame.fr\/index.php\/politique-de-donnees-personnelles\/\">Politique de donn\u00e9es personnelles<\/a><\/p>\n\n","protected":false},"excerpt":{"rendered":"<p>Code de d\u00e9ontologie en hypnose La d\u00e9ontologie du praticien ARCHE (Acad\u00e9mie de Recherche et Connaissances en Hypnose Ericksonienne) &nbsp; Art 1. Respect des droits fondamentaux L&rsquo;hypnologue exerce sa mission dans le respect de la dignit\u00e9 humaine, de la vie personnelle, priv\u00e9e et familiale de la personne. Art 2. Moralit\u00e9, probit\u00e9 et humanit\u00e9 Les principes essentiels&hellip;<\/p>\n","protected":false},"author":1,"featured_media":0,"parent":0,"menu_order":0,"comment_status":"closed","ping_status":"closed","template":"","meta":{"footnotes":""},"class_list":["post-89","page","type-page","status-publish","hentry"],"yoast_head":"<!-- This site is optimized with the Yoast SEO plugin v24.0 - https:\/\/yoast.com\/wordpress\/plugins\/seo\/ -->\n<title>Code de d\u00e9ontologie en hypnose - Le Corps \u00e0 l&#039;\u00c2me<\/title>\n<meta name=\"description\" content=\"Vous trouverez sur cette page les r\u00e8gles du code de d\u00e9ontologie des hypnologues en France, auxquelles j&#039;adh\u00e8re\" \/>\n<meta name=\"robots\" content=\"index, follow, max-snippet:-1, max-image-preview:large, max-video-preview:-1\" \/>\n<link rel=\"canonical\" href=\"https:\/\/lecorpsalame.fr\/index.php\/code-de-deontologie-en-hypnose\/\" \/>\n<meta property=\"og:locale\" content=\"fr_FR\" \/>\n<meta property=\"og:type\" content=\"article\" \/>\n<meta property=\"og:title\" content=\"Code de d\u00e9ontologie en hypnose - Le Corps \u00e0 l&#039;\u00c2me\" \/>\n<meta property=\"og:description\" content=\"Vous trouverez sur cette page les r\u00e8gles du code de d\u00e9ontologie des hypnologues en France, auxquelles j&#039;adh\u00e8re\" \/>\n<meta property=\"og:url\" content=\"https:\/\/lecorpsalame.fr\/index.php\/code-de-deontologie-en-hypnose\/\" \/>\n<meta property=\"og:site_name\" content=\"Le Corps \u00e0 l&#039;\u00c2me\" \/>\n<meta property=\"article:modified_time\" content=\"2024-11-25T10:14:58+00:00\" \/>\n<meta property=\"og:image\" content=\"https:\/\/lecorpsalame.fr\/wp-content\/uploads\/2024\/05\/Favicon.png\" \/>\n<meta name=\"twitter:card\" content=\"summary_large_image\" \/>\n<meta name=\"twitter:label1\" content=\"Dur\u00e9e de lecture estim\u00e9e\" \/>\n\t<meta name=\"twitter:data1\" content=\"7 minutes\" \/>\n<script type=\"application\/ld+json\" class=\"yoast-schema-graph\">{\"@context\":\"https:\/\/schema.org\",\"@graph\":[{\"@type\":\"WebPage\",\"@id\":\"https:\/\/lecorpsalame.fr\/index.php\/code-de-deontologie-en-hypnose\/\",\"url\":\"https:\/\/lecorpsalame.fr\/index.php\/code-de-deontologie-en-hypnose\/\",\"name\":\"Code de d\u00e9ontologie en hypnose - Le Corps \u00e0 l&#039;\u00c2me\",\"isPartOf\":{\"@id\":\"https:\/\/lecorpsalame.fr\/#website\"},\"primaryImageOfPage\":{\"@id\":\"https:\/\/lecorpsalame.fr\/index.php\/code-de-deontologie-en-hypnose\/#primaryimage\"},\"image\":{\"@id\":\"https:\/\/lecorpsalame.fr\/index.php\/code-de-deontologie-en-hypnose\/#primaryimage\"},\"thumbnailUrl\":\"https:\/\/lecorpsalame.fr\/wp-content\/uploads\/2024\/05\/Favicon.png\",\"datePublished\":\"2024-06-09T15:17:57+00:00\",\"dateModified\":\"2024-11-25T10:14:58+00:00\",\"description\":\"Vous trouverez sur cette page les r\u00e8gles du code de d\u00e9ontologie des hypnologues en France, auxquelles j'adh\u00e8re\",\"breadcrumb\":{\"@id\":\"https:\/\/lecorpsalame.fr\/index.php\/code-de-deontologie-en-hypnose\/#breadcrumb\"},\"inLanguage\":\"fr-FR\",\"potentialAction\":[{\"@type\":\"ReadAction\",\"target\":[\"https:\/\/lecorpsalame.fr\/index.php\/code-de-deontologie-en-hypnose\/\"]}]},{\"@type\":\"ImageObject\",\"inLanguage\":\"fr-FR\",\"@id\":\"https:\/\/lecorpsalame.fr\/index.php\/code-de-deontologie-en-hypnose\/#primaryimage\",\"url\":\"https:\/\/lecorpsalame.fr\/wp-content\/uploads\/2024\/05\/Favicon.png\",\"contentUrl\":\"https:\/\/lecorpsalame.fr\/wp-content\/uploads\/2024\/05\/Favicon.png\"},{\"@type\":\"BreadcrumbList\",\"@id\":\"https:\/\/lecorpsalame.fr\/index.php\/code-de-deontologie-en-hypnose\/#breadcrumb\",\"itemListElement\":[{\"@type\":\"ListItem\",\"position\":1,\"name\":\"Accueil\",\"item\":\"https:\/\/lecorpsalame.fr\/\"},{\"@type\":\"ListItem\",\"position\":2,\"name\":\"Code de d\u00e9ontologie en hypnose\"}]},{\"@type\":\"WebSite\",\"@id\":\"https:\/\/lecorpsalame.fr\/#website\",\"url\":\"https:\/\/lecorpsalame.fr\/\",\"name\":\"Le Corps \u00e0 l'\u00c2me\",\"description\":\"Massages &amp; Soins \u00e9nerg\u00e9tiques\",\"potentialAction\":[{\"@type\":\"SearchAction\",\"target\":{\"@type\":\"EntryPoint\",\"urlTemplate\":\"https:\/\/lecorpsalame.fr\/?s={search_term_string}\"},\"query-input\":{\"@type\":\"PropertyValueSpecification\",\"valueRequired\":true,\"valueName\":\"search_term_string\"}}],\"inLanguage\":\"fr-FR\"}]}<\/script>\n<!-- \/ Yoast SEO plugin. -->","yoast_head_json":{"title":"Code de d\u00e9ontologie en hypnose - Le Corps \u00e0 l&#039;\u00c2me","description":"Vous trouverez sur cette page les r\u00e8gles du code de d\u00e9ontologie des hypnologues en France, auxquelles j'adh\u00e8re","robots":{"index":"index","follow":"follow","max-snippet":"max-snippet:-1","max-image-preview":"max-image-preview:large","max-video-preview":"max-video-preview:-1"},"canonical":"https:\/\/lecorpsalame.fr\/index.php\/code-de-deontologie-en-hypnose\/","og_locale":"fr_FR","og_type":"article","og_title":"Code de d\u00e9ontologie en hypnose - Le Corps \u00e0 l&#039;\u00c2me","og_description":"Vous trouverez sur cette page les r\u00e8gles du code de d\u00e9ontologie des hypnologues en France, auxquelles j'adh\u00e8re","og_url":"https:\/\/lecorpsalame.fr\/index.php\/code-de-deontologie-en-hypnose\/","og_site_name":"Le Corps \u00e0 l&#039;\u00c2me","article_modified_time":"2024-11-25T10:14:58+00:00","og_image":[{"url":"https:\/\/lecorpsalame.fr\/wp-content\/uploads\/2024\/05\/Favicon.png","type":"","width":"","height":""}],"twitter_card":"summary_large_image","twitter_misc":{"Dur\u00e9e de lecture estim\u00e9e":"7 minutes"},"schema":{"@context":"https:\/\/schema.org","@graph":[{"@type":"WebPage","@id":"https:\/\/lecorpsalame.fr\/index.php\/code-de-deontologie-en-hypnose\/","url":"https:\/\/lecorpsalame.fr\/index.php\/code-de-deontologie-en-hypnose\/","name":"Code de d\u00e9ontologie en hypnose - Le Corps \u00e0 l&#039;\u00c2me","isPartOf":{"@id":"https:\/\/lecorpsalame.fr\/#website"},"primaryImageOfPage":{"@id":"https:\/\/lecorpsalame.fr\/index.php\/code-de-deontologie-en-hypnose\/#primaryimage"},"image":{"@id":"https:\/\/lecorpsalame.fr\/index.php\/code-de-deontologie-en-hypnose\/#primaryimage"},"thumbnailUrl":"https:\/\/lecorpsalame.fr\/wp-content\/uploads\/2024\/05\/Favicon.png","datePublished":"2024-06-09T15:17:57+00:00","dateModified":"2024-11-25T10:14:58+00:00","description":"Vous trouverez sur cette page les r\u00e8gles du code de d\u00e9ontologie des hypnologues en France, auxquelles j'adh\u00e8re","breadcrumb":{"@id":"https:\/\/lecorpsalame.fr\/index.php\/code-de-deontologie-en-hypnose\/#breadcrumb"},"inLanguage":"fr-FR","potentialAction":[{"@type":"ReadAction","target":["https:\/\/lecorpsalame.fr\/index.php\/code-de-deontologie-en-hypnose\/"]}]},{"@type":"ImageObject","inLanguage":"fr-FR","@id":"https:\/\/lecorpsalame.fr\/index.php\/code-de-deontologie-en-hypnose\/#primaryimage","url":"https:\/\/lecorpsalame.fr\/wp-content\/uploads\/2024\/05\/Favicon.png","contentUrl":"https:\/\/lecorpsalame.fr\/wp-content\/uploads\/2024\/05\/Favicon.png"},{"@type":"BreadcrumbList","@id":"https:\/\/lecorpsalame.fr\/index.php\/code-de-deontologie-en-hypnose\/#breadcrumb","itemListElement":[{"@type":"ListItem","position":1,"name":"Accueil","item":"https:\/\/lecorpsalame.fr\/"},{"@type":"ListItem","position":2,"name":"Code de d\u00e9ontologie en hypnose"}]},{"@type":"WebSite","@id":"https:\/\/lecorpsalame.fr\/#website","url":"https:\/\/lecorpsalame.fr\/","name":"Le Corps \u00e0 l'\u00c2me","description":"Massages &amp; Soins \u00e9nerg\u00e9tiques","potentialAction":[{"@type":"SearchAction","target":{"@type":"EntryPoint","urlTemplate":"https:\/\/lecorpsalame.fr\/?s={search_term_string}"},"query-input":{"@type":"PropertyValueSpecification","valueRequired":true,"valueName":"search_term_string"}}],"inLanguage":"fr-FR"}]}},"_links":{"self":[{"href":"https:\/\/lecorpsalame.fr\/index.php\/wp-json\/wp\/v2\/pages\/89","targetHints":{"allow":["GET"]}}],"collection":[{"href":"https:\/\/lecorpsalame.fr\/index.php\/wp-json\/wp\/v2\/pages"}],"about":[{"href":"https:\/\/lecorpsalame.fr\/index.php\/wp-json\/wp\/v2\/types\/page"}],"author":[{"embeddable":true,"href":"https:\/\/lecorpsalame.fr\/index.php\/wp-json\/wp\/v2\/users\/1"}],"replies":[{"embeddable":true,"href":"https:\/\/lecorpsalame.fr\/index.php\/wp-json\/wp\/v2\/comments?post=89"}],"version-history":[{"count":7,"href":"https:\/\/lecorpsalame.fr\/index.php\/wp-json\/wp\/v2\/pages\/89\/revisions"}],"predecessor-version":[{"id":358,"href":"https:\/\/lecorpsalame.fr\/index.php\/wp-json\/wp\/v2\/pages\/89\/revisions\/358"}],"wp:attachment":[{"href":"https:\/\/lecorpsalame.fr\/index.php\/wp-json\/wp\/v2\/media?parent=89"}],"curies":[{"name":"wp","href":"https:\/\/api.w.org\/{rel}","templated":true}]}}