{"id":87,"date":"2024-06-10T08:23:05","date_gmt":"2024-06-10T06:23:05","guid":{"rendered":"https:\/\/lecorpsalame.fr\/?page_id=87"},"modified":"2024-12-13T10:58:26","modified_gmt":"2024-12-13T09:58:26","slug":"reflexologie","status":"publish","type":"page","link":"https:\/\/lecorpsalame.fr\/index.php\/reflexologie\/","title":{"rendered":"R\u00e9flexologie"},"content":{"rendered":"\n<h1>\n\t\tLa r\u00e9flexologie\n\t<\/h1>\n<h2>\n\t\tQu&rsquo;est-ce que la r\u00e9flexologie ?\n\t<\/h2>\n\t<p><strong>La r\u00e9flexologie est un art ancestral, on peut remonter ses origines jusqu&rsquo;\u00e0 2330 avant JC sur des pictogrammes \u00e9gyptiens, dans le tombeau d&rsquo;Ankhmahor, un pharaon m\u00e9decin.<\/strong><\/p>\n<p>On peut observer des sc\u00e8nes qui s&rsquo;apparentent \u00e0 de la r\u00e9flexologie moderne, sur son sarcophage, avec des hi\u00e9roglyphes se traduisant par : \u00ab Veuillez apaiser la douleur. \u00bb<\/p>\n<p>La r\u00e9flexologie est donc une technique manuelle ancestrale qui fait partie des techniques naturelles d&rsquo;auto-r\u00e9gulation du corps humain.<\/p>\n\t\t\t<a href=\"https:\/\/lecorpsalame.fr\/index.php\/reflexologie\/#origines\" target=\"_self\">\n\t\t\t\t\t\t\tD\u00e9couvrir ses origines\n\t\t\t<\/a>\n\t<h3>Elle est bas\u00e9e sur le principe suivant : il existe sur plusieurs parties du corps une repr\u00e9sentation miniaturis\u00e9e du corps humain, \u00e0 chaque zone r\u00e9flexe correspond un organe, une glande ou une partie sp\u00e9cifique du corps. Des pressions rythm\u00e9es appliqu\u00e9es sur ces zones r\u00e9flexes permettent de localiser les tensions et de r\u00e9tablir l&rsquo;\u00e9quilibre des parties correspondantes.<\/h3>\n\t\t\t\t\t\t\t\t\t<img decoding=\"async\" src=\"https:\/\/lecorpsalame.fr\/wp-content\/uploads\/bb-plugin\/cache\/pexels-polina-tankilevitch-3875103-1-scaled-square.jpg\" alt=\"pexels-polina-tankilevitch-3875103\" itemprop=\"image\" title=\"pexels-polina-tankilevitch-3875103\" onerror=\"this.style.display='none'\"  \/>\n<h2>\n\t\tSes origines\n\t<\/h2>\n\t<p><strong>Il existe diverses formes de r\u00e9flexologie<\/strong>, telle que la r\u00e9flexologie plantaire (pied) la r\u00e9flexologie faciale (visage), la r\u00e9flexologie palmaire (main), la r\u00e9flexologie auriculaire (oreilles), etc.<\/p>\n<p><strong>On recense \u00e9galement diverses influences<\/strong> \u00e0 travers les \u00e2ges, depuis l&rsquo;Egypte ancienne, puis l&rsquo;Asie, l&rsquo;Inde&#8230;<\/p>\n\t\t\t<a href=\"https:\/\/lecorpsalame.fr\/index.php\/reflexologie\/#apps\" target=\"_self\">\n\t\t\t\t\t\t\tPourquoi faire appel \u00e0 la r\u00e9flexologie ?\n\t\t\t<\/a>\n\t<h3>Dans nos \u00e9poques modernes, il est reconnu 2 figures essentielles au d\u00e9veloppement de la R\u00e9flexologie :<\/h3>\n\t\t\t\t\t\t\t\t\t<img decoding=\"async\" src=\"https:\/\/lecorpsalame.fr\/wp-content\/uploads\/bb-plugin\/cache\/fitz-circle.png\" alt=\"fitz\" itemprop=\"image\" title=\"fitz\" onerror=\"this.style.display='none'\"  \/>\n\t<p><strong>Le Dr Fitzgerald<\/strong><\/p>\n<p>M\u00e9decin du d\u00e9but du 20\u00e8 si\u00e8cle, sp\u00e9cialis\u00e9 en ORL, il est un des premiers \u00e0 s&rsquo;int\u00e9resser \u00e0 cette technique consistant \u00e0 traiter par les pieds. Il propose alors un d\u00e9coupage du corps en 10 zones longitudinales et verticales, du haut de la t\u00eate au bout des orteils. Il l&rsquo;appellera : La Th\u00e9rapie Zonale. Il constate alors que des pressions pr\u00e9cises sur un doigt, un orteil, produisent des effets antalgiques \u00e0 distance sur les 10 zones du corps, et que par cons\u00e9quent, ces pressions entrainent des accalmies sur les zones douloureuses. Il utilisera notamment cette technique lors de ces op\u00e9rations ORL.<\/p>\n\t\t\t\t\t\t\t\t\t<img decoding=\"async\" src=\"https:\/\/lecorpsalame.fr\/wp-content\/uploads\/bb-plugin\/cache\/eunice-circle.png\" alt=\"eunice\" itemprop=\"image\" title=\"eunice\" onerror=\"this.style.display='none'\"  \/>\n\t<p><strong>Le Dr Eunice Ingham <\/strong><\/p>\n<p>Le Dr Ingham \u00e9tait une Physioth\u00e9rapeute et collaboratrice du Dr Fitzgerald au d\u00e9but du 20\u00e8 si\u00e8cle, elle poursuivra ses travaux de recherche et affinera le rep\u00e9rage des zones. Elle mettra au point une r\u00e9elle cartographie des mains et des pieds, o\u00f9 le corps entier est repr\u00e9sent\u00e9. Elle \u00e9crira \u00e9galement le 1er ouvrage de r\u00e9flexologie, elle est encore \u00e0 ce jour consid\u00e9r\u00e9e comme la pionni\u00e8re de la r\u00e9flexologie moderne depuis les ann\u00e9es 1930. Elle est \u00e0 l&rsquo;origine de la \u00ab m\u00e9thode Ingham \u00bb, majoritairement enseign\u00e9e dans une multitude d&rsquo;\u00e9cole depuis des d\u00e9cennies.<\/p>\n<h2>\n\t\tSes applications\n\t<\/h2>\n\t<p><strong>La r\u00e9flexologie peut s&rsquo;adresser \u00e0 tout public, b\u00e9b\u00e9, enfant, adolescent, adulte, sportif, personnes en cours de traitement.<\/strong><\/p>\n<p>Autant en accompagnement et pr\u00e9vention \u00e0 la sant\u00e9 qu&rsquo;en soutien, la r\u00e9flexologie a pour application principales :<\/p>\n\t\t\t\t\t\t\t\t\t<img decoding=\"async\" src=\"http:\/\/lecorpsalame.fr\/wp-content\/uploads\/2024\/06\/relaxer.png\" alt=\"relaxer\" itemprop=\"image\" srcset=\"https:\/\/lecorpsalame.fr\/wp-content\/uploads\/2024\/06\/relaxer.png 2044w, https:\/\/lecorpsalame.fr\/wp-content\/uploads\/2024\/06\/relaxer-300x300.png 300w, https:\/\/lecorpsalame.fr\/wp-content\/uploads\/2024\/06\/relaxer-1024x1024.png 1024w, https:\/\/lecorpsalame.fr\/wp-content\/uploads\/2024\/06\/relaxer-150x150.png 150w, https:\/\/lecorpsalame.fr\/wp-content\/uploads\/2024\/06\/relaxer-768x768.png 768w, https:\/\/lecorpsalame.fr\/wp-content\/uploads\/2024\/06\/relaxer-1536x1536.png 1536w\" sizes=\"(max-width: 2044px) 100vw, 2044px\" title=\"relaxer\" onerror=\"this.style.display='none'\"  \/>\n\t<p>Relaxer, le stress \u00e9tant \u00e0 l&rsquo;origine de nombreux dysfonctionnements physiques et psychiques.<\/p>\n\t\t\t\t\t\t\t\t\t<img decoding=\"async\" src=\"http:\/\/lecorpsalame.fr\/wp-content\/uploads\/2024\/06\/circulation.png\" alt=\"circulation\" itemprop=\"image\" srcset=\"https:\/\/lecorpsalame.fr\/wp-content\/uploads\/2024\/06\/circulation.png 2044w, https:\/\/lecorpsalame.fr\/wp-content\/uploads\/2024\/06\/circulation-300x300.png 300w, https:\/\/lecorpsalame.fr\/wp-content\/uploads\/2024\/06\/circulation-1024x1024.png 1024w, https:\/\/lecorpsalame.fr\/wp-content\/uploads\/2024\/06\/circulation-150x150.png 150w, https:\/\/lecorpsalame.fr\/wp-content\/uploads\/2024\/06\/circulation-768x768.png 768w, https:\/\/lecorpsalame.fr\/wp-content\/uploads\/2024\/06\/circulation-1536x1536.png 1536w\" sizes=\"(max-width: 2044px) 100vw, 2044px\" title=\"circulation\" onerror=\"this.style.display='none'\"  \/>\n\t<p>Activer la circulation sanguine et lymphatique, mobiliser les d\u00e9chets, stimuler les \u00e9monctoires et r\u00e9guler le syst\u00e8me nerveux.<\/p>\n\t\t\t\t\t\t\t\t\t<img decoding=\"async\" src=\"http:\/\/lecorpsalame.fr\/wp-content\/uploads\/2024\/06\/fonctionner.png\" alt=\"fonctionner\" itemprop=\"image\" srcset=\"https:\/\/lecorpsalame.fr\/wp-content\/uploads\/2024\/06\/fonctionner.png 2045w, https:\/\/lecorpsalame.fr\/wp-content\/uploads\/2024\/06\/fonctionner-300x300.png 300w, https:\/\/lecorpsalame.fr\/wp-content\/uploads\/2024\/06\/fonctionner-1024x1024.png 1024w, https:\/\/lecorpsalame.fr\/wp-content\/uploads\/2024\/06\/fonctionner-150x150.png 150w, https:\/\/lecorpsalame.fr\/wp-content\/uploads\/2024\/06\/fonctionner-768x768.png 768w, https:\/\/lecorpsalame.fr\/wp-content\/uploads\/2024\/06\/fonctionner-1536x1536.png 1536w\" sizes=\"(max-width: 2045px) 100vw, 2045px\" title=\"fonctionner\" onerror=\"this.style.display='none'\"  \/>\n\t<p>Pr\u00e9venir, soulager, voire \u00e9liminer un grand nombre de troubles et favoriser l&rsquo;auto-r\u00e9gulation corporelle.<\/p>\n<h2>\n\t\tPour en savoir plus\n\t<\/h2>\n\t<p>D\u00e9couvrez ci-dessous de nombreux articles traitant de sujets autour de la r\u00e9flexologie.<\/p>\n\t<meta itemscope itemprop=\"mainEntityOfPage\" itemtype=\"https:\/\/schema.org\/WebPage\" itemid=\"http:\/\/300\" content=\"La R\u00e9flexologie dans le milieu hospitalier\" \/><meta itemprop=\"datePublished\" content=\"2024-06-29\" \/><meta itemprop=\"dateModified\" content=\"2024-08-30\" \/><meta itemprop=\"name\" content=\"Le Corps \u00e0 l&#039;\u00c2me\"\/><meta itemprop=\"url\" content=\"https:\/\/lecorpsalame.fr\/index.php\/author\/admin6975\/\" \/><meta itemprop=\"name\" content=\"admin6975\" \/><meta itemprop=\"url\" content=\"https:\/\/lecorpsalame.fr\/wp-content\/uploads\/2024\/06\/Capture-decran-2024-06-29-120122.png\" \/><meta itemprop=\"width\" content=\"979\" \/><meta itemprop=\"height\" content=\"533\" \/><meta itemprop=\"interactionType\" content=\"https:\/\/schema.org\/CommentAction\" \/><meta itemprop=\"userInteractionCount\" content=\"0\" \/>\n\t\t\t\t\t<a href=\"https:\/\/lecorpsalame.fr\/index.php\/2024\/06\/29\/la-reflexologie-dans-le-milieu-hospitalier\/\" title=\"La R\u00e9flexologie dans le milieu hospitalier\"><\/a>\n\t\t\t\t<img loading=\"lazy\" decoding=\"async\" src=\"https:\/\/lecorpsalame.fr\/wp-content\/uploads\/bb-plugin\/cache\/Capture-decran-2024-06-29-120122-landscape-4bda222c929930e9188519469c16a167-.png\" alt=\"Capture d'\u00e9cran 2024-06-29 120122\" itemprop=\"image\" data-no-lazy=\"1\" height=\"533\" width=\"979\" title=\"Capture d'\u00e9cran 2024-06-29 120122\" onerror=\"this.style.display='none'\"  \/>\n\t\t\t\t\t\t\t\t\t<h3 itemprop=\"headline\">\n\t\t\t\t\t\t\t\t\t\t\t\t\t\tLa R\u00e9flexologie dans le milieu hospitalier\t\t\t\t\t\t\t\t\t\t\t<\/h3>\n\t\t\t29 juin 2024\t\t\t\t\t\t\n\t<meta itemscope itemprop=\"mainEntityOfPage\" itemtype=\"https:\/\/schema.org\/WebPage\" itemid=\"http:\/\/298\" content=\"La R\u00e9flexologie : Pour quoi ? Pour qui ?\" \/><meta itemprop=\"datePublished\" content=\"2024-06-29\" \/><meta itemprop=\"dateModified\" content=\"2024-08-30\" \/><meta itemprop=\"name\" content=\"Le Corps \u00e0 l&#039;\u00c2me\"\/><meta itemprop=\"url\" content=\"https:\/\/lecorpsalame.fr\/index.php\/author\/admin6975\/\" \/><meta itemprop=\"name\" content=\"admin6975\" \/><meta itemprop=\"url\" content=\"https:\/\/lecorpsalame.fr\/wp-content\/uploads\/2024\/06\/visuel-Reflexo-Sens.png\" \/><meta itemprop=\"width\" content=\"471\" \/><meta itemprop=\"height\" content=\"132\" \/><meta itemprop=\"interactionType\" content=\"https:\/\/schema.org\/CommentAction\" \/><meta itemprop=\"userInteractionCount\" content=\"0\" \/>\n\t\t\t\t\t<a href=\"https:\/\/lecorpsalame.fr\/index.php\/2024\/06\/29\/la-reflexologie-pour-quoi-pour-qui\/\" title=\"La R\u00e9flexologie : Pour quoi ? Pour qui ?\"><\/a>\n\t\t\t\t<img loading=\"lazy\" decoding=\"async\" src=\"https:\/\/lecorpsalame.fr\/wp-content\/uploads\/bb-plugin\/cache\/visuel-Reflexo-Sens-landscape-8ff037eaabc2c55799b6fc599189903a-.png\" alt=\"visuel R\u00e9flexo Sen's\" itemprop=\"image\" data-no-lazy=\"1\" height=\"132\" width=\"471\" title=\"visuel R\u00e9flexo Sen's\" onerror=\"this.style.display='none'\"  \/>\n\t\t\t\t\t\t\t\t\t<h3 itemprop=\"headline\">\n\t\t\t\t\t\t\t\t\t\t\t\t\t\tLa R\u00e9flexologie : Pour quoi ? Pour qui ?\t\t\t\t\t\t\t\t\t\t\t<\/h3>\n\t\t\t29 juin 2024\t\t\t\t\t\t\n\t\t<!-- .pp-content-posts -->\n<h2>\n\t\tVous souhaitez prendre rendez-vous pour prendre soin de vous ?\n\t<\/h2>\n\t\t\t<a href=\"https:\/\/lecorpsalame.fr\/index.php\/contact\/\" target=\"_self\">\n\t\t\t\t\t\t\tContactez-moi\n\t\t\t<\/a>\n\t\t\t\t\t\t\t\t<a href=\"https:\/\/lecorpsalame.fr\/\" target=\"_self\" itemprop=\"url\">\n\t\t\t\t\t\t\t\t\t<img loading=\"lazy\" decoding=\"async\" src=\"https:\/\/lecorpsalame.fr\/wp-content\/uploads\/2024\/05\/Favicon.png\" alt=\"Favicon\" itemprop=\"image\" height=\"5167\" width=\"5167\" srcset=\"https:\/\/lecorpsalame.fr\/wp-content\/uploads\/2024\/05\/Favicon.png 5167w, https:\/\/lecorpsalame.fr\/wp-content\/uploads\/2024\/05\/Favicon-300x300.png 300w, https:\/\/lecorpsalame.fr\/wp-content\/uploads\/2024\/05\/Favicon-1024x1024.png 1024w, https:\/\/lecorpsalame.fr\/wp-content\/uploads\/2024\/05\/Favicon-150x150.png 150w, https:\/\/lecorpsalame.fr\/wp-content\/uploads\/2024\/05\/Favicon-768x768.png 768w, https:\/\/lecorpsalame.fr\/wp-content\/uploads\/2024\/05\/Favicon-1536x1536.png 1536w, https:\/\/lecorpsalame.fr\/wp-content\/uploads\/2024\/05\/Favicon-2048x2048.png 2048w\" sizes=\"auto, (max-width: 5167px) 100vw, 5167px\" title=\"Favicon\" onerror=\"this.style.display='none'\"  \/>\n\t\t\t\t\t\t\t\t\t\t\t\t\t<\/a>\n\t<p><a href=\"https:\/\/lecorpsalame.fr\/index.php\/presentation\/\"><strong>Pr\u00e9sentation<\/strong><\/a><\/p>\n<strong>Les soins<br \/>\n<\/strong><a href=\"https:\/\/lecorpsalame.fr\/index.php\/hypnose\/\">Hypnose<\/a><br \/>\n<a href=\"https:\/\/lecorpsalame.fr\/index.php\/reflexologie\/\">R\u00e9flexologie<\/a><br \/>\n<a href=\"https:\/\/lecorpsalame.fr\/index.php\/massage-des-5-continents\/\">Massage des 5 continents<\/a>\n<p><a href=\"https:\/\/lecorpsalame.fr\/index.php\/infos-pratiques\/\"><strong>Infos pratiques<\/strong><\/a><\/p>\n\t<strong>Emilie Laouchet (EI)<\/strong><br \/>\n18 Chemin de la Sesti\u00e8re<br \/>\n84240 LA TOUR D&rsquo;AIGUES\n06 29 81 62 89<br \/>\n<a href=\"mailto:contact@lecorpsalame.fr\">contact@lecorpsalame.fr<\/a>\n\t\t<link itemprop=\"url\" href=\"https:\/\/lecorpsalame.fr\"\/>\n\t\t<a itemprop=\"sameAs\" href=\"https:\/\/www.facebook.com\/profile.php?id=61557429104822\" target=\"_blank\" title=\"\" aria-label=\"\" role=\"button\" rel=\"noopener noreferrer external\">\n\t\t\t\t\t<\/a>\n\t\t<link itemprop=\"url\" href=\"https:\/\/lecorpsalame.fr\"\/>\n\t\t<a itemprop=\"sameAs\" href=\"https:\/\/www.instagram.com\/lecorpsalame_reflexo\/\" target=\"_blank\" title=\"Instagram\" aria-label=\"Instagram\" role=\"button\" rel=\"noopener noreferrer external\">\n\t\t\t\t\t<\/a>\n\t<a href=\"https:\/\/lecorpsalame.fr\/index.php\/code-de-deontologie-en-hypnose\/\">Code de d\u00e9ontologie en hypnose<\/a><br \/>\n<a href=\"https:\/\/lecorpsalame.fr\/index.php\/charte-ethique-de-lhypnologue\/\">Charte \u00e9thique de l&rsquo;hypnologue<\/a><br \/>\n<a href=\"https:\/\/lecorpsalame.fr\/index.php\/conditions-generales-de-vente\/\">Conditions g\u00e9n\u00e9rales de vente (CGV)<\/a>\n\t\t\t<a href=\"https:\/\/lecorpsalame.fr\/index.php\/contact\/\" target=\"_self\">\n\t\t\t\t\t\t\tContactez-moi\n\t\t\t<\/a>\n\t<p>\u00a9 2024 Le Corps \u00e0 l&rsquo;Ame \u00b7 Tous droit r\u00e9serv\u00e9s \u00b7 <a href=\"https:\/\/lecorpsalame.fr\/index.php\/mentions-legales\/\">Mentions l\u00e9gales<\/a> \u00b7 <a href=\"https:\/\/lecorpsalame.fr\/index.php\/politique-de-donnees-personnelles\/\">Politique de donn\u00e9es personnelles<\/a><\/p>\n\n","protected":false},"excerpt":{"rendered":"<p>La r\u00e9flexologie Qu&rsquo;est-ce que la r\u00e9flexologie ? La r\u00e9flexologie est un art ancestral, on peut remonter ses origines jusqu&rsquo;\u00e0 2330 avant JC sur des pictogrammes \u00e9gyptiens, dans le tombeau d&rsquo;Ankhmahor, un pharaon m\u00e9decin. On peut observer des sc\u00e8nes qui s&rsquo;apparentent \u00e0 de la r\u00e9flexologie moderne, sur son sarcophage, avec des hi\u00e9roglyphes se traduisant par :&hellip;<\/p>\n","protected":false},"author":1,"featured_media":0,"parent":0,"menu_order":0,"comment_status":"closed","ping_status":"closed","template":"","meta":{"footnotes":""},"class_list":["post-87","page","type-page","status-publish","hentry"],"yoast_head":"<!-- This site is optimized with the Yoast SEO plugin v24.0 - https:\/\/yoast.com\/wordpress\/plugins\/seo\/ -->\n<title>R\u00e9flexologie - Le Corps \u00e0 l&#039;\u00c2me<\/title>\n<meta name=\"description\" content=\"Vous trouverez ici les origines de la r\u00e9flexologie et le d\u00e9tail des pratiques que je propose : palmaire, faciale, plantaire et auriculaire\" \/>\n<meta name=\"robots\" content=\"index, follow, max-snippet:-1, max-image-preview:large, max-video-preview:-1\" \/>\n<link rel=\"canonical\" href=\"https:\/\/lecorpsalame.fr\/index.php\/reflexologie\/\" \/>\n<meta property=\"og:locale\" content=\"fr_FR\" \/>\n<meta property=\"og:type\" content=\"article\" \/>\n<meta property=\"og:title\" content=\"R\u00e9flexologie - Le Corps \u00e0 l&#039;\u00c2me\" \/>\n<meta property=\"og:description\" content=\"Vous trouverez ici les origines de la r\u00e9flexologie et le d\u00e9tail des pratiques que je propose : palmaire, faciale, plantaire et auriculaire\" \/>\n<meta property=\"og:url\" content=\"https:\/\/lecorpsalame.fr\/index.php\/reflexologie\/\" \/>\n<meta property=\"og:site_name\" content=\"Le Corps \u00e0 l&#039;\u00c2me\" \/>\n<meta property=\"article:modified_time\" content=\"2024-12-13T09:58:26+00:00\" \/>\n<meta property=\"og:image\" content=\"https:\/\/lecorpsalame.fr\/wp-content\/uploads\/bb-plugin\/cache\/pexels-polina-tankilevitch-3875103-1-scaled-square.jpg\" \/>\n<meta name=\"twitter:card\" content=\"summary_large_image\" \/>\n<meta name=\"twitter:label1\" content=\"Dur\u00e9e de lecture estim\u00e9e\" \/>\n\t<meta name=\"twitter:data1\" content=\"5 minutes\" \/>\n<script type=\"application\/ld+json\" class=\"yoast-schema-graph\">{\"@context\":\"https:\/\/schema.org\",\"@graph\":[{\"@type\":\"WebPage\",\"@id\":\"https:\/\/lecorpsalame.fr\/index.php\/reflexologie\/\",\"url\":\"https:\/\/lecorpsalame.fr\/index.php\/reflexologie\/\",\"name\":\"R\u00e9flexologie - Le Corps \u00e0 l&#039;\u00c2me\",\"isPartOf\":{\"@id\":\"https:\/\/lecorpsalame.fr\/#website\"},\"primaryImageOfPage\":{\"@id\":\"https:\/\/lecorpsalame.fr\/index.php\/reflexologie\/#primaryimage\"},\"image\":{\"@id\":\"https:\/\/lecorpsalame.fr\/index.php\/reflexologie\/#primaryimage\"},\"thumbnailUrl\":\"https:\/\/lecorpsalame.fr\/wp-content\/uploads\/bb-plugin\/cache\/pexels-polina-tankilevitch-3875103-1-scaled-square.jpg\",\"datePublished\":\"2024-06-10T06:23:05+00:00\",\"dateModified\":\"2024-12-13T09:58:26+00:00\",\"description\":\"Vous trouverez ici les origines de la r\u00e9flexologie et le d\u00e9tail des pratiques que je propose : palmaire, faciale, plantaire et auriculaire\",\"breadcrumb\":{\"@id\":\"https:\/\/lecorpsalame.fr\/index.php\/reflexologie\/#breadcrumb\"},\"inLanguage\":\"fr-FR\",\"potentialAction\":[{\"@type\":\"ReadAction\",\"target\":[\"https:\/\/lecorpsalame.fr\/index.php\/reflexologie\/\"]}]},{\"@type\":\"ImageObject\",\"inLanguage\":\"fr-FR\",\"@id\":\"https:\/\/lecorpsalame.fr\/index.php\/reflexologie\/#primaryimage\",\"url\":\"https:\/\/lecorpsalame.fr\/wp-content\/uploads\/bb-plugin\/cache\/pexels-polina-tankilevitch-3875103-1-scaled-square.jpg\",\"contentUrl\":\"https:\/\/lecorpsalame.fr\/wp-content\/uploads\/bb-plugin\/cache\/pexels-polina-tankilevitch-3875103-1-scaled-square.jpg\"},{\"@type\":\"BreadcrumbList\",\"@id\":\"https:\/\/lecorpsalame.fr\/index.php\/reflexologie\/#breadcrumb\",\"itemListElement\":[{\"@type\":\"ListItem\",\"position\":1,\"name\":\"Accueil\",\"item\":\"https:\/\/lecorpsalame.fr\/\"},{\"@type\":\"ListItem\",\"position\":2,\"name\":\"R\u00e9flexologie\"}]},{\"@type\":\"WebSite\",\"@id\":\"https:\/\/lecorpsalame.fr\/#website\",\"url\":\"https:\/\/lecorpsalame.fr\/\",\"name\":\"Le Corps \u00e0 l'\u00c2me\",\"description\":\"Massages &amp; Soins \u00e9nerg\u00e9tiques\",\"potentialAction\":[{\"@type\":\"SearchAction\",\"target\":{\"@type\":\"EntryPoint\",\"urlTemplate\":\"https:\/\/lecorpsalame.fr\/?s={search_term_string}\"},\"query-input\":{\"@type\":\"PropertyValueSpecification\",\"valueRequired\":true,\"valueName\":\"search_term_string\"}}],\"inLanguage\":\"fr-FR\"}]}<\/script>\n<!-- \/ Yoast SEO plugin. -->","yoast_head_json":{"title":"R\u00e9flexologie - Le Corps \u00e0 l&#039;\u00c2me","description":"Vous trouverez ici les origines de la r\u00e9flexologie et le d\u00e9tail des pratiques que je propose : palmaire, faciale, plantaire et auriculaire","robots":{"index":"index","follow":"follow","max-snippet":"max-snippet:-1","max-image-preview":"max-image-preview:large","max-video-preview":"max-video-preview:-1"},"canonical":"https:\/\/lecorpsalame.fr\/index.php\/reflexologie\/","og_locale":"fr_FR","og_type":"article","og_title":"R\u00e9flexologie - Le Corps \u00e0 l&#039;\u00c2me","og_description":"Vous trouverez ici les origines de la r\u00e9flexologie et le d\u00e9tail des pratiques que je propose : palmaire, faciale, plantaire et auriculaire","og_url":"https:\/\/lecorpsalame.fr\/index.php\/reflexologie\/","og_site_name":"Le Corps \u00e0 l&#039;\u00c2me","article_modified_time":"2024-12-13T09:58:26+00:00","og_image":[{"url":"https:\/\/lecorpsalame.fr\/wp-content\/uploads\/bb-plugin\/cache\/pexels-polina-tankilevitch-3875103-1-scaled-square.jpg","type":"","width":"","height":""}],"twitter_card":"summary_large_image","twitter_misc":{"Dur\u00e9e de lecture estim\u00e9e":"5 minutes"},"schema":{"@context":"https:\/\/schema.org","@graph":[{"@type":"WebPage","@id":"https:\/\/lecorpsalame.fr\/index.php\/reflexologie\/","url":"https:\/\/lecorpsalame.fr\/index.php\/reflexologie\/","name":"R\u00e9flexologie - Le Corps \u00e0 l&#039;\u00c2me","isPartOf":{"@id":"https:\/\/lecorpsalame.fr\/#website"},"primaryImageOfPage":{"@id":"https:\/\/lecorpsalame.fr\/index.php\/reflexologie\/#primaryimage"},"image":{"@id":"https:\/\/lecorpsalame.fr\/index.php\/reflexologie\/#primaryimage"},"thumbnailUrl":"https:\/\/lecorpsalame.fr\/wp-content\/uploads\/bb-plugin\/cache\/pexels-polina-tankilevitch-3875103-1-scaled-square.jpg","datePublished":"2024-06-10T06:23:05+00:00","dateModified":"2024-12-13T09:58:26+00:00","description":"Vous trouverez ici les origines de la r\u00e9flexologie et le d\u00e9tail des pratiques que je propose : palmaire, faciale, plantaire et auriculaire","breadcrumb":{"@id":"https:\/\/lecorpsalame.fr\/index.php\/reflexologie\/#breadcrumb"},"inLanguage":"fr-FR","potentialAction":[{"@type":"ReadAction","target":["https:\/\/lecorpsalame.fr\/index.php\/reflexologie\/"]}]},{"@type":"ImageObject","inLanguage":"fr-FR","@id":"https:\/\/lecorpsalame.fr\/index.php\/reflexologie\/#primaryimage","url":"https:\/\/lecorpsalame.fr\/wp-content\/uploads\/bb-plugin\/cache\/pexels-polina-tankilevitch-3875103-1-scaled-square.jpg","contentUrl":"https:\/\/lecorpsalame.fr\/wp-content\/uploads\/bb-plugin\/cache\/pexels-polina-tankilevitch-3875103-1-scaled-square.jpg"},{"@type":"BreadcrumbList","@id":"https:\/\/lecorpsalame.fr\/index.php\/reflexologie\/#breadcrumb","itemListElement":[{"@type":"ListItem","position":1,"name":"Accueil","item":"https:\/\/lecorpsalame.fr\/"},{"@type":"ListItem","position":2,"name":"R\u00e9flexologie"}]},{"@type":"WebSite","@id":"https:\/\/lecorpsalame.fr\/#website","url":"https:\/\/lecorpsalame.fr\/","name":"Le Corps \u00e0 l'\u00c2me","description":"Massages &amp; Soins \u00e9nerg\u00e9tiques","potentialAction":[{"@type":"SearchAction","target":{"@type":"EntryPoint","urlTemplate":"https:\/\/lecorpsalame.fr\/?s={search_term_string}"},"query-input":{"@type":"PropertyValueSpecification","valueRequired":true,"valueName":"search_term_string"}}],"inLanguage":"fr-FR"}]}},"_links":{"self":[{"href":"https:\/\/lecorpsalame.fr\/index.php\/wp-json\/wp\/v2\/pages\/87","targetHints":{"allow":["GET"]}}],"collection":[{"href":"https:\/\/lecorpsalame.fr\/index.php\/wp-json\/wp\/v2\/pages"}],"about":[{"href":"https:\/\/lecorpsalame.fr\/index.php\/wp-json\/wp\/v2\/types\/page"}],"author":[{"embeddable":true,"href":"https:\/\/lecorpsalame.fr\/index.php\/wp-json\/wp\/v2\/users\/1"}],"replies":[{"embeddable":true,"href":"https:\/\/lecorpsalame.fr\/index.php\/wp-json\/wp\/v2\/comments?post=87"}],"version-history":[{"count":16,"href":"https:\/\/lecorpsalame.fr\/index.php\/wp-json\/wp\/v2\/pages\/87\/revisions"}],"predecessor-version":[{"id":391,"href":"https:\/\/lecorpsalame.fr\/index.php\/wp-json\/wp\/v2\/pages\/87\/revisions\/391"}],"wp:attachment":[{"href":"https:\/\/lecorpsalame.fr\/index.php\/wp-json\/wp\/v2\/media?parent=87"}],"curies":[{"name":"wp","href":"https:\/\/api.w.org\/{rel}","templated":true}]}}