{"id":33,"date":"2024-05-28T14:57:59","date_gmt":"2024-05-28T12:57:59","guid":{"rendered":"https:\/\/lecorpsalame.fr\/?page_id=33"},"modified":"2024-11-25T16:01:28","modified_gmt":"2024-11-25T15:01:28","slug":"le-corps-a-lame","status":"publish","type":"page","link":"https:\/\/lecorpsalame.fr\/","title":{"rendered":"Le Corps \u00e0 l&rsquo;\u00c2me"},"content":{"rendered":"\n<h1>\n\t\tSoins du corps <br \/>&#038; de l&rsquo;esprit\n\t<\/h1>\n\t\u00c9milie Laouchet (EI), Hypnose, R\u00e9flexologie<br \/>\n&amp; Massoth\u00e9rapie\n\t\t\t<a href=\"https:\/\/lecorpsalame.fr\/index.php\/presentation\/\" target=\"_self\" rel=\"noopener\">\n\t\t\t\t\t\t\tD\u00e9couvrir mon histoire\n\t\t\t<\/a>\n<h2>\n\t\tLes soins\n\t<\/h2>\n\t\t\t\t\t\t\t\t<a href=\"https:\/\/lecorpsalame.fr\/index.php\/hypnose\/\" target=\"_self\" itemprop=\"url\" rel=\"noopener\">\n\t\t\t\t\t\t\t\t\t<img loading=\"lazy\" decoding=\"async\" src=\"https:\/\/lecorpsalame.fr\/wp-content\/uploads\/bb-plugin\/cache\/pexels-harrisonhaines-2869570-scaled-landscape.jpg\" alt=\"pexels-harrisonhaines-2869570\" itemprop=\"image\" height=\"1704\" width=\"2560\" title=\"pexels-harrisonhaines-2869570\" onerror=\"this.style.display='none'\"  \/>\n\t\t\t\t\t\t\t\t\t\t\t\t\t<\/a>\n\t<h3>Hypnose<\/h3>\n<p>Trouver des r\u00e9ponses pour passer un cap difficile, appr\u00e9hender une situation o\u00f9 vous vous sentez d\u00e9pass\u00e9, g\u00e9rer une phobie, un stress, une anxi\u00e9t\u00e9&#8230; tout autant de moments o\u00f9 l&rsquo;hypnose peut vous venir en aide, pour aller chercher en vous les solutions, les r\u00e9ponses qui vous permettront de devenir une autre version de vous-m\u00eame&#8230;<\/p>\n\t\t\t\t\t\t\t\t<a href=\"https:\/\/lecorpsalame.fr\/index.php\/reflexologie\/\" target=\"_self\" itemprop=\"url\" rel=\"noopener\">\n\t\t\t\t\t\t\t\t\t<img loading=\"lazy\" decoding=\"async\" src=\"https:\/\/lecorpsalame.fr\/wp-content\/uploads\/bb-plugin\/cache\/pexels-pixabay-50681-scaled-landscape.jpg\" alt=\"pexels-pixabay-50681\" itemprop=\"image\" height=\"1707\" width=\"2560\" title=\"pexels-pixabay-50681\" onerror=\"this.style.display='none'\"  \/>\n\t\t\t\t\t\t\t\t\t\t\t\t\t<\/a>\n\t<h3>R\u00e9flexologie<\/h3>\n<p>Venez d\u00e9couvrir le temps d&rsquo;une s\u00e9ance les diff\u00e9rentes connexions du corps humain, \u00e0 quel point tout est li\u00e9. Une autre solution pour apaiser des douleurs corporelles, musculaires, des migraines ou une fatigue&#8230; Un autre moyen de prendre soin de vous \u00e0 port\u00e9e de mains\u00a0!<\/p>\n\t\t\t\t\t\t\t\t<a href=\"https:\/\/lecorpsalame.fr\/index.php\/massage-des-5-continents\/\" target=\"_self\" itemprop=\"url\" rel=\"noopener\">\n\t\t\t\t\t\t\t\t\t<img loading=\"lazy\" decoding=\"async\" src=\"https:\/\/lecorpsalame.fr\/wp-content\/uploads\/bb-plugin\/cache\/pexels-life-of-pix-7700-scaled-landscape.jpg\" alt=\"pexels-life-of-pix-7700\" itemprop=\"image\" height=\"1702\" width=\"2560\" title=\"pexels-life-of-pix-7700\" onerror=\"this.style.display='none'\"  \/>\n\t\t\t\t\t\t\t\t\t\t\t\t\t<\/a>\n\t<h3>Massage des 5 continents<\/h3>\n<p>Une parenth\u00e8se hors du temps, 1h de relaxation rien que pour vous avec ce massage de tout le corps, des pieds \u00e0 la t\u00eate&#8230; un moment pour se reconnecter \u00e0 soi, pour oublier les tensions et permettre au corps de se relancer. Dire \u00e0 son corps qu&rsquo;on prends soin de lui, soin de soi.<\/p>\n\t<h2>\u00ab La tension est ce que vous pensez que vous devriez \u00eatre. La relaxation est ce que vous \u00eates. \u00bb<\/h2>\n<p>Proverbe chinois<\/p>\n<h2>\n\t\tIls m&rsquo;ont fait confiance\n\t<\/h2>\n\t\t\t\t\t\t\t\t\t<img decoding=\"async\" src=\"http:\/\/lecorpsalame.fr\/wp-content\/uploads\/2024\/05\/pexels-pixabay-460295-scaled.jpg\" alt=\"pexels-pixabay-460295\" itemprop=\"image\" srcset=\"https:\/\/lecorpsalame.fr\/wp-content\/uploads\/2024\/05\/pexels-pixabay-460295-scaled.jpg 2560w, https:\/\/lecorpsalame.fr\/wp-content\/uploads\/2024\/05\/pexels-pixabay-460295-300x231.jpg 300w, https:\/\/lecorpsalame.fr\/wp-content\/uploads\/2024\/05\/pexels-pixabay-460295-1024x788.jpg 1024w, https:\/\/lecorpsalame.fr\/wp-content\/uploads\/2024\/05\/pexels-pixabay-460295-768x591.jpg 768w, https:\/\/lecorpsalame.fr\/wp-content\/uploads\/2024\/05\/pexels-pixabay-460295-1536x1182.jpg 1536w, https:\/\/lecorpsalame.fr\/wp-content\/uploads\/2024\/05\/pexels-pixabay-460295-2048x1577.jpg 2048w\" sizes=\"(max-width: 2560px) 100vw, 2560px\" title=\"pexels-pixabay-460295\" onerror=\"this.style.display='none'\"  \/>\n\t\t\t\t\t\t\t\t\t<h3>Manon M.<\/h3>\n\t\t\t\t\t\t\t\t\t\t\t\t\t<h4>S\u00e9ance HYPNOSE<\/h4>\n\t\t\t\t\t\t<p>Emilie est une hypnologue remarquable. Bienveillante et attentive, elle m&rsquo;a accompagn\u00e9 avec une grande d\u00e9licatesse sur des sujets tant personnels que professionnels. Son approche douce m&rsquo;a permis de surmonter des obstacles que je n&rsquo;aurais jamais pu franchir seule. Je recommande vivement ses services \u00e0 quiconque recherche un accompagnement de qualit\u00e9.<\/p>\n\t\t\t\t\t\t\t\t\t<h3>Manon M.<\/h3>\n\t\t\t\t\t\t\t\t\t\t\t\t\t<h4>S\u00e9ance R\u00e9flexologie<\/h4>\n\t\t\t\t\t\t<p>Emilie offre des s\u00e9ances en R\u00e9flexologie vraiment remarquables. Son expertise m&rsquo;a \u00e9norm\u00e9ment aid\u00e9 \u00e0 traverser des p\u00e9riodes difficiles, me permettant de me sentir mieux. Sa bienveillance et son professionalisme font d&rsquo;elle une praticienne hors-pair.<\/p>\n\t\t\t\t\t\t\t\t\t<h3>Julien B.<\/h3>\n\t\t\t\t\t\t\t\t\t\t\t\t\t<h4>S\u00e9ance R\u00e9flexologie<\/h4>\n\t\t\t\t\t\t<p>J&rsquo;ai consult\u00e9 Emilie pour des probl\u00e8mes de remont\u00e9es acides, et je suis extr\u00eamement satisfait des r\u00e9sultats. Sa comp\u00e9tence et son savoir-faire en R\u00e9flexologie m&rsquo;ont vraiment aid\u00e9 \u00e0 soulager ces d\u00e9sagr\u00e9ments. En plus d&rsquo;\u00eatre tr\u00e8s professionnelle, Emilie est douce et \u00e0 l&rsquo;\u00e9coute.<\/p>\n\t\t\t\t\t\t\t\t\t<h3>Nicoleta S.<\/h3>\n\t\t\t\t\t\t\t\t\t\t\t\t\t<h4>Massage 5 Continents<\/h4>\n\t\t\t\t\t\t<p>J&rsquo;ai eu une tr\u00e8s belle exp\u00e9rience avec Emilie ! Ce fut un grand plaisir de laisser mon corps \u00eatre guid\u00e9 par son toucher doux et apaisant ! Merci<\/p>\n\t\t\t\t<!-- \/.pp-testimonials -->\n<h2>\n\t\tPour en savoir plus\n\t<\/h2>\n\t<p>D\u00e9couvrez ci-dessous nos derni\u00e8res actualit\u00e9s !<\/p>\n\t<meta itemscope itemprop=\"mainEntityOfPage\" itemtype=\"https:\/\/schema.org\/WebPage\" itemid=\"http:\/\/300\" content=\"La R\u00e9flexologie dans le milieu hospitalier\" \/><meta itemprop=\"datePublished\" content=\"2024-06-29\" \/><meta itemprop=\"dateModified\" content=\"2024-08-30\" \/><meta itemprop=\"name\" content=\"Le Corps \u00e0 l&#039;\u00c2me\"\/><meta itemprop=\"url\" content=\"https:\/\/lecorpsalame.fr\/index.php\/author\/admin6975\/\" \/><meta itemprop=\"name\" content=\"admin6975\" \/><meta itemprop=\"url\" content=\"https:\/\/lecorpsalame.fr\/wp-content\/uploads\/2024\/06\/Capture-decran-2024-06-29-120122.png\" \/><meta itemprop=\"width\" content=\"979\" \/><meta itemprop=\"height\" content=\"533\" \/><meta itemprop=\"interactionType\" content=\"https:\/\/schema.org\/CommentAction\" \/><meta itemprop=\"userInteractionCount\" content=\"0\" \/>\n\t\t\t\t\t<a href=\"https:\/\/lecorpsalame.fr\/index.php\/2024\/06\/29\/la-reflexologie-dans-le-milieu-hospitalier\/\" title=\"La R\u00e9flexologie dans le milieu hospitalier\"><\/a>\n\t\t\t\t<img loading=\"lazy\" decoding=\"async\" src=\"https:\/\/lecorpsalame.fr\/wp-content\/uploads\/bb-plugin\/cache\/Capture-decran-2024-06-29-120122-landscape-4bda222c929930e9188519469c16a167-.png\" alt=\"Capture d'\u00e9cran 2024-06-29 120122\" itemprop=\"image\" data-no-lazy=\"1\" height=\"533\" width=\"979\" title=\"Capture d'\u00e9cran 2024-06-29 120122\" onerror=\"this.style.display='none'\"  \/>\n\t\t\t\t\t\t\t\t\t<h3 itemprop=\"headline\">\n\t\t\t\t\t\t\t\t\t\t\t\t\t\tLa R\u00e9flexologie dans le milieu hospitalier\t\t\t\t\t\t\t\t\t\t\t<\/h3>\n\t\t\t29 juin 2024\t\t\t\t\t\t\n\t<meta itemscope itemprop=\"mainEntityOfPage\" itemtype=\"https:\/\/schema.org\/WebPage\" itemid=\"http:\/\/298\" content=\"La R\u00e9flexologie : Pour quoi ? Pour qui ?\" \/><meta itemprop=\"datePublished\" content=\"2024-06-29\" \/><meta itemprop=\"dateModified\" content=\"2024-08-30\" \/><meta itemprop=\"name\" content=\"Le Corps \u00e0 l&#039;\u00c2me\"\/><meta itemprop=\"url\" content=\"https:\/\/lecorpsalame.fr\/index.php\/author\/admin6975\/\" \/><meta itemprop=\"name\" content=\"admin6975\" \/><meta itemprop=\"url\" content=\"https:\/\/lecorpsalame.fr\/wp-content\/uploads\/2024\/06\/visuel-Reflexo-Sens.png\" \/><meta itemprop=\"width\" content=\"471\" \/><meta itemprop=\"height\" content=\"132\" \/><meta itemprop=\"interactionType\" content=\"https:\/\/schema.org\/CommentAction\" \/><meta itemprop=\"userInteractionCount\" content=\"0\" \/>\n\t\t\t\t\t<a href=\"https:\/\/lecorpsalame.fr\/index.php\/2024\/06\/29\/la-reflexologie-pour-quoi-pour-qui\/\" title=\"La R\u00e9flexologie : Pour quoi ? Pour qui ?\"><\/a>\n\t\t\t\t<img loading=\"lazy\" decoding=\"async\" src=\"https:\/\/lecorpsalame.fr\/wp-content\/uploads\/bb-plugin\/cache\/visuel-Reflexo-Sens-landscape-8ff037eaabc2c55799b6fc599189903a-.png\" alt=\"visuel R\u00e9flexo Sen's\" itemprop=\"image\" data-no-lazy=\"1\" height=\"132\" width=\"471\" title=\"visuel R\u00e9flexo Sen's\" onerror=\"this.style.display='none'\"  \/>\n\t\t\t\t\t\t\t\t\t<h3 itemprop=\"headline\">\n\t\t\t\t\t\t\t\t\t\t\t\t\t\tLa R\u00e9flexologie : Pour quoi ? Pour qui ?\t\t\t\t\t\t\t\t\t\t\t<\/h3>\n\t\t\t29 juin 2024\t\t\t\t\t\t\n\t<meta itemscope itemprop=\"mainEntityOfPage\" itemtype=\"https:\/\/schema.org\/WebPage\" itemid=\"http:\/\/282\" content=\"De petits moments hypnotiques (extrait de sessions publiques)\" \/><meta itemprop=\"datePublished\" content=\"2024-06-27\" \/><meta itemprop=\"dateModified\" content=\"2024-06-27\" \/><meta itemprop=\"name\" content=\"Le Corps \u00e0 l&#039;\u00c2me\"\/><meta itemprop=\"url\" content=\"https:\/\/lecorpsalame.fr\/index.php\/author\/admin6975\/\" \/><meta itemprop=\"name\" content=\"admin6975\" \/><meta itemprop=\"url\" content=\"https:\/\/lecorpsalame.fr\/wp-content\/uploads\/2024\/06\/Capture-decran-2024-06-27-172754-e1719502188137.png\" \/><meta itemprop=\"width\" content=\"498\" \/><meta itemprop=\"height\" content=\"523\" \/><meta itemprop=\"interactionType\" content=\"https:\/\/schema.org\/CommentAction\" \/><meta itemprop=\"userInteractionCount\" content=\"0\" \/>\n\t\t\t\t\t<a href=\"https:\/\/lecorpsalame.fr\/index.php\/2024\/06\/27\/de-petits-moments-hypnotiques-extrait-de-sessions-publiques\/\" title=\"De petits moments hypnotiques (extrait de sessions publiques)\"><\/a>\n\t\t\t\t<img loading=\"lazy\" decoding=\"async\" src=\"https:\/\/lecorpsalame.fr\/wp-content\/uploads\/bb-plugin\/cache\/Capture-decran-2024-06-27-172754-e1719502188137-landscape-70f5c9a2be4e3bae1a56340bed8f5b0e-.png\" alt=\"Capture d'\u00e9cran 2024-06-27 172754\" itemprop=\"image\" data-no-lazy=\"1\" height=\"523\" width=\"498\" title=\"Capture d'\u00e9cran 2024-06-27 172754\" onerror=\"this.style.display='none'\"  \/>\n\t\t\t\t\t\t\t\t\t<h3 itemprop=\"headline\">\n\t\t\t\t\t\t\t\t\t\t\t\t\t\tDe petits moments hypnotiques (extrait de sessions publiques)\t\t\t\t\t\t\t\t\t\t\t<\/h3>\n\t\t\t27 juin 2024\t\t\t\t\t\t\n\t\t\t\t<ul class='page-numbers'>\n\t<li>1<\/li>\n\t<li><a href=\"https:\/\/lecorpsalame.fr\/page\/2\/?fl_builder\">2<\/a><\/li>\n\t<li><a href=\"https:\/\/lecorpsalame.fr\/page\/3\/?fl_builder\">3<\/a><\/li>\n<\/ul>\n\t\t\t\t\t<a href=\"#\">\n\t\t\t\t\tVOIR PLUS D&rsquo;ARTICLES\n\t\t\t\t\t<img decoding=\"async\" src=\"https:\/\/lecorpsalame.fr\/wp-content\/plugins\/bbpowerpack\/assets\/images\/spinner.gif\" alt=\"loader\" \/><\/a>\n\t\t<!-- .pp-content-posts -->\n        \t<a href=\"https:\/\/syndicat-hypnose.com\/\" target=\"_blank\" rel=\"nofollow noopener\">            \n\t\t\t\t\t\t<img decoding=\"async\" src=\"http:\/\/lecorpsalame.fr\/wp-content\/uploads\/2024\/05\/sdmh-2048x1777-1.png\" alt=\"http:\/\/lecorpsalame.fr\/wp-content\/uploads\/2024\/05\/sdmh-2048x1777-1.png\" data-no-lazy=\"1\" \/>\t\t\t\t\t\n            <\/a>\t\t\n        \t<a href=\"https:\/\/www.arche-hypnose.com\/\" target=\"_blank\" rel=\"nofollow noopener\">            \n\t\t\t\t\t\t<img decoding=\"async\" src=\"http:\/\/lecorpsalame.fr\/wp-content\/uploads\/2024\/06\/logo-arche.png\" alt=\"http:\/\/lecorpsalame.fr\/wp-content\/uploads\/2024\/06\/logo-arche.png\" data-no-lazy=\"1\" \/>\t\t\t\t\t\n            <\/a>\t\t\n\t\t\t\t\t\t<img decoding=\"async\" src=\"http:\/\/lecorpsalame.fr\/wp-content\/uploads\/2024\/05\/MASSAGE-DES-5-CONTINENTS-Logo-COUL-ROND-PNG.png\" alt=\"http:\/\/lecorpsalame.fr\/wp-content\/uploads\/2024\/05\/MASSAGE-DES-5-CONTINENTS-Logo-COUL-ROND-PNG.png\" data-no-lazy=\"1\" \/>\t\t\t\t\t\n        \t<a href=\"https:\/\/afdp.fr\/\" target=\"_blank\" rel=\"nofollow noopener\">            \n\t\t\t\t\t\t<img decoding=\"async\" src=\"http:\/\/lecorpsalame.fr\/wp-content\/uploads\/2024\/06\/fleurdepeau.png\" alt=\"http:\/\/lecorpsalame.fr\/wp-content\/uploads\/2024\/06\/fleurdepeau.png\" data-no-lazy=\"1\" \/>\t\t\t\t\t\n            <\/a>\t\t\n\t\t\t<button>Next<\/button>\n\t\t<button>Previous<\/button>\n\t\t\t\t\t\t\t\t<a href=\"https:\/\/lecorpsalame.fr\/\" target=\"_self\" itemprop=\"url\" rel=\"noopener\">\n\t\t\t\t\t\t\t\t\t<img loading=\"lazy\" decoding=\"async\" src=\"https:\/\/lecorpsalame.fr\/wp-content\/uploads\/2024\/05\/Favicon.png\" alt=\"Favicon\" itemprop=\"image\" height=\"5167\" width=\"5167\" srcset=\"https:\/\/lecorpsalame.fr\/wp-content\/uploads\/2024\/05\/Favicon.png 5167w, https:\/\/lecorpsalame.fr\/wp-content\/uploads\/2024\/05\/Favicon-300x300.png 300w, https:\/\/lecorpsalame.fr\/wp-content\/uploads\/2024\/05\/Favicon-1024x1024.png 1024w, https:\/\/lecorpsalame.fr\/wp-content\/uploads\/2024\/05\/Favicon-150x150.png 150w, https:\/\/lecorpsalame.fr\/wp-content\/uploads\/2024\/05\/Favicon-768x768.png 768w, https:\/\/lecorpsalame.fr\/wp-content\/uploads\/2024\/05\/Favicon-1536x1536.png 1536w, https:\/\/lecorpsalame.fr\/wp-content\/uploads\/2024\/05\/Favicon-2048x2048.png 2048w\" sizes=\"auto, (max-width: 5167px) 100vw, 5167px\" title=\"Favicon\" onerror=\"this.style.display='none'\"  \/>\n\t\t\t\t\t\t\t\t\t\t\t\t\t<\/a>\n\t<p><a href=\"https:\/\/lecorpsalame.fr\/index.php\/presentation\/\"><strong>Pr\u00e9sentation<\/strong><\/a><\/p>\n<strong>Les soins<br \/>\n<\/strong><a href=\"https:\/\/lecorpsalame.fr\/index.php\/hypnose\/\">Hypnose<\/a><br \/>\n<a href=\"https:\/\/lecorpsalame.fr\/index.php\/reflexologie\/\">R\u00e9flexologie<\/a><br \/>\n<a href=\"https:\/\/lecorpsalame.fr\/index.php\/massage-des-5-continents\/\">Massage des 5 continents<\/a>\n<p><a href=\"https:\/\/lecorpsalame.fr\/index.php\/infos-pratiques\/\"><strong>Infos pratiques<\/strong><\/a><\/p>\n\t<strong>Emilie Laouchet (EI)<\/strong><br \/>\n18 Chemin de la Sesti\u00e8re<br \/>\n84240 LA TOUR D&rsquo;AIGUES\n06 29 81 62 89<br \/>\n<a href=\"mailto:contact@lecorpsalame.fr\">contact@lecorpsalame.fr<\/a>\n\t\t<link itemprop=\"url\" href=\"https:\/\/lecorpsalame.fr\"\/>\n\t\t<a itemprop=\"sameAs\" href=\"https:\/\/www.facebook.com\/profile.php?id=61557429104822\" target=\"_blank\" title=\"\" aria-label=\"\" role=\"button\" rel=\"noopener noreferrer external\">\n\t\t\t\t\t<\/a>\n\t\t<link itemprop=\"url\" href=\"https:\/\/lecorpsalame.fr\"\/>\n\t\t<a itemprop=\"sameAs\" href=\"https:\/\/www.instagram.com\/lecorpsalame_reflexo\/\" target=\"_blank\" title=\"Instagram\" aria-label=\"Instagram\" role=\"button\" rel=\"noopener noreferrer external\">\n\t\t\t\t\t<\/a>\n\t<a href=\"https:\/\/lecorpsalame.fr\/index.php\/code-de-deontologie-en-hypnose\/\">Code de d\u00e9ontologie en hypnose<\/a><br \/>\n<a href=\"https:\/\/lecorpsalame.fr\/index.php\/charte-ethique-de-lhypnologue\/\">Charte \u00e9thique de l&rsquo;hypnologue<\/a>\n\t\t\t<a href=\"https:\/\/lecorpsalame.fr\/index.php\/contact\/\" target=\"_self\" rel=\"noopener\">\n\t\t\t\t\t\t\tContactez-moi\n\t\t\t<\/a>\n\t<p>\u00a9 2024 Le Corps \u00e0 l&rsquo;Ame \u00b7 Tous droit r\u00e9serv\u00e9s \u00b7 <a href=\"https:\/\/lecorpsalame.fr\/index.php\/mentions-legales\/\">Mentions l\u00e9gales<\/a> \u00b7 <a href=\"https:\/\/lecorpsalame.fr\/index.php\/politique-de-donnees-personnelles\/\">Politique de donn\u00e9es personnelles<\/a><\/p>\n\n","protected":false},"excerpt":{"rendered":"<p>Soins du corps &#038; de l&rsquo;esprit \u00c9milie Laouchet (EI), Hypnose, R\u00e9flexologie &amp; Massoth\u00e9rapie D\u00e9couvrir mon histoire Les soins Hypnose Trouver des r\u00e9ponses pour passer un cap difficile, appr\u00e9hender une situation o\u00f9 vous vous sentez d\u00e9pass\u00e9, g\u00e9rer une phobie, un stress, une anxi\u00e9t\u00e9&#8230; tout autant de moments o\u00f9 l&rsquo;hypnose peut vous venir en aide, pour aller&hellip;<\/p>\n","protected":false},"author":1,"featured_media":0,"parent":0,"menu_order":0,"comment_status":"closed","ping_status":"closed","template":"","meta":{"footnotes":""},"class_list":["post-33","page","type-page","status-publish","hentry"],"yoast_head":"<!-- This site is optimized with the Yoast SEO plugin v24.0 - https:\/\/yoast.com\/wordpress\/plugins\/seo\/ -->\n<title>Le Corps \u00e0 l&#039;\u00c2me - Le Corps \u00e0 l&#039;\u00c2me<\/title>\n<meta name=\"description\" content=\"Voici la page d&#039;accueil du site Le Corps \u00e0 l&#039;\u00c2me, Services de R\u00e9flexologie, Hypnose et Massage bien \u00eatre pour se reconnecter \u00e0 soi\" \/>\n<meta name=\"robots\" content=\"index, follow, max-snippet:-1, max-image-preview:large, max-video-preview:-1\" \/>\n<link rel=\"canonical\" href=\"https:\/\/lecorpsalame.fr\/\" \/>\n<meta property=\"og:locale\" content=\"fr_FR\" \/>\n<meta property=\"og:type\" content=\"article\" \/>\n<meta property=\"og:title\" content=\"Le Corps \u00e0 l&#039;\u00c2me - Le Corps \u00e0 l&#039;\u00c2me\" \/>\n<meta property=\"og:description\" content=\"Voici la page d&#039;accueil du site Le Corps \u00e0 l&#039;\u00c2me, Services de R\u00e9flexologie, Hypnose et Massage bien \u00eatre pour se reconnecter \u00e0 soi\" \/>\n<meta property=\"og:url\" content=\"https:\/\/lecorpsalame.fr\/\" \/>\n<meta property=\"og:site_name\" content=\"Le Corps \u00e0 l&#039;\u00c2me\" \/>\n<meta property=\"article:modified_time\" content=\"2024-11-25T15:01:28+00:00\" \/>\n<meta property=\"og:image\" content=\"https:\/\/lecorpsalame.fr\/wp-content\/uploads\/bb-plugin\/cache\/pexels-harrisonhaines-2869570-scaled-landscape.jpg\" \/>\n<meta name=\"twitter:card\" content=\"summary_large_image\" \/>\n<meta name=\"twitter:label1\" content=\"Dur\u00e9e de lecture estim\u00e9e\" \/>\n\t<meta name=\"twitter:data1\" content=\"6 minutes\" \/>\n<script type=\"application\/ld+json\" class=\"yoast-schema-graph\">{\"@context\":\"https:\/\/schema.org\",\"@graph\":[{\"@type\":\"WebPage\",\"@id\":\"https:\/\/lecorpsalame.fr\/\",\"url\":\"https:\/\/lecorpsalame.fr\/\",\"name\":\"Le Corps \u00e0 l'\u00c2me - Le Corps \u00e0 l&#039;\u00c2me\",\"isPartOf\":{\"@id\":\"https:\/\/lecorpsalame.fr\/#website\"},\"primaryImageOfPage\":{\"@id\":\"https:\/\/lecorpsalame.fr\/#primaryimage\"},\"image\":{\"@id\":\"https:\/\/lecorpsalame.fr\/#primaryimage\"},\"thumbnailUrl\":\"https:\/\/lecorpsalame.fr\/wp-content\/uploads\/bb-plugin\/cache\/pexels-harrisonhaines-2869570-scaled-landscape.jpg\",\"datePublished\":\"2024-05-28T12:57:59+00:00\",\"dateModified\":\"2024-11-25T15:01:28+00:00\",\"description\":\"Voici la page d'accueil du site Le Corps \u00e0 l'\u00c2me, Services de R\u00e9flexologie, Hypnose et Massage bien \u00eatre pour se reconnecter \u00e0 soi\",\"breadcrumb\":{\"@id\":\"https:\/\/lecorpsalame.fr\/#breadcrumb\"},\"inLanguage\":\"fr-FR\",\"potentialAction\":[{\"@type\":\"ReadAction\",\"target\":[\"https:\/\/lecorpsalame.fr\/\"]}]},{\"@type\":\"ImageObject\",\"inLanguage\":\"fr-FR\",\"@id\":\"https:\/\/lecorpsalame.fr\/#primaryimage\",\"url\":\"https:\/\/lecorpsalame.fr\/wp-content\/uploads\/bb-plugin\/cache\/pexels-harrisonhaines-2869570-scaled-landscape.jpg\",\"contentUrl\":\"https:\/\/lecorpsalame.fr\/wp-content\/uploads\/bb-plugin\/cache\/pexels-harrisonhaines-2869570-scaled-landscape.jpg\"},{\"@type\":\"BreadcrumbList\",\"@id\":\"https:\/\/lecorpsalame.fr\/#breadcrumb\",\"itemListElement\":[{\"@type\":\"ListItem\",\"position\":1,\"name\":\"Accueil\",\"item\":\"https:\/\/lecorpsalame.fr\/\"},{\"@type\":\"ListItem\",\"position\":2,\"name\":\"Le Corps \u00e0 l&rsquo;\u00c2me\"}]},{\"@type\":\"WebSite\",\"@id\":\"https:\/\/lecorpsalame.fr\/#website\",\"url\":\"https:\/\/lecorpsalame.fr\/\",\"name\":\"Le Corps \u00e0 l'\u00c2me\",\"description\":\"Massages &amp; Soins \u00e9nerg\u00e9tiques\",\"potentialAction\":[{\"@type\":\"SearchAction\",\"target\":{\"@type\":\"EntryPoint\",\"urlTemplate\":\"https:\/\/lecorpsalame.fr\/?s={search_term_string}\"},\"query-input\":{\"@type\":\"PropertyValueSpecification\",\"valueRequired\":true,\"valueName\":\"search_term_string\"}}],\"inLanguage\":\"fr-FR\"}]}<\/script>\n<!-- \/ Yoast SEO plugin. -->","yoast_head_json":{"title":"Le Corps \u00e0 l'\u00c2me - Le Corps \u00e0 l&#039;\u00c2me","description":"Voici la page d'accueil du site Le Corps \u00e0 l'\u00c2me, Services de R\u00e9flexologie, Hypnose et Massage bien \u00eatre pour se reconnecter \u00e0 soi","robots":{"index":"index","follow":"follow","max-snippet":"max-snippet:-1","max-image-preview":"max-image-preview:large","max-video-preview":"max-video-preview:-1"},"canonical":"https:\/\/lecorpsalame.fr\/","og_locale":"fr_FR","og_type":"article","og_title":"Le Corps \u00e0 l'\u00c2me - Le Corps \u00e0 l&#039;\u00c2me","og_description":"Voici la page d'accueil du site Le Corps \u00e0 l'\u00c2me, Services de R\u00e9flexologie, Hypnose et Massage bien \u00eatre pour se reconnecter \u00e0 soi","og_url":"https:\/\/lecorpsalame.fr\/","og_site_name":"Le Corps \u00e0 l&#039;\u00c2me","article_modified_time":"2024-11-25T15:01:28+00:00","og_image":[{"url":"https:\/\/lecorpsalame.fr\/wp-content\/uploads\/bb-plugin\/cache\/pexels-harrisonhaines-2869570-scaled-landscape.jpg","type":"","width":"","height":""}],"twitter_card":"summary_large_image","twitter_misc":{"Dur\u00e9e de lecture estim\u00e9e":"6 minutes"},"schema":{"@context":"https:\/\/schema.org","@graph":[{"@type":"WebPage","@id":"https:\/\/lecorpsalame.fr\/","url":"https:\/\/lecorpsalame.fr\/","name":"Le Corps \u00e0 l'\u00c2me - Le Corps \u00e0 l&#039;\u00c2me","isPartOf":{"@id":"https:\/\/lecorpsalame.fr\/#website"},"primaryImageOfPage":{"@id":"https:\/\/lecorpsalame.fr\/#primaryimage"},"image":{"@id":"https:\/\/lecorpsalame.fr\/#primaryimage"},"thumbnailUrl":"https:\/\/lecorpsalame.fr\/wp-content\/uploads\/bb-plugin\/cache\/pexels-harrisonhaines-2869570-scaled-landscape.jpg","datePublished":"2024-05-28T12:57:59+00:00","dateModified":"2024-11-25T15:01:28+00:00","description":"Voici la page d'accueil du site Le Corps \u00e0 l'\u00c2me, Services de R\u00e9flexologie, Hypnose et Massage bien \u00eatre pour se reconnecter \u00e0 soi","breadcrumb":{"@id":"https:\/\/lecorpsalame.fr\/#breadcrumb"},"inLanguage":"fr-FR","potentialAction":[{"@type":"ReadAction","target":["https:\/\/lecorpsalame.fr\/"]}]},{"@type":"ImageObject","inLanguage":"fr-FR","@id":"https:\/\/lecorpsalame.fr\/#primaryimage","url":"https:\/\/lecorpsalame.fr\/wp-content\/uploads\/bb-plugin\/cache\/pexels-harrisonhaines-2869570-scaled-landscape.jpg","contentUrl":"https:\/\/lecorpsalame.fr\/wp-content\/uploads\/bb-plugin\/cache\/pexels-harrisonhaines-2869570-scaled-landscape.jpg"},{"@type":"BreadcrumbList","@id":"https:\/\/lecorpsalame.fr\/#breadcrumb","itemListElement":[{"@type":"ListItem","position":1,"name":"Accueil","item":"https:\/\/lecorpsalame.fr\/"},{"@type":"ListItem","position":2,"name":"Le Corps \u00e0 l&rsquo;\u00c2me"}]},{"@type":"WebSite","@id":"https:\/\/lecorpsalame.fr\/#website","url":"https:\/\/lecorpsalame.fr\/","name":"Le Corps \u00e0 l'\u00c2me","description":"Massages &amp; Soins \u00e9nerg\u00e9tiques","potentialAction":[{"@type":"SearchAction","target":{"@type":"EntryPoint","urlTemplate":"https:\/\/lecorpsalame.fr\/?s={search_term_string}"},"query-input":{"@type":"PropertyValueSpecification","valueRequired":true,"valueName":"search_term_string"}}],"inLanguage":"fr-FR"}]}},"_links":{"self":[{"href":"https:\/\/lecorpsalame.fr\/index.php\/wp-json\/wp\/v2\/pages\/33","targetHints":{"allow":["GET"]}}],"collection":[{"href":"https:\/\/lecorpsalame.fr\/index.php\/wp-json\/wp\/v2\/pages"}],"about":[{"href":"https:\/\/lecorpsalame.fr\/index.php\/wp-json\/wp\/v2\/types\/page"}],"author":[{"embeddable":true,"href":"https:\/\/lecorpsalame.fr\/index.php\/wp-json\/wp\/v2\/users\/1"}],"replies":[{"embeddable":true,"href":"https:\/\/lecorpsalame.fr\/index.php\/wp-json\/wp\/v2\/comments?post=33"}],"version-history":[{"count":36,"href":"https:\/\/lecorpsalame.fr\/index.php\/wp-json\/wp\/v2\/pages\/33\/revisions"}],"predecessor-version":[{"id":344,"href":"https:\/\/lecorpsalame.fr\/index.php\/wp-json\/wp\/v2\/pages\/33\/revisions\/344"}],"wp:attachment":[{"href":"https:\/\/lecorpsalame.fr\/index.php\/wp-json\/wp\/v2\/media?parent=33"}],"curies":[{"name":"wp","href":"https:\/\/api.w.org\/{rel}","templated":true}]}}