{"id":320,"date":"2024-11-12T11:31:04","date_gmt":"2024-11-12T10:31:04","guid":{"rendered":"https:\/\/lecorpsalame.fr\/?page_id=320"},"modified":"2024-11-25T15:59:42","modified_gmt":"2024-11-25T14:59:42","slug":"presentation","status":"publish","type":"page","link":"https:\/\/lecorpsalame.fr\/index.php\/presentation\/","title":{"rendered":"Pr\u00e9sentation"},"content":{"rendered":"\n<h1>\n\t\tPr\u00e9sentation\n\t<\/h1>\n\t\t\t\t\t\t\t\t\t<img decoding=\"async\" src=\"https:\/\/lecorpsalame.fr\/wp-content\/uploads\/bb-plugin\/cache\/emilie-square.jpg\" alt=\"emilie\" itemprop=\"image\" title=\"emilie\" onerror=\"this.style.display='none'\"  \/>\n<h2>\n\t\tA propos de moi\n\t<\/h2>\n\t<p><strong>Il est toujours d\u00e9licat de se pr\u00e9senter&#8230; Quoi dire, quoi mettre en lumi\u00e8re pour vous raconter la th\u00e9rapeute que je suis&#8230;<\/strong><\/p>\n<p>J&rsquo;ai pass\u00e9 20 ans \u00e0 travailler dans des structures internationales, \u00e0 anticiper les besoins et faire en sorte que tout aille bien dans un circuit logistique pr\u00e9cis, et puis&#8230; J&rsquo;ai eu besoin de me rapprocher de l&rsquo;essentiel : l&rsquo;humain<\/p>\n<p>J&rsquo;ai alors chang\u00e9 de voie, mais toujours avec cette ligne \u00e0 suivre : <strong>Donner le meilleur de moi, et m&rsquo;engager pleinement dans ce que je fais.<\/strong><\/p>\n<p>Des formations, des \u00e9changes, des questionnements et des r\u00e9ponses, et me voil\u00e0 aujourd&rsquo;hui devant vous, dans cette nouvelle aventure humaine.<\/p>\n\t<p><strong>L&rsquo;hypnose<\/strong> pour commencer, <strong>avec L&rsquo;ARCHE<\/strong>, seule \u00e9cole \u00e0 poss\u00e9der un campus de recherches scientifiques qui analyse les effets de l&rsquo;hypnose sur le cerveau. Parce que pour moi aussi c&rsquo;est important de comprendre ce qu&rsquo;il se passe et comment cela fonctionne, c&rsquo;est avec ces outils et ces connaissances que je vous accompagne.<\/p>\n<p><strong>La R\u00e9flexologie et le Massage des 5 Continents<\/strong>, parce que je voulais apprendre des techniques bas\u00e9e sur le corps, qui pourraient accompagner votre esprit dans cet \u00e9lan de changement.<\/p>\n        \t<a href=\"https:\/\/syndicat-hypnose.com\/\" target=\"_blank\" rel=\"nofollow noopener\">            \n\t\t\t\t\t\t<img decoding=\"async\" src=\"http:\/\/lecorpsalame.fr\/wp-content\/uploads\/2024\/05\/sdmh-2048x1777-1.png\" alt=\"http:\/\/lecorpsalame.fr\/wp-content\/uploads\/2024\/05\/sdmh-2048x1777-1.png\" data-no-lazy=\"1\" \/>\t\t\t\t\t\n            <\/a>\t\t\n        \t<a href=\"https:\/\/www.arche-hypnose.com\/\" target=\"_blank\" rel=\"nofollow noopener\">            \n\t\t\t\t\t\t<img decoding=\"async\" src=\"http:\/\/lecorpsalame.fr\/wp-content\/uploads\/2024\/06\/logo-arche.png\" alt=\"http:\/\/lecorpsalame.fr\/wp-content\/uploads\/2024\/06\/logo-arche.png\" data-no-lazy=\"1\" \/>\t\t\t\t\t\n            <\/a>\t\t\n\t\t\t\t\t\t<img decoding=\"async\" src=\"http:\/\/lecorpsalame.fr\/wp-content\/uploads\/2024\/05\/MASSAGE-DES-5-CONTINENTS-Logo-COUL-ROND-PNG.png\" alt=\"http:\/\/lecorpsalame.fr\/wp-content\/uploads\/2024\/05\/MASSAGE-DES-5-CONTINENTS-Logo-COUL-ROND-PNG.png\" data-no-lazy=\"1\" \/>\t\t\t\t\t\n        \t<a href=\"https:\/\/afdp.fr\/\" target=\"_blank\" rel=\"nofollow noopener\">            \n\t\t\t\t\t\t<img decoding=\"async\" src=\"http:\/\/lecorpsalame.fr\/wp-content\/uploads\/2024\/06\/fleurdepeau.png\" alt=\"http:\/\/lecorpsalame.fr\/wp-content\/uploads\/2024\/06\/fleurdepeau.png\" data-no-lazy=\"1\" \/>\t\t\t\t\t\n            <\/a>\t\t\n\t\t\t<button>Next<\/button>\n\t\t<button>Previous<\/button>\n\t<h2>Parce que pour moi il est important de prendre l&rsquo;\u00eatre humain dans sa globalit\u00e9 pour l&rsquo;aider \u00e0 changer, \u00e9voluer, \u00e0 \u00eatre ce qu&rsquo;il doit \u00eatre, je vous guide vers une alliance du corps et de l&rsquo;esprit pour que vous puissiez atteindre votre potentiel cach\u00e9&#8230;<\/h2>\n<h2>\n\t\tLes soins\n\t<\/h2>\n\t\t\t\t\t\t\t\t<a href=\"https:\/\/lecorpsalame.fr\/index.php\/hypnose\/\" target=\"_self\" itemprop=\"url\" rel=\"noopener\">\n\t\t\t\t\t\t\t\t\t<img loading=\"lazy\" decoding=\"async\" src=\"https:\/\/lecorpsalame.fr\/wp-content\/uploads\/bb-plugin\/cache\/pexels-harrisonhaines-2869570-scaled-landscape.jpg\" alt=\"pexels-harrisonhaines-2869570\" itemprop=\"image\" height=\"1704\" width=\"2560\" title=\"pexels-harrisonhaines-2869570\" onerror=\"this.style.display='none'\"  \/>\n\t\t\t\t\t\t\t\t\t\t\t\t\t<\/a>\n\t<h3>Hypnose<\/h3>\n<p>Trouver des r\u00e9ponses pour passer un cap difficile, appr\u00e9hender une situation o\u00f9 vous vous sentez d\u00e9pass\u00e9, g\u00e9rer une phobie, un stress, une anxi\u00e9t\u00e9&#8230; tout autant de moments o\u00f9 l&rsquo;hypnose peut vous venir en aide, pour aller chercher en vous les solutions, les r\u00e9ponses qui vous permettront de devenir une autre version de vous-m\u00eame&#8230;<\/p>\n\t\t\t\t\t\t\t\t<a href=\"https:\/\/lecorpsalame.fr\/index.php\/reflexologie\/\" target=\"_self\" itemprop=\"url\" rel=\"noopener\">\n\t\t\t\t\t\t\t\t\t<img loading=\"lazy\" decoding=\"async\" src=\"https:\/\/lecorpsalame.fr\/wp-content\/uploads\/bb-plugin\/cache\/pexels-pixabay-50681-scaled-landscape.jpg\" alt=\"pexels-pixabay-50681\" itemprop=\"image\" height=\"1707\" width=\"2560\" title=\"pexels-pixabay-50681\" onerror=\"this.style.display='none'\"  \/>\n\t\t\t\t\t\t\t\t\t\t\t\t\t<\/a>\n\t<h3>R\u00e9flexologie<\/h3>\n<p>Venez d\u00e9couvrir le temps d&rsquo;une s\u00e9ance les diff\u00e9rentes connexions du corps humain, \u00e0 quel point tout est li\u00e9. Une autre solution pour apaiser des douleurs corporelles, musculaires, des migraines ou une fatigue&#8230; Un autre moyen de prendre soin de vous \u00e0 port\u00e9e de mains\u00a0!<\/p>\n\t\t\t\t\t\t\t\t<a href=\"https:\/\/lecorpsalame.fr\/index.php\/massage-des-5-continents\/\" target=\"_self\" itemprop=\"url\" rel=\"noopener\">\n\t\t\t\t\t\t\t\t\t<img loading=\"lazy\" decoding=\"async\" src=\"https:\/\/lecorpsalame.fr\/wp-content\/uploads\/bb-plugin\/cache\/pexels-life-of-pix-7700-scaled-landscape.jpg\" alt=\"pexels-life-of-pix-7700\" itemprop=\"image\" height=\"1702\" width=\"2560\" title=\"pexels-life-of-pix-7700\" onerror=\"this.style.display='none'\"  \/>\n\t\t\t\t\t\t\t\t\t\t\t\t\t<\/a>\n\t<h3>Massage des 5 continents<\/h3>\n<p>Une parenth\u00e8se hors du temps, 1h de relaxation rien que pour vous avec ce massage de tout le corps, des pieds \u00e0 la t\u00eate&#8230; un moment pour se reconnecter \u00e0 soi, pour oublier les tensions et permettre au corps de se relancer. Dire \u00e0 son corps qu&rsquo;on prends soin de lui, soin de soi.<\/p>\n<h2>\n\t\tVous souhaitez prendre rendez-vous pour prendre soin de vous ?\n\t<\/h2>\n\t\t\t<a href=\"\" target=\"_self\" rel=\"noopener\">\n\t\t\t\t\t\t\tContactez-moi\n\t\t\t<\/a>\n\t\t\t\t\t\t\t\t<a href=\"https:\/\/lecorpsalame.fr\/\" target=\"_self\" itemprop=\"url\" rel=\"noopener\">\n\t\t\t\t\t\t\t\t\t<img loading=\"lazy\" decoding=\"async\" src=\"https:\/\/lecorpsalame.fr\/wp-content\/uploads\/2024\/05\/Favicon.png\" alt=\"Favicon\" itemprop=\"image\" height=\"5167\" width=\"5167\" srcset=\"https:\/\/lecorpsalame.fr\/wp-content\/uploads\/2024\/05\/Favicon.png 5167w, https:\/\/lecorpsalame.fr\/wp-content\/uploads\/2024\/05\/Favicon-300x300.png 300w, https:\/\/lecorpsalame.fr\/wp-content\/uploads\/2024\/05\/Favicon-1024x1024.png 1024w, https:\/\/lecorpsalame.fr\/wp-content\/uploads\/2024\/05\/Favicon-150x150.png 150w, https:\/\/lecorpsalame.fr\/wp-content\/uploads\/2024\/05\/Favicon-768x768.png 768w, https:\/\/lecorpsalame.fr\/wp-content\/uploads\/2024\/05\/Favicon-1536x1536.png 1536w, https:\/\/lecorpsalame.fr\/wp-content\/uploads\/2024\/05\/Favicon-2048x2048.png 2048w\" sizes=\"auto, (max-width: 5167px) 100vw, 5167px\" title=\"Favicon\" onerror=\"this.style.display='none'\"  \/>\n\t\t\t\t\t\t\t\t\t\t\t\t\t<\/a>\n\t<p><a href=\"https:\/\/lecorpsalame.fr\/index.php\/presentation\/\"><strong>Pr\u00e9sentation<\/strong><\/a><\/p>\n<strong>Les soins<br \/>\n<\/strong><a href=\"https:\/\/lecorpsalame.fr\/index.php\/hypnose\/\">Hypnose<\/a><br \/>\n<a href=\"https:\/\/lecorpsalame.fr\/index.php\/reflexologie\/\">R\u00e9flexologie<\/a><br \/>\n<a href=\"https:\/\/lecorpsalame.fr\/index.php\/massage-des-5-continents\/\">Massage des 5 continents<\/a>\n<p><a href=\"https:\/\/lecorpsalame.fr\/index.php\/infos-pratiques\/\"><strong>Infos pratiques<\/strong><\/a><\/p>\n\t<strong>Emilie Laouchet (EI)<\/strong><br \/>\n18 Chemin de la Sesti\u00e8re<br \/>\n84240 LA TOUR D&rsquo;AIGUES\n06 29 81 62 89<br \/>\n<a href=\"mailto:contact@lecorpsalame.fr\">contact@lecorpsalame.fr<\/a>\n\t\t<link itemprop=\"url\" href=\"https:\/\/lecorpsalame.fr\"\/>\n\t\t<a itemprop=\"sameAs\" href=\"https:\/\/www.facebook.com\/profile.php?id=61557429104822\" target=\"_blank\" title=\"\" aria-label=\"\" role=\"button\" rel=\"noopener noreferrer external\">\n\t\t\t\t\t<\/a>\n\t\t<link itemprop=\"url\" href=\"https:\/\/lecorpsalame.fr\"\/>\n\t\t<a itemprop=\"sameAs\" href=\"https:\/\/www.instagram.com\/lecorpsalame_reflexo\/\" target=\"_blank\" title=\"Instagram\" aria-label=\"Instagram\" role=\"button\" rel=\"noopener noreferrer external\">\n\t\t\t\t\t<\/a>\n\t<a href=\"https:\/\/lecorpsalame.fr\/index.php\/code-de-deontologie-en-hypnose\/\">Code de d\u00e9ontologie en hypnose<\/a><br \/>\n<a href=\"https:\/\/lecorpsalame.fr\/index.php\/charte-ethique-de-lhypnologue\/\">Charte \u00e9thique de l&rsquo;hypnologue<\/a>\n\t\t\t<a href=\"https:\/\/lecorpsalame.fr\/index.php\/contact\/\" target=\"_self\" rel=\"noopener\">\n\t\t\t\t\t\t\tContactez-moi\n\t\t\t<\/a>\n\t<p>\u00a9 2024 Le Corps \u00e0 l&rsquo;Ame \u00b7 Tous droit r\u00e9serv\u00e9s \u00b7 <a href=\"https:\/\/lecorpsalame.fr\/index.php\/mentions-legales\/\">Mentions l\u00e9gales<\/a> \u00b7 <a href=\"https:\/\/lecorpsalame.fr\/index.php\/politique-de-donnees-personnelles\/\">Politique de donn\u00e9es personnelles<\/a><\/p>\n\n","protected":false},"excerpt":{"rendered":"<p>Pr\u00e9sentation A propos de moi Il est toujours d\u00e9licat de se pr\u00e9senter&#8230; Quoi dire, quoi mettre en lumi\u00e8re pour vous raconter la th\u00e9rapeute que je suis&#8230; J&rsquo;ai pass\u00e9 20 ans \u00e0 travailler dans des structures internationales, \u00e0 anticiper les besoins et faire en sorte que tout aille bien dans un circuit logistique pr\u00e9cis, et puis&#8230;&hellip;<\/p>\n","protected":false},"author":1,"featured_media":0,"parent":0,"menu_order":0,"comment_status":"closed","ping_status":"closed","template":"","meta":{"footnotes":""},"class_list":["post-320","page","type-page","status-publish","hentry"],"yoast_head":"<!-- This site is optimized with the Yoast SEO plugin v24.0 - https:\/\/yoast.com\/wordpress\/plugins\/seo\/ -->\n<title>Pr\u00e9sentation - Le Corps \u00e0 l&#039;\u00c2me<\/title>\n<meta name=\"description\" content=\"Permettre de comprendre qui je suis, quelle praticienne je suis et je veux \u00eatre, pourquoi je suis sur ce chemin, mes motivations pour vous\" \/>\n<meta name=\"robots\" content=\"index, follow, max-snippet:-1, max-image-preview:large, max-video-preview:-1\" \/>\n<link rel=\"canonical\" href=\"https:\/\/lecorpsalame.fr\/index.php\/presentation\/\" \/>\n<meta property=\"og:locale\" content=\"fr_FR\" \/>\n<meta property=\"og:type\" content=\"article\" \/>\n<meta property=\"og:title\" content=\"Pr\u00e9sentation - Le Corps \u00e0 l&#039;\u00c2me\" \/>\n<meta property=\"og:description\" content=\"Permettre de comprendre qui je suis, quelle praticienne je suis et je veux \u00eatre, pourquoi je suis sur ce chemin, mes motivations pour vous\" \/>\n<meta property=\"og:url\" content=\"https:\/\/lecorpsalame.fr\/index.php\/presentation\/\" \/>\n<meta property=\"og:site_name\" content=\"Le Corps \u00e0 l&#039;\u00c2me\" \/>\n<meta property=\"article:modified_time\" content=\"2024-11-25T14:59:42+00:00\" \/>\n<meta property=\"og:image\" content=\"https:\/\/lecorpsalame.fr\/wp-content\/uploads\/bb-plugin\/cache\/emilie-square.jpg\" \/>\n<meta name=\"twitter:card\" content=\"summary_large_image\" \/>\n<meta name=\"twitter:label1\" content=\"Dur\u00e9e de lecture estim\u00e9e\" \/>\n\t<meta name=\"twitter:data1\" content=\"5 minutes\" \/>\n<script type=\"application\/ld+json\" class=\"yoast-schema-graph\">{\"@context\":\"https:\/\/schema.org\",\"@graph\":[{\"@type\":\"WebPage\",\"@id\":\"https:\/\/lecorpsalame.fr\/index.php\/presentation\/\",\"url\":\"https:\/\/lecorpsalame.fr\/index.php\/presentation\/\",\"name\":\"Pr\u00e9sentation - Le Corps \u00e0 l&#039;\u00c2me\",\"isPartOf\":{\"@id\":\"https:\/\/lecorpsalame.fr\/#website\"},\"primaryImageOfPage\":{\"@id\":\"https:\/\/lecorpsalame.fr\/index.php\/presentation\/#primaryimage\"},\"image\":{\"@id\":\"https:\/\/lecorpsalame.fr\/index.php\/presentation\/#primaryimage\"},\"thumbnailUrl\":\"https:\/\/lecorpsalame.fr\/wp-content\/uploads\/bb-plugin\/cache\/emilie-square.jpg\",\"datePublished\":\"2024-11-12T10:31:04+00:00\",\"dateModified\":\"2024-11-25T14:59:42+00:00\",\"description\":\"Permettre de comprendre qui je suis, quelle praticienne je suis et je veux \u00eatre, pourquoi je suis sur ce chemin, mes motivations pour vous\",\"breadcrumb\":{\"@id\":\"https:\/\/lecorpsalame.fr\/index.php\/presentation\/#breadcrumb\"},\"inLanguage\":\"fr-FR\",\"potentialAction\":[{\"@type\":\"ReadAction\",\"target\":[\"https:\/\/lecorpsalame.fr\/index.php\/presentation\/\"]}]},{\"@type\":\"ImageObject\",\"inLanguage\":\"fr-FR\",\"@id\":\"https:\/\/lecorpsalame.fr\/index.php\/presentation\/#primaryimage\",\"url\":\"https:\/\/lecorpsalame.fr\/wp-content\/uploads\/bb-plugin\/cache\/emilie-square.jpg\",\"contentUrl\":\"https:\/\/lecorpsalame.fr\/wp-content\/uploads\/bb-plugin\/cache\/emilie-square.jpg\"},{\"@type\":\"BreadcrumbList\",\"@id\":\"https:\/\/lecorpsalame.fr\/index.php\/presentation\/#breadcrumb\",\"itemListElement\":[{\"@type\":\"ListItem\",\"position\":1,\"name\":\"Accueil\",\"item\":\"https:\/\/lecorpsalame.fr\/\"},{\"@type\":\"ListItem\",\"position\":2,\"name\":\"Pr\u00e9sentation\"}]},{\"@type\":\"WebSite\",\"@id\":\"https:\/\/lecorpsalame.fr\/#website\",\"url\":\"https:\/\/lecorpsalame.fr\/\",\"name\":\"Le Corps \u00e0 l'\u00c2me\",\"description\":\"Massages &amp; Soins \u00e9nerg\u00e9tiques\",\"potentialAction\":[{\"@type\":\"SearchAction\",\"target\":{\"@type\":\"EntryPoint\",\"urlTemplate\":\"https:\/\/lecorpsalame.fr\/?s={search_term_string}\"},\"query-input\":{\"@type\":\"PropertyValueSpecification\",\"valueRequired\":true,\"valueName\":\"search_term_string\"}}],\"inLanguage\":\"fr-FR\"}]}<\/script>\n<!-- \/ Yoast SEO plugin. -->","yoast_head_json":{"title":"Pr\u00e9sentation - Le Corps \u00e0 l&#039;\u00c2me","description":"Permettre de comprendre qui je suis, quelle praticienne je suis et je veux \u00eatre, pourquoi je suis sur ce chemin, mes motivations pour vous","robots":{"index":"index","follow":"follow","max-snippet":"max-snippet:-1","max-image-preview":"max-image-preview:large","max-video-preview":"max-video-preview:-1"},"canonical":"https:\/\/lecorpsalame.fr\/index.php\/presentation\/","og_locale":"fr_FR","og_type":"article","og_title":"Pr\u00e9sentation - Le Corps \u00e0 l&#039;\u00c2me","og_description":"Permettre de comprendre qui je suis, quelle praticienne je suis et je veux \u00eatre, pourquoi je suis sur ce chemin, mes motivations pour vous","og_url":"https:\/\/lecorpsalame.fr\/index.php\/presentation\/","og_site_name":"Le Corps \u00e0 l&#039;\u00c2me","article_modified_time":"2024-11-25T14:59:42+00:00","og_image":[{"url":"https:\/\/lecorpsalame.fr\/wp-content\/uploads\/bb-plugin\/cache\/emilie-square.jpg","type":"","width":"","height":""}],"twitter_card":"summary_large_image","twitter_misc":{"Dur\u00e9e de lecture estim\u00e9e":"5 minutes"},"schema":{"@context":"https:\/\/schema.org","@graph":[{"@type":"WebPage","@id":"https:\/\/lecorpsalame.fr\/index.php\/presentation\/","url":"https:\/\/lecorpsalame.fr\/index.php\/presentation\/","name":"Pr\u00e9sentation - Le Corps \u00e0 l&#039;\u00c2me","isPartOf":{"@id":"https:\/\/lecorpsalame.fr\/#website"},"primaryImageOfPage":{"@id":"https:\/\/lecorpsalame.fr\/index.php\/presentation\/#primaryimage"},"image":{"@id":"https:\/\/lecorpsalame.fr\/index.php\/presentation\/#primaryimage"},"thumbnailUrl":"https:\/\/lecorpsalame.fr\/wp-content\/uploads\/bb-plugin\/cache\/emilie-square.jpg","datePublished":"2024-11-12T10:31:04+00:00","dateModified":"2024-11-25T14:59:42+00:00","description":"Permettre de comprendre qui je suis, quelle praticienne je suis et je veux \u00eatre, pourquoi je suis sur ce chemin, mes motivations pour vous","breadcrumb":{"@id":"https:\/\/lecorpsalame.fr\/index.php\/presentation\/#breadcrumb"},"inLanguage":"fr-FR","potentialAction":[{"@type":"ReadAction","target":["https:\/\/lecorpsalame.fr\/index.php\/presentation\/"]}]},{"@type":"ImageObject","inLanguage":"fr-FR","@id":"https:\/\/lecorpsalame.fr\/index.php\/presentation\/#primaryimage","url":"https:\/\/lecorpsalame.fr\/wp-content\/uploads\/bb-plugin\/cache\/emilie-square.jpg","contentUrl":"https:\/\/lecorpsalame.fr\/wp-content\/uploads\/bb-plugin\/cache\/emilie-square.jpg"},{"@type":"BreadcrumbList","@id":"https:\/\/lecorpsalame.fr\/index.php\/presentation\/#breadcrumb","itemListElement":[{"@type":"ListItem","position":1,"name":"Accueil","item":"https:\/\/lecorpsalame.fr\/"},{"@type":"ListItem","position":2,"name":"Pr\u00e9sentation"}]},{"@type":"WebSite","@id":"https:\/\/lecorpsalame.fr\/#website","url":"https:\/\/lecorpsalame.fr\/","name":"Le Corps \u00e0 l'\u00c2me","description":"Massages &amp; Soins \u00e9nerg\u00e9tiques","potentialAction":[{"@type":"SearchAction","target":{"@type":"EntryPoint","urlTemplate":"https:\/\/lecorpsalame.fr\/?s={search_term_string}"},"query-input":{"@type":"PropertyValueSpecification","valueRequired":true,"valueName":"search_term_string"}}],"inLanguage":"fr-FR"}]}},"_links":{"self":[{"href":"https:\/\/lecorpsalame.fr\/index.php\/wp-json\/wp\/v2\/pages\/320","targetHints":{"allow":["GET"]}}],"collection":[{"href":"https:\/\/lecorpsalame.fr\/index.php\/wp-json\/wp\/v2\/pages"}],"about":[{"href":"https:\/\/lecorpsalame.fr\/index.php\/wp-json\/wp\/v2\/types\/page"}],"author":[{"embeddable":true,"href":"https:\/\/lecorpsalame.fr\/index.php\/wp-json\/wp\/v2\/users\/1"}],"replies":[{"embeddable":true,"href":"https:\/\/lecorpsalame.fr\/index.php\/wp-json\/wp\/v2\/comments?post=320"}],"version-history":[{"count":6,"href":"https:\/\/lecorpsalame.fr\/index.php\/wp-json\/wp\/v2\/pages\/320\/revisions"}],"predecessor-version":[{"id":346,"href":"https:\/\/lecorpsalame.fr\/index.php\/wp-json\/wp\/v2\/pages\/320\/revisions\/346"}],"wp:attachment":[{"href":"https:\/\/lecorpsalame.fr\/index.php\/wp-json\/wp\/v2\/media?parent=320"}],"curies":[{"name":"wp","href":"https:\/\/api.w.org\/{rel}","templated":true}]}}