{"id":250,"date":"2024-06-20T18:07:47","date_gmt":"2024-06-20T16:07:47","guid":{"rendered":"https:\/\/lecorpsalame.fr\/?page_id=250"},"modified":"2024-12-13T11:00:48","modified_gmt":"2024-12-13T10:00:48","slug":"infos-pratiques","status":"publish","type":"page","link":"https:\/\/lecorpsalame.fr\/index.php\/infos-pratiques\/","title":{"rendered":"Infos pratiques"},"content":{"rendered":"\n<h1>\n\t\tInfos pratiques\n\t<\/h1>\n\t\t\t\t\t\t\t\t\t<img decoding=\"async\" src=\"http:\/\/lecorpsalame.fr\/wp-content\/uploads\/2024\/06\/Fichier-22.png\" alt=\"Fichier 22\" itemprop=\"image\" srcset=\"https:\/\/lecorpsalame.fr\/wp-content\/uploads\/2024\/06\/Fichier-22.png 2045w, https:\/\/lecorpsalame.fr\/wp-content\/uploads\/2024\/06\/Fichier-22-300x300.png 300w, https:\/\/lecorpsalame.fr\/wp-content\/uploads\/2024\/06\/Fichier-22-1024x1024.png 1024w, https:\/\/lecorpsalame.fr\/wp-content\/uploads\/2024\/06\/Fichier-22-150x150.png 150w, https:\/\/lecorpsalame.fr\/wp-content\/uploads\/2024\/06\/Fichier-22-768x768.png 768w, https:\/\/lecorpsalame.fr\/wp-content\/uploads\/2024\/06\/Fichier-22-1536x1536.png 1536w\" sizes=\"(max-width: 2045px) 100vw, 2045px\" title=\"Fichier 22\" onerror=\"this.style.display='none'\"  \/>\n<h3>\n\t\tTarifs\n\t<\/h3>\n\t<strong>S\u00e9ance R\u00e9flexologie :<\/strong><br \/>\nEnviron 1h &#8211; <strong>60\u20ac<\/strong>\n<strong>S\u00e9ance Hypnose :<\/strong><br \/>\nEntre 1h et 1h30 &#8211; <strong>70\u20ac<\/strong>\n<strong>Massage 5 Continents :<\/strong><br \/>\nEnviron 1h15 &#8211;<strong> 90\u20ac<\/strong>\n\t\t\t\t\t\t\t\t\t<img decoding=\"async\" src=\"http:\/\/lecorpsalame.fr\/wp-content\/uploads\/2024\/06\/Fichier-23.png\" alt=\"Fichier 23\" itemprop=\"image\" srcset=\"https:\/\/lecorpsalame.fr\/wp-content\/uploads\/2024\/06\/Fichier-23.png 2044w, https:\/\/lecorpsalame.fr\/wp-content\/uploads\/2024\/06\/Fichier-23-300x300.png 300w, https:\/\/lecorpsalame.fr\/wp-content\/uploads\/2024\/06\/Fichier-23-1024x1024.png 1024w, https:\/\/lecorpsalame.fr\/wp-content\/uploads\/2024\/06\/Fichier-23-150x150.png 150w, https:\/\/lecorpsalame.fr\/wp-content\/uploads\/2024\/06\/Fichier-23-768x768.png 768w, https:\/\/lecorpsalame.fr\/wp-content\/uploads\/2024\/06\/Fichier-23-1536x1536.png 1536w\" sizes=\"(max-width: 2044px) 100vw, 2044px\" title=\"Fichier 23\" onerror=\"this.style.display='none'\"  \/>\n<h3>\n\t\tLieux\n\t<\/h3>\n\t<p>Je re\u00e7ois en salon chez moi ou je peux me d\u00e9placer \u00e0 domicile<strong>*<\/strong><\/p>\n18 Chemin de la Sesti\u00e8re<br \/>\n84240 LA TOUR D&rsquo;AIGUES\n<p>&nbsp;<\/p>\n<p><strong>*<\/strong> <em>Au del\u00e0 de 15km du salon, un suppl\u00e9ment de 5 euros sera appliqu\u00e9 au tarif en vigueur.<\/em><\/p>\n\t\t\t\t\t\t\t\t\t<img decoding=\"async\" src=\"http:\/\/lecorpsalame.fr\/wp-content\/uploads\/2024\/06\/Fichier-19.png\" alt=\"Fichier 19\" itemprop=\"image\" srcset=\"https:\/\/lecorpsalame.fr\/wp-content\/uploads\/2024\/06\/Fichier-19.png 2045w, https:\/\/lecorpsalame.fr\/wp-content\/uploads\/2024\/06\/Fichier-19-300x300.png 300w, https:\/\/lecorpsalame.fr\/wp-content\/uploads\/2024\/06\/Fichier-19-1024x1024.png 1024w, https:\/\/lecorpsalame.fr\/wp-content\/uploads\/2024\/06\/Fichier-19-150x150.png 150w, https:\/\/lecorpsalame.fr\/wp-content\/uploads\/2024\/06\/Fichier-19-768x768.png 768w, https:\/\/lecorpsalame.fr\/wp-content\/uploads\/2024\/06\/Fichier-19-1536x1536.png 1536w\" sizes=\"(max-width: 2045px) 100vw, 2045px\" title=\"Fichier 19\" onerror=\"this.style.display='none'\"  \/>\n<h3>\n\t\tRendez-vous\n\t<\/h3>\n\t<p>Nous vous demandons de vous pr\u00e9senter 5 mn avant l&rsquo;heure de votre rendez-vous et d&rsquo;\u00eatre ponctuel.<\/p>\n<p>Tout manquement entra\u00eenera une diminution de la dur\u00e9e de votre soin, \u00e9quivalent \u00e0 votre retard afin de ne pas p\u00e9naliser le client suivant.<\/p>\n<p>Toute annulation devra \u00eatre faite au minimum 48h \u00e0 l&rsquo;avance. Un rendez-vous peut-\u00eatre annul\u00e9 ou modifi\u00e9 une fois sans co\u00fbt suppl\u00e9mentaire.<\/p>\n<p>Merci de v\u00e9rifier votre disponibilit\u00e9 avant de prendre rendez-vous.<\/p>\n\t\t\t\t\t\t\t\t\t<img decoding=\"async\" src=\"http:\/\/lecorpsalame.fr\/wp-content\/uploads\/2024\/06\/Fichier-18.png\" alt=\"Fichier 18\" itemprop=\"image\" srcset=\"https:\/\/lecorpsalame.fr\/wp-content\/uploads\/2024\/06\/Fichier-18.png 2045w, https:\/\/lecorpsalame.fr\/wp-content\/uploads\/2024\/06\/Fichier-18-300x300.png 300w, https:\/\/lecorpsalame.fr\/wp-content\/uploads\/2024\/06\/Fichier-18-1024x1024.png 1024w, https:\/\/lecorpsalame.fr\/wp-content\/uploads\/2024\/06\/Fichier-18-150x150.png 150w, https:\/\/lecorpsalame.fr\/wp-content\/uploads\/2024\/06\/Fichier-18-768x768.png 768w, https:\/\/lecorpsalame.fr\/wp-content\/uploads\/2024\/06\/Fichier-18-1536x1536.png 1536w\" sizes=\"(max-width: 2045px) 100vw, 2045px\" title=\"Fichier 18\" onerror=\"this.style.display='none'\"  \/>\n<h3>\n\t\tPaiement\n\t<\/h3>\n\t<p>Les moyens de paiement sont : esp\u00e8ces et ch\u00e8ques libell\u00e9s \u00e0 l&rsquo;ordre de Emilie LAOUCHET (EI)- Le Corps \u00e0 l&rsquo;Ame.<\/p>\n<p>J&rsquo;accepte \u00e9galement Paypal et Paylib.<\/p>\n\t\t\t\t\t\t\t\t\t<img decoding=\"async\" src=\"http:\/\/lecorpsalame.fr\/wp-content\/uploads\/2024\/06\/Fichier-20.png\" alt=\"Fichier 20\" itemprop=\"image\" srcset=\"https:\/\/lecorpsalame.fr\/wp-content\/uploads\/2024\/06\/Fichier-20.png 2045w, https:\/\/lecorpsalame.fr\/wp-content\/uploads\/2024\/06\/Fichier-20-300x300.png 300w, https:\/\/lecorpsalame.fr\/wp-content\/uploads\/2024\/06\/Fichier-20-1024x1024.png 1024w, https:\/\/lecorpsalame.fr\/wp-content\/uploads\/2024\/06\/Fichier-20-150x150.png 150w, https:\/\/lecorpsalame.fr\/wp-content\/uploads\/2024\/06\/Fichier-20-768x768.png 768w, https:\/\/lecorpsalame.fr\/wp-content\/uploads\/2024\/06\/Fichier-20-1536x1536.png 1536w\" sizes=\"(max-width: 2045px) 100vw, 2045px\" title=\"Fichier 20\" onerror=\"this.style.display='none'\"  \/>\n<h3>\n\t\tBon cadeau\n\t<\/h3>\n\t<p>En vente aupr\u00e8s de Emilie LAOUCHET(EI) pour la prestation de votre choix.<\/p>\n<p>Valable 6 mois \u00e0 partir de la date d&rsquo;achat.<\/p>\n\t\t\t\t\t\t\t\t\t<img decoding=\"async\" src=\"http:\/\/lecorpsalame.fr\/wp-content\/uploads\/2024\/06\/Fichier-21.png\" alt=\"Fichier 21\" itemprop=\"image\" srcset=\"https:\/\/lecorpsalame.fr\/wp-content\/uploads\/2024\/06\/Fichier-21.png 2045w, https:\/\/lecorpsalame.fr\/wp-content\/uploads\/2024\/06\/Fichier-21-300x300.png 300w, https:\/\/lecorpsalame.fr\/wp-content\/uploads\/2024\/06\/Fichier-21-1024x1024.png 1024w, https:\/\/lecorpsalame.fr\/wp-content\/uploads\/2024\/06\/Fichier-21-150x150.png 150w, https:\/\/lecorpsalame.fr\/wp-content\/uploads\/2024\/06\/Fichier-21-768x768.png 768w, https:\/\/lecorpsalame.fr\/wp-content\/uploads\/2024\/06\/Fichier-21-1536x1536.png 1536w\" sizes=\"(max-width: 2045px) 100vw, 2045px\" title=\"Fichier 21\" onerror=\"this.style.display='none'\"  \/>\n<h3>\n\t\tPartenariats\n\t<\/h3>\n\t<p>Un partenariat a \u00e9t\u00e9 \u00e9tabli avec la soci\u00e9t\u00e9 PELLENC SAS \u00e0 Pertuis, un tarif pr\u00e9f\u00e9rentiel est accord\u00e9 \u00e0 tout salari\u00e9 pr\u00e9sentant son badge.<\/p>\n<p>Vous souhaitez faire pareil dans votre entreprise ?<\/p>\n<p>Contactez-moi !<\/p>\n\t<p><strong>Info importante : Aucune de ces prestations ne saurait se soustraire ou remplacer un traitement m\u00e9dical.<\/strong><\/p>\n<h2>\n\t\tVous souhaitez prendre rendez-vous pour prendre soin de vous ?\n\t<\/h2>\n\t\t\t<a href=\"https:\/\/lecorpsalame.fr\/index.php\/contact\/\" target=\"_self\">\n\t\t\t\t\t\t\tContactez-moi\n\t\t\t<\/a>\n\t\t\t\t\t\t\t\t<a href=\"https:\/\/lecorpsalame.fr\/\" target=\"_self\" itemprop=\"url\">\n\t\t\t\t\t\t\t\t\t<img loading=\"lazy\" decoding=\"async\" src=\"https:\/\/lecorpsalame.fr\/wp-content\/uploads\/2024\/05\/Favicon.png\" alt=\"Favicon\" itemprop=\"image\" height=\"5167\" width=\"5167\" srcset=\"https:\/\/lecorpsalame.fr\/wp-content\/uploads\/2024\/05\/Favicon.png 5167w, https:\/\/lecorpsalame.fr\/wp-content\/uploads\/2024\/05\/Favicon-300x300.png 300w, https:\/\/lecorpsalame.fr\/wp-content\/uploads\/2024\/05\/Favicon-1024x1024.png 1024w, https:\/\/lecorpsalame.fr\/wp-content\/uploads\/2024\/05\/Favicon-150x150.png 150w, https:\/\/lecorpsalame.fr\/wp-content\/uploads\/2024\/05\/Favicon-768x768.png 768w, https:\/\/lecorpsalame.fr\/wp-content\/uploads\/2024\/05\/Favicon-1536x1536.png 1536w, https:\/\/lecorpsalame.fr\/wp-content\/uploads\/2024\/05\/Favicon-2048x2048.png 2048w\" sizes=\"auto, (max-width: 5167px) 100vw, 5167px\" title=\"Favicon\" onerror=\"this.style.display='none'\"  \/>\n\t\t\t\t\t\t\t\t\t\t\t\t\t<\/a>\n\t<p><a href=\"https:\/\/lecorpsalame.fr\/index.php\/presentation\/\"><strong>Pr\u00e9sentation<\/strong><\/a><\/p>\n<strong>Les soins<br \/>\n<\/strong><a href=\"https:\/\/lecorpsalame.fr\/index.php\/hypnose\/\">Hypnose<\/a><br \/>\n<a href=\"https:\/\/lecorpsalame.fr\/index.php\/reflexologie\/\">R\u00e9flexologie<\/a><br \/>\n<a href=\"https:\/\/lecorpsalame.fr\/index.php\/massage-des-5-continents\/\">Massage des 5 continents<\/a>\n<p><a href=\"https:\/\/lecorpsalame.fr\/index.php\/infos-pratiques\/\"><strong>Infos pratiques<\/strong><\/a><\/p>\n\t<strong>Emilie Laouchet (EI)<\/strong><br \/>\n18 Chemin de la Sesti\u00e8re<br \/>\n84240 LA TOUR D&rsquo;AIGUES\n06 29 81 62 89<br \/>\n<a href=\"mailto:contact@lecorpsalame.fr\">contact@lecorpsalame.fr<\/a>\n\t\t<link itemprop=\"url\" href=\"https:\/\/lecorpsalame.fr\"\/>\n\t\t<a itemprop=\"sameAs\" href=\"https:\/\/www.facebook.com\/profile.php?id=61557429104822\" target=\"_blank\" title=\"\" aria-label=\"\" role=\"button\" rel=\"noopener noreferrer external\">\n\t\t\t\t\t<\/a>\n\t\t<link itemprop=\"url\" href=\"https:\/\/lecorpsalame.fr\"\/>\n\t\t<a itemprop=\"sameAs\" href=\"https:\/\/www.instagram.com\/lecorpsalame_reflexo\/\" target=\"_blank\" title=\"Instagram\" aria-label=\"Instagram\" role=\"button\" rel=\"noopener noreferrer external\">\n\t\t\t\t\t<\/a>\n\t<a href=\"https:\/\/lecorpsalame.fr\/index.php\/code-de-deontologie-en-hypnose\/\">Code de d\u00e9ontologie en hypnose<\/a><br \/>\n<a href=\"https:\/\/lecorpsalame.fr\/index.php\/charte-ethique-de-lhypnologue\/\">Charte \u00e9thique de l&rsquo;hypnologue<\/a><br \/>\n<a href=\"https:\/\/lecorpsalame.fr\/index.php\/conditions-generales-de-vente\/\">Conditions g\u00e9n\u00e9rales de vente (CGV)<\/a>\n\t\t\t<a href=\"https:\/\/lecorpsalame.fr\/index.php\/contact\/\" target=\"_self\">\n\t\t\t\t\t\t\tContactez-moi\n\t\t\t<\/a>\n\t<p>\u00a9 2024 Le Corps \u00e0 l&rsquo;Ame \u00b7 Tous droit r\u00e9serv\u00e9s \u00b7 <a href=\"https:\/\/lecorpsalame.fr\/index.php\/mentions-legales\/\">Mentions l\u00e9gales<\/a> \u00b7 <a href=\"https:\/\/lecorpsalame.fr\/index.php\/politique-de-donnees-personnelles\/\">Politique de donn\u00e9es personnelles<\/a><\/p>\n\n","protected":false},"excerpt":{"rendered":"<p>Infos pratiques Tarifs S\u00e9ance R\u00e9flexologie : Environ 1h &#8211; 60\u20ac S\u00e9ance Hypnose : Entre 1h et 1h30 &#8211; 70\u20ac Massage 5 Continents : Environ 1h15 &#8211; 90\u20ac Lieux Je re\u00e7ois en salon chez moi ou je peux me d\u00e9placer \u00e0 domicile* 18 Chemin de la Sesti\u00e8re 84240 LA TOUR D&rsquo;AIGUES &nbsp; * Au del\u00e0 de&hellip;<\/p>\n","protected":false},"author":1,"featured_media":0,"parent":0,"menu_order":0,"comment_status":"closed","ping_status":"closed","template":"","meta":{"footnotes":""},"class_list":["post-250","page","type-page","status-publish","hentry"],"yoast_head":"<!-- This site is optimized with the Yoast SEO plugin v24.0 - https:\/\/yoast.com\/wordpress\/plugins\/seo\/ -->\n<title>Infos pratiques - Le Corps \u00e0 l&#039;\u00c2me<\/title>\n<meta name=\"robots\" content=\"index, follow, max-snippet:-1, max-image-preview:large, max-video-preview:-1\" \/>\n<link rel=\"canonical\" href=\"https:\/\/lecorpsalame.fr\/index.php\/infos-pratiques\/\" \/>\n<meta property=\"og:locale\" content=\"fr_FR\" \/>\n<meta property=\"og:type\" content=\"article\" \/>\n<meta property=\"og:title\" content=\"Infos pratiques - Le Corps \u00e0 l&#039;\u00c2me\" \/>\n<meta property=\"og:description\" content=\"Infos pratiques Tarifs S\u00e9ance R\u00e9flexologie : Environ 1h &#8211; 60\u20ac S\u00e9ance Hypnose : Entre 1h et 1h30 &#8211; 70\u20ac Massage 5 Continents : Environ 1h15 &#8211; 90\u20ac Lieux Je re\u00e7ois en salon chez moi ou je peux me d\u00e9placer \u00e0 domicile* 18 Chemin de la Sesti\u00e8re 84240 LA TOUR D&rsquo;AIGUES &nbsp; * Au del\u00e0 de&hellip;\" \/>\n<meta property=\"og:url\" content=\"https:\/\/lecorpsalame.fr\/index.php\/infos-pratiques\/\" \/>\n<meta property=\"og:site_name\" content=\"Le Corps \u00e0 l&#039;\u00c2me\" \/>\n<meta property=\"article:modified_time\" content=\"2024-12-13T10:00:48+00:00\" \/>\n<meta property=\"og:image\" content=\"http:\/\/lecorpsalame.fr\/wp-content\/uploads\/2024\/06\/Fichier-22.png\" \/>\n<meta name=\"twitter:card\" content=\"summary_large_image\" \/>\n<meta name=\"twitter:label1\" content=\"Dur\u00e9e de lecture estim\u00e9e\" \/>\n\t<meta name=\"twitter:data1\" content=\"3 minutes\" \/>\n<script type=\"application\/ld+json\" class=\"yoast-schema-graph\">{\"@context\":\"https:\/\/schema.org\",\"@graph\":[{\"@type\":\"WebPage\",\"@id\":\"https:\/\/lecorpsalame.fr\/index.php\/infos-pratiques\/\",\"url\":\"https:\/\/lecorpsalame.fr\/index.php\/infos-pratiques\/\",\"name\":\"Infos pratiques - Le Corps \u00e0 l&#039;\u00c2me\",\"isPartOf\":{\"@id\":\"https:\/\/lecorpsalame.fr\/#website\"},\"primaryImageOfPage\":{\"@id\":\"https:\/\/lecorpsalame.fr\/index.php\/infos-pratiques\/#primaryimage\"},\"image\":{\"@id\":\"https:\/\/lecorpsalame.fr\/index.php\/infos-pratiques\/#primaryimage\"},\"thumbnailUrl\":\"http:\/\/lecorpsalame.fr\/wp-content\/uploads\/2024\/06\/Fichier-22.png\",\"datePublished\":\"2024-06-20T16:07:47+00:00\",\"dateModified\":\"2024-12-13T10:00:48+00:00\",\"breadcrumb\":{\"@id\":\"https:\/\/lecorpsalame.fr\/index.php\/infos-pratiques\/#breadcrumb\"},\"inLanguage\":\"fr-FR\",\"potentialAction\":[{\"@type\":\"ReadAction\",\"target\":[\"https:\/\/lecorpsalame.fr\/index.php\/infos-pratiques\/\"]}]},{\"@type\":\"ImageObject\",\"inLanguage\":\"fr-FR\",\"@id\":\"https:\/\/lecorpsalame.fr\/index.php\/infos-pratiques\/#primaryimage\",\"url\":\"http:\/\/lecorpsalame.fr\/wp-content\/uploads\/2024\/06\/Fichier-22.png\",\"contentUrl\":\"http:\/\/lecorpsalame.fr\/wp-content\/uploads\/2024\/06\/Fichier-22.png\"},{\"@type\":\"BreadcrumbList\",\"@id\":\"https:\/\/lecorpsalame.fr\/index.php\/infos-pratiques\/#breadcrumb\",\"itemListElement\":[{\"@type\":\"ListItem\",\"position\":1,\"name\":\"Accueil\",\"item\":\"https:\/\/lecorpsalame.fr\/\"},{\"@type\":\"ListItem\",\"position\":2,\"name\":\"Infos pratiques\"}]},{\"@type\":\"WebSite\",\"@id\":\"https:\/\/lecorpsalame.fr\/#website\",\"url\":\"https:\/\/lecorpsalame.fr\/\",\"name\":\"Le Corps \u00e0 l'\u00c2me\",\"description\":\"Massages &amp; Soins \u00e9nerg\u00e9tiques\",\"potentialAction\":[{\"@type\":\"SearchAction\",\"target\":{\"@type\":\"EntryPoint\",\"urlTemplate\":\"https:\/\/lecorpsalame.fr\/?s={search_term_string}\"},\"query-input\":{\"@type\":\"PropertyValueSpecification\",\"valueRequired\":true,\"valueName\":\"search_term_string\"}}],\"inLanguage\":\"fr-FR\"}]}<\/script>\n<!-- \/ Yoast SEO plugin. -->","yoast_head_json":{"title":"Infos pratiques - Le Corps \u00e0 l&#039;\u00c2me","robots":{"index":"index","follow":"follow","max-snippet":"max-snippet:-1","max-image-preview":"max-image-preview:large","max-video-preview":"max-video-preview:-1"},"canonical":"https:\/\/lecorpsalame.fr\/index.php\/infos-pratiques\/","og_locale":"fr_FR","og_type":"article","og_title":"Infos pratiques - Le Corps \u00e0 l&#039;\u00c2me","og_description":"Infos pratiques Tarifs S\u00e9ance R\u00e9flexologie : Environ 1h &#8211; 60\u20ac S\u00e9ance Hypnose : Entre 1h et 1h30 &#8211; 70\u20ac Massage 5 Continents : Environ 1h15 &#8211; 90\u20ac Lieux Je re\u00e7ois en salon chez moi ou je peux me d\u00e9placer \u00e0 domicile* 18 Chemin de la Sesti\u00e8re 84240 LA TOUR D&rsquo;AIGUES &nbsp; * Au del\u00e0 de&hellip;","og_url":"https:\/\/lecorpsalame.fr\/index.php\/infos-pratiques\/","og_site_name":"Le Corps \u00e0 l&#039;\u00c2me","article_modified_time":"2024-12-13T10:00:48+00:00","og_image":[{"url":"http:\/\/lecorpsalame.fr\/wp-content\/uploads\/2024\/06\/Fichier-22.png","type":"","width":"","height":""}],"twitter_card":"summary_large_image","twitter_misc":{"Dur\u00e9e de lecture estim\u00e9e":"3 minutes"},"schema":{"@context":"https:\/\/schema.org","@graph":[{"@type":"WebPage","@id":"https:\/\/lecorpsalame.fr\/index.php\/infos-pratiques\/","url":"https:\/\/lecorpsalame.fr\/index.php\/infos-pratiques\/","name":"Infos pratiques - Le Corps \u00e0 l&#039;\u00c2me","isPartOf":{"@id":"https:\/\/lecorpsalame.fr\/#website"},"primaryImageOfPage":{"@id":"https:\/\/lecorpsalame.fr\/index.php\/infos-pratiques\/#primaryimage"},"image":{"@id":"https:\/\/lecorpsalame.fr\/index.php\/infos-pratiques\/#primaryimage"},"thumbnailUrl":"http:\/\/lecorpsalame.fr\/wp-content\/uploads\/2024\/06\/Fichier-22.png","datePublished":"2024-06-20T16:07:47+00:00","dateModified":"2024-12-13T10:00:48+00:00","breadcrumb":{"@id":"https:\/\/lecorpsalame.fr\/index.php\/infos-pratiques\/#breadcrumb"},"inLanguage":"fr-FR","potentialAction":[{"@type":"ReadAction","target":["https:\/\/lecorpsalame.fr\/index.php\/infos-pratiques\/"]}]},{"@type":"ImageObject","inLanguage":"fr-FR","@id":"https:\/\/lecorpsalame.fr\/index.php\/infos-pratiques\/#primaryimage","url":"http:\/\/lecorpsalame.fr\/wp-content\/uploads\/2024\/06\/Fichier-22.png","contentUrl":"http:\/\/lecorpsalame.fr\/wp-content\/uploads\/2024\/06\/Fichier-22.png"},{"@type":"BreadcrumbList","@id":"https:\/\/lecorpsalame.fr\/index.php\/infos-pratiques\/#breadcrumb","itemListElement":[{"@type":"ListItem","position":1,"name":"Accueil","item":"https:\/\/lecorpsalame.fr\/"},{"@type":"ListItem","position":2,"name":"Infos pratiques"}]},{"@type":"WebSite","@id":"https:\/\/lecorpsalame.fr\/#website","url":"https:\/\/lecorpsalame.fr\/","name":"Le Corps \u00e0 l'\u00c2me","description":"Massages &amp; Soins \u00e9nerg\u00e9tiques","potentialAction":[{"@type":"SearchAction","target":{"@type":"EntryPoint","urlTemplate":"https:\/\/lecorpsalame.fr\/?s={search_term_string}"},"query-input":{"@type":"PropertyValueSpecification","valueRequired":true,"valueName":"search_term_string"}}],"inLanguage":"fr-FR"}]}},"_links":{"self":[{"href":"https:\/\/lecorpsalame.fr\/index.php\/wp-json\/wp\/v2\/pages\/250","targetHints":{"allow":["GET"]}}],"collection":[{"href":"https:\/\/lecorpsalame.fr\/index.php\/wp-json\/wp\/v2\/pages"}],"about":[{"href":"https:\/\/lecorpsalame.fr\/index.php\/wp-json\/wp\/v2\/types\/page"}],"author":[{"embeddable":true,"href":"https:\/\/lecorpsalame.fr\/index.php\/wp-json\/wp\/v2\/users\/1"}],"replies":[{"embeddable":true,"href":"https:\/\/lecorpsalame.fr\/index.php\/wp-json\/wp\/v2\/comments?post=250"}],"version-history":[{"count":9,"href":"https:\/\/lecorpsalame.fr\/index.php\/wp-json\/wp\/v2\/pages\/250\/revisions"}],"predecessor-version":[{"id":395,"href":"https:\/\/lecorpsalame.fr\/index.php\/wp-json\/wp\/v2\/pages\/250\/revisions\/395"}],"wp:attachment":[{"href":"https:\/\/lecorpsalame.fr\/index.php\/wp-json\/wp\/v2\/media?parent=250"}],"curies":[{"name":"wp","href":"https:\/\/api.w.org\/{rel}","templated":true}]}}