{"id":169,"date":"2024-06-14T10:46:31","date_gmt":"2024-06-14T08:46:31","guid":{"rendered":"https:\/\/lecorpsalame.fr\/?page_id=169"},"modified":"2024-12-13T10:59:16","modified_gmt":"2024-12-13T09:59:16","slug":"massage-des-5-continents","status":"publish","type":"page","link":"https:\/\/lecorpsalame.fr\/index.php\/massage-des-5-continents\/","title":{"rendered":"Massage des 5 Continents\u00a0\u00a0\u00a0\u00a0\u00a0\u00a0\u00a0\u00a0\u00a0\u00a0\u00a0\u00a0\u00a0\u00a0\u00a0\u00a0\u00a0\u00a0\u00a0\u00a0\u00a0\u00a0\u00a0\u00a0\u00a0\u00a0\u00a0\u00a0\u00a0\u00a0\u00a0\u00a0\u00a0\u00a0\u00a0\u00a0\u00a0\u00a0\u00a0\u00a0\u00a0\u00a0\u00a0\u00a0\u00a0\u00a0\u00a0\u00a0"},"content":{"rendered":"\n<h1>\n\t\tMassage des 5 continents\n\t<\/h1>\n<h2>\n\t\tQu&rsquo;est-ce que le massage des 5 continents ?\n\t<\/h2>\n\t<p><strong>Cr\u00e9\u00e9 en 2009 par Olivier Honsperger, Coach, th\u00e9rapeute, formateur, le Massage des 5 Continents (M5C) est enseign\u00e9 depuis plus de 25 ans<\/strong>, des milliers de personnes ont \u00e9t\u00e9 form\u00e9es dans de nombreux pays.<\/p>\n<p>C&rsquo;est un massage qui associe l&rsquo;\u00e9nergie du Reiki et\/ou magn\u00e9tisme et diff\u00e9rents types de massages venant de cultures et d&rsquo;origines vari\u00e9es (Lomi lomi, Californien, Su\u00e9dois, Tuina, Acupressure, Ayurv\u00e9dique).<\/p>\n<p>Des pr\u00e9parations d&rsquo;Huiles essentielles sp\u00e9cifiques sont utilis\u00e9es dans les diff\u00e9rentes phases, la premi\u00e8re vient en d\u00e9sintoxication du corps, la deuxi\u00e8me en relaxation, l\u00e2cher-prise et la derni\u00e8re en revitalisation, reconnexion et stimulation du syst\u00e8me immunitaire.<\/p>\n<p>Cette m\u00e9thode de magn\u00e9tisme et de Reiki associ\u00e9e \u00e0 un massage de tout le corps assez puissant, lent et profond, permet de faire circuler l&rsquo;\u00e9nergie vitale \u00e0 l&rsquo;int\u00e9rieur du corps.<\/p>\n<p>Ce proc\u00e9d\u00e9 de massage biodynamique r\u00e9veille les processus naturels d&rsquo;auto-gu\u00e9rison en d\u00e9chargeant les m\u00e9moires \u00e9motionnelles encombrantes ainsi que les toxines.<\/p>\n\t\t\t<a href=\"https:\/\/lecorpsalame.fr\/index.php\/massage-des-5-continents\/#bienfaits\" target=\"_self\">\n\t\t\t\t\t\t\tses bienfaits\n\t\t\t<\/a>\n\t<h3>Tel une psychoth\u00e9rapie pour le corps, il permet de laisser se d\u00e9rouler tout un processus int\u00e9rieur r\u00e9parateur et initiateur, ouvrant la m\u00e9moire du corps, nettoyant peu \u00e0 peu les anciens traumas et laissant l&rsquo;\u00e9nergie de plaisir et de vie circuler librement.<\/h3>\n\t\t\t\t\t\t\t\t\t<img decoding=\"async\" src=\"https:\/\/lecorpsalame.fr\/wp-content\/uploads\/bb-plugin\/cache\/pexels-mart-production-8450519-scaled-square.jpg\" alt=\"pexels-mart-production-8450519\" itemprop=\"image\" title=\"pexels-mart-production-8450519\" onerror=\"this.style.display='none'\"  \/>\n\t<h3>Cette m\u00e9thode de soin apporte un l\u00e2cher prise physique et mental de mani\u00e8re impressionnante.<\/h3>\n\t<p><strong>Il permet petit \u00e0 petit de redonner grande confiance et une nouvelle vitalit\u00e9, de retrouver l&rsquo;estime de soi, un grand sentiment de paix, joie de vivre et surtout d&rsquo;harmoniser les charges \u00e9motionnelles bloquant notre \u00e9nergie.<\/strong><\/p>\n<p>Les pr\u00e9parations avec des plantes sacr\u00e9es utilis\u00e9es en ayurv\u00e9diques, huiles essentielles et diff\u00e9rentes huiles v\u00e9g\u00e9tales dans ce soin sont r\u00e9parties proportionnellement selon les crit\u00e8res des phases. (Liste non exhaustive des H.E utilis\u00e9es ces pr\u00e9parations) Arbres \u00e0 Th\u00e9, Citron, Eucalyptus, Lavande, Cypr\u00e8s, Ravintsara, Niaouli, Sarriette, Ylang-ylang, Vetiver, Romarin, Menthe poivr\u00e9e, Mandarine, G\u00e9ranium et Gingembre<\/p>\n<h2>\n\t\tVous souhaitez prendre rendez-vous pour prendre soin de vous ?\n\t<\/h2>\n\t\t\t<a href=\"https:\/\/lecorpsalame.fr\/index.php\/contact\/\" target=\"_self\">\n\t\t\t\t\t\t\tContactez-moi\n\t\t\t<\/a>\n\t\t\t\t\t\t\t\t<a href=\"https:\/\/lecorpsalame.fr\/\" target=\"_self\" itemprop=\"url\">\n\t\t\t\t\t\t\t\t\t<img loading=\"lazy\" decoding=\"async\" src=\"https:\/\/lecorpsalame.fr\/wp-content\/uploads\/2024\/05\/Favicon.png\" alt=\"Favicon\" itemprop=\"image\" height=\"5167\" width=\"5167\" srcset=\"https:\/\/lecorpsalame.fr\/wp-content\/uploads\/2024\/05\/Favicon.png 5167w, https:\/\/lecorpsalame.fr\/wp-content\/uploads\/2024\/05\/Favicon-300x300.png 300w, https:\/\/lecorpsalame.fr\/wp-content\/uploads\/2024\/05\/Favicon-1024x1024.png 1024w, https:\/\/lecorpsalame.fr\/wp-content\/uploads\/2024\/05\/Favicon-150x150.png 150w, https:\/\/lecorpsalame.fr\/wp-content\/uploads\/2024\/05\/Favicon-768x768.png 768w, https:\/\/lecorpsalame.fr\/wp-content\/uploads\/2024\/05\/Favicon-1536x1536.png 1536w, https:\/\/lecorpsalame.fr\/wp-content\/uploads\/2024\/05\/Favicon-2048x2048.png 2048w\" sizes=\"auto, (max-width: 5167px) 100vw, 5167px\" title=\"Favicon\" onerror=\"this.style.display='none'\"  \/>\n\t\t\t\t\t\t\t\t\t\t\t\t\t<\/a>\n\t<p><a href=\"https:\/\/lecorpsalame.fr\/index.php\/presentation\/\"><strong>Pr\u00e9sentation<\/strong><\/a><\/p>\n<strong>Les soins<br \/>\n<\/strong><a href=\"https:\/\/lecorpsalame.fr\/index.php\/hypnose\/\">Hypnose<\/a><br \/>\n<a href=\"https:\/\/lecorpsalame.fr\/index.php\/reflexologie\/\">R\u00e9flexologie<\/a><br \/>\n<a href=\"https:\/\/lecorpsalame.fr\/index.php\/massage-des-5-continents\/\">Massage des 5 continents<\/a>\n<p><a href=\"https:\/\/lecorpsalame.fr\/index.php\/infos-pratiques\/\"><strong>Infos pratiques<\/strong><\/a><\/p>\n\t<strong>Emilie Laouchet (EI)<\/strong><br \/>\n18 Chemin de la Sesti\u00e8re<br \/>\n84240 LA TOUR D&rsquo;AIGUES\n06 29 81 62 89<br \/>\n<a href=\"mailto:contact@lecorpsalame.fr\">contact@lecorpsalame.fr<\/a>\n\t\t<link itemprop=\"url\" href=\"https:\/\/lecorpsalame.fr\"\/>\n\t\t<a itemprop=\"sameAs\" href=\"https:\/\/www.facebook.com\/profile.php?id=61557429104822\" target=\"_blank\" title=\"\" aria-label=\"\" role=\"button\" rel=\"noopener noreferrer external\">\n\t\t\t\t\t<\/a>\n\t\t<link itemprop=\"url\" href=\"https:\/\/lecorpsalame.fr\"\/>\n\t\t<a itemprop=\"sameAs\" href=\"https:\/\/www.instagram.com\/lecorpsalame_reflexo\/\" target=\"_blank\" title=\"Instagram\" aria-label=\"Instagram\" role=\"button\" rel=\"noopener noreferrer external\">\n\t\t\t\t\t<\/a>\n\t<a href=\"https:\/\/lecorpsalame.fr\/index.php\/code-de-deontologie-en-hypnose\/\">Code de d\u00e9ontologie en hypnose<\/a><br \/>\n<a href=\"https:\/\/lecorpsalame.fr\/index.php\/charte-ethique-de-lhypnologue\/\">Charte \u00e9thique de l&rsquo;hypnologue<\/a><br \/>\n<a href=\"https:\/\/lecorpsalame.fr\/index.php\/conditions-generales-de-vente\/\">Conditions g\u00e9n\u00e9rales de vente (CGV)<\/a>\n\t\t\t<a href=\"https:\/\/lecorpsalame.fr\/index.php\/contact\/\" target=\"_self\">\n\t\t\t\t\t\t\tContactez-moi\n\t\t\t<\/a>\n\t<p>\u00a9 2024 Le Corps \u00e0 l&rsquo;Ame \u00b7 Tous droit r\u00e9serv\u00e9s \u00b7 <a href=\"https:\/\/lecorpsalame.fr\/index.php\/mentions-legales\/\">Mentions l\u00e9gales<\/a> \u00b7 <a href=\"https:\/\/lecorpsalame.fr\/index.php\/politique-de-donnees-personnelles\/\">Politique de donn\u00e9es personnelles<\/a><\/p>\n\n","protected":false},"excerpt":{"rendered":"<p>Massage des 5 continents Qu&rsquo;est-ce que le massage des 5 continents ? Cr\u00e9\u00e9 en 2009 par Olivier Honsperger, Coach, th\u00e9rapeute, formateur, le Massage des 5 Continents (M5C) est enseign\u00e9 depuis plus de 25 ans, des milliers de personnes ont \u00e9t\u00e9 form\u00e9es dans de nombreux pays. C&rsquo;est un massage qui associe l&rsquo;\u00e9nergie du Reiki et\/ou magn\u00e9tisme&hellip;<\/p>\n","protected":false},"author":1,"featured_media":0,"parent":0,"menu_order":0,"comment_status":"closed","ping_status":"closed","template":"","meta":{"footnotes":""},"class_list":["post-169","page","type-page","status-publish","hentry"],"yoast_head":"<!-- This site is optimized with the Yoast SEO plugin v24.0 - https:\/\/yoast.com\/wordpress\/plugins\/seo\/ -->\n<title>Massage des 5 Continents\u00a0\u00a0\u00a0\u00a0\u00a0\u00a0\u00a0\u00a0\u00a0\u00a0\u00a0\u00a0\u00a0\u00a0\u00a0\u00a0\u00a0\u00a0\u00a0\u00a0\u00a0\u00a0\u00a0\u00a0\u00a0\u00a0\u00a0\u00a0\u00a0\u00a0\u00a0\u00a0\u00a0\u00a0\u00a0\u00a0\u00a0\u00a0\u00a0\u00a0\u00a0\u00a0\u00a0\u00a0\u00a0\u00a0\u00a0\u00a0 - Le Corps \u00e0 l&#039;\u00c2me<\/title>\n<meta name=\"description\" content=\"vous trouverez ici toutes les informations relatives au massage des 5 continents. Le d\u00e9tail de ce massage et les bienfaits qu&#039;il apporte\" \/>\n<meta name=\"robots\" content=\"index, follow, max-snippet:-1, max-image-preview:large, max-video-preview:-1\" \/>\n<link rel=\"canonical\" href=\"https:\/\/lecorpsalame.fr\/index.php\/massage-des-5-continents\/\" \/>\n<meta property=\"og:locale\" content=\"fr_FR\" \/>\n<meta property=\"og:type\" content=\"article\" \/>\n<meta property=\"og:title\" content=\"Massage des 5 Continents\u00a0\u00a0\u00a0\u00a0\u00a0\u00a0\u00a0\u00a0\u00a0\u00a0\u00a0\u00a0\u00a0\u00a0\u00a0\u00a0\u00a0\u00a0\u00a0\u00a0\u00a0\u00a0\u00a0\u00a0\u00a0\u00a0\u00a0\u00a0\u00a0\u00a0\u00a0\u00a0\u00a0\u00a0\u00a0\u00a0\u00a0\u00a0\u00a0\u00a0\u00a0\u00a0\u00a0\u00a0\u00a0\u00a0\u00a0\u00a0 - Le Corps \u00e0 l&#039;\u00c2me\" \/>\n<meta property=\"og:description\" content=\"vous trouverez ici toutes les informations relatives au massage des 5 continents. Le d\u00e9tail de ce massage et les bienfaits qu&#039;il apporte\" \/>\n<meta property=\"og:url\" content=\"https:\/\/lecorpsalame.fr\/index.php\/massage-des-5-continents\/\" \/>\n<meta property=\"og:site_name\" content=\"Le Corps \u00e0 l&#039;\u00c2me\" \/>\n<meta property=\"article:modified_time\" content=\"2024-12-13T09:59:16+00:00\" \/>\n<meta property=\"og:image\" content=\"https:\/\/lecorpsalame.fr\/wp-content\/uploads\/bb-plugin\/cache\/pexels-mart-production-8450519-scaled-square.jpg\" \/>\n<meta name=\"twitter:card\" content=\"summary_large_image\" \/>\n<meta name=\"twitter:label1\" content=\"Dur\u00e9e de lecture estim\u00e9e\" \/>\n\t<meta name=\"twitter:data1\" content=\"3 minutes\" \/>\n<script type=\"application\/ld+json\" class=\"yoast-schema-graph\">{\"@context\":\"https:\/\/schema.org\",\"@graph\":[{\"@type\":\"WebPage\",\"@id\":\"https:\/\/lecorpsalame.fr\/index.php\/massage-des-5-continents\/\",\"url\":\"https:\/\/lecorpsalame.fr\/index.php\/massage-des-5-continents\/\",\"name\":\"Massage des 5 Continents\u00a0\u00a0\u00a0\u00a0\u00a0\u00a0\u00a0\u00a0\u00a0\u00a0\u00a0\u00a0\u00a0\u00a0\u00a0\u00a0\u00a0\u00a0\u00a0\u00a0\u00a0\u00a0\u00a0\u00a0\u00a0\u00a0\u00a0\u00a0\u00a0\u00a0\u00a0\u00a0\u00a0\u00a0\u00a0\u00a0\u00a0\u00a0\u00a0\u00a0\u00a0\u00a0\u00a0\u00a0\u00a0\u00a0\u00a0\u00a0 - Le Corps \u00e0 l&#039;\u00c2me\",\"isPartOf\":{\"@id\":\"https:\/\/lecorpsalame.fr\/#website\"},\"primaryImageOfPage\":{\"@id\":\"https:\/\/lecorpsalame.fr\/index.php\/massage-des-5-continents\/#primaryimage\"},\"image\":{\"@id\":\"https:\/\/lecorpsalame.fr\/index.php\/massage-des-5-continents\/#primaryimage\"},\"thumbnailUrl\":\"https:\/\/lecorpsalame.fr\/wp-content\/uploads\/bb-plugin\/cache\/pexels-mart-production-8450519-scaled-square.jpg\",\"datePublished\":\"2024-06-14T08:46:31+00:00\",\"dateModified\":\"2024-12-13T09:59:16+00:00\",\"description\":\"vous trouverez ici toutes les informations relatives au massage des 5 continents. Le d\u00e9tail de ce massage et les bienfaits qu'il apporte\",\"breadcrumb\":{\"@id\":\"https:\/\/lecorpsalame.fr\/index.php\/massage-des-5-continents\/#breadcrumb\"},\"inLanguage\":\"fr-FR\",\"potentialAction\":[{\"@type\":\"ReadAction\",\"target\":[\"https:\/\/lecorpsalame.fr\/index.php\/massage-des-5-continents\/\"]}]},{\"@type\":\"ImageObject\",\"inLanguage\":\"fr-FR\",\"@id\":\"https:\/\/lecorpsalame.fr\/index.php\/massage-des-5-continents\/#primaryimage\",\"url\":\"https:\/\/lecorpsalame.fr\/wp-content\/uploads\/bb-plugin\/cache\/pexels-mart-production-8450519-scaled-square.jpg\",\"contentUrl\":\"https:\/\/lecorpsalame.fr\/wp-content\/uploads\/bb-plugin\/cache\/pexels-mart-production-8450519-scaled-square.jpg\"},{\"@type\":\"BreadcrumbList\",\"@id\":\"https:\/\/lecorpsalame.fr\/index.php\/massage-des-5-continents\/#breadcrumb\",\"itemListElement\":[{\"@type\":\"ListItem\",\"position\":1,\"name\":\"Accueil\",\"item\":\"https:\/\/lecorpsalame.fr\/\"},{\"@type\":\"ListItem\",\"position\":2,\"name\":\"Massage des 5 Continents\u00a0\u00a0\u00a0\u00a0\u00a0\u00a0\u00a0\u00a0\u00a0\u00a0\u00a0\u00a0\u00a0\u00a0\u00a0\u00a0\u00a0\u00a0\u00a0\u00a0\u00a0\u00a0\u00a0\u00a0\u00a0\u00a0\u00a0\u00a0\u00a0\u00a0\u00a0\u00a0\u00a0\u00a0\u00a0\u00a0\u00a0\u00a0\u00a0\u00a0\u00a0\u00a0\u00a0\u00a0\u00a0\u00a0\u00a0\u00a0\"}]},{\"@type\":\"WebSite\",\"@id\":\"https:\/\/lecorpsalame.fr\/#website\",\"url\":\"https:\/\/lecorpsalame.fr\/\",\"name\":\"Le Corps \u00e0 l'\u00c2me\",\"description\":\"Massages &amp; Soins \u00e9nerg\u00e9tiques\",\"potentialAction\":[{\"@type\":\"SearchAction\",\"target\":{\"@type\":\"EntryPoint\",\"urlTemplate\":\"https:\/\/lecorpsalame.fr\/?s={search_term_string}\"},\"query-input\":{\"@type\":\"PropertyValueSpecification\",\"valueRequired\":true,\"valueName\":\"search_term_string\"}}],\"inLanguage\":\"fr-FR\"}]}<\/script>\n<!-- \/ Yoast SEO plugin. -->","yoast_head_json":{"title":"Massage des 5 Continents\u00a0\u00a0\u00a0\u00a0\u00a0\u00a0\u00a0\u00a0\u00a0\u00a0\u00a0\u00a0\u00a0\u00a0\u00a0\u00a0\u00a0\u00a0\u00a0\u00a0\u00a0\u00a0\u00a0\u00a0\u00a0\u00a0\u00a0\u00a0\u00a0\u00a0\u00a0\u00a0\u00a0\u00a0\u00a0\u00a0\u00a0\u00a0\u00a0\u00a0\u00a0\u00a0\u00a0\u00a0\u00a0\u00a0\u00a0\u00a0 - Le Corps \u00e0 l&#039;\u00c2me","description":"vous trouverez ici toutes les informations relatives au massage des 5 continents. Le d\u00e9tail de ce massage et les bienfaits qu'il apporte","robots":{"index":"index","follow":"follow","max-snippet":"max-snippet:-1","max-image-preview":"max-image-preview:large","max-video-preview":"max-video-preview:-1"},"canonical":"https:\/\/lecorpsalame.fr\/index.php\/massage-des-5-continents\/","og_locale":"fr_FR","og_type":"article","og_title":"Massage des 5 Continents\u00a0\u00a0\u00a0\u00a0\u00a0\u00a0\u00a0\u00a0\u00a0\u00a0\u00a0\u00a0\u00a0\u00a0\u00a0\u00a0\u00a0\u00a0\u00a0\u00a0\u00a0\u00a0\u00a0\u00a0\u00a0\u00a0\u00a0\u00a0\u00a0\u00a0\u00a0\u00a0\u00a0\u00a0\u00a0\u00a0\u00a0\u00a0\u00a0\u00a0\u00a0\u00a0\u00a0\u00a0\u00a0\u00a0\u00a0\u00a0 - Le Corps \u00e0 l&#039;\u00c2me","og_description":"vous trouverez ici toutes les informations relatives au massage des 5 continents. Le d\u00e9tail de ce massage et les bienfaits qu'il apporte","og_url":"https:\/\/lecorpsalame.fr\/index.php\/massage-des-5-continents\/","og_site_name":"Le Corps \u00e0 l&#039;\u00c2me","article_modified_time":"2024-12-13T09:59:16+00:00","og_image":[{"url":"https:\/\/lecorpsalame.fr\/wp-content\/uploads\/bb-plugin\/cache\/pexels-mart-production-8450519-scaled-square.jpg","type":"","width":"","height":""}],"twitter_card":"summary_large_image","twitter_misc":{"Dur\u00e9e de lecture estim\u00e9e":"3 minutes"},"schema":{"@context":"https:\/\/schema.org","@graph":[{"@type":"WebPage","@id":"https:\/\/lecorpsalame.fr\/index.php\/massage-des-5-continents\/","url":"https:\/\/lecorpsalame.fr\/index.php\/massage-des-5-continents\/","name":"Massage des 5 Continents\u00a0\u00a0\u00a0\u00a0\u00a0\u00a0\u00a0\u00a0\u00a0\u00a0\u00a0\u00a0\u00a0\u00a0\u00a0\u00a0\u00a0\u00a0\u00a0\u00a0\u00a0\u00a0\u00a0\u00a0\u00a0\u00a0\u00a0\u00a0\u00a0\u00a0\u00a0\u00a0\u00a0\u00a0\u00a0\u00a0\u00a0\u00a0\u00a0\u00a0\u00a0\u00a0\u00a0\u00a0\u00a0\u00a0\u00a0\u00a0 - Le Corps \u00e0 l&#039;\u00c2me","isPartOf":{"@id":"https:\/\/lecorpsalame.fr\/#website"},"primaryImageOfPage":{"@id":"https:\/\/lecorpsalame.fr\/index.php\/massage-des-5-continents\/#primaryimage"},"image":{"@id":"https:\/\/lecorpsalame.fr\/index.php\/massage-des-5-continents\/#primaryimage"},"thumbnailUrl":"https:\/\/lecorpsalame.fr\/wp-content\/uploads\/bb-plugin\/cache\/pexels-mart-production-8450519-scaled-square.jpg","datePublished":"2024-06-14T08:46:31+00:00","dateModified":"2024-12-13T09:59:16+00:00","description":"vous trouverez ici toutes les informations relatives au massage des 5 continents. Le d\u00e9tail de ce massage et les bienfaits qu'il apporte","breadcrumb":{"@id":"https:\/\/lecorpsalame.fr\/index.php\/massage-des-5-continents\/#breadcrumb"},"inLanguage":"fr-FR","potentialAction":[{"@type":"ReadAction","target":["https:\/\/lecorpsalame.fr\/index.php\/massage-des-5-continents\/"]}]},{"@type":"ImageObject","inLanguage":"fr-FR","@id":"https:\/\/lecorpsalame.fr\/index.php\/massage-des-5-continents\/#primaryimage","url":"https:\/\/lecorpsalame.fr\/wp-content\/uploads\/bb-plugin\/cache\/pexels-mart-production-8450519-scaled-square.jpg","contentUrl":"https:\/\/lecorpsalame.fr\/wp-content\/uploads\/bb-plugin\/cache\/pexels-mart-production-8450519-scaled-square.jpg"},{"@type":"BreadcrumbList","@id":"https:\/\/lecorpsalame.fr\/index.php\/massage-des-5-continents\/#breadcrumb","itemListElement":[{"@type":"ListItem","position":1,"name":"Accueil","item":"https:\/\/lecorpsalame.fr\/"},{"@type":"ListItem","position":2,"name":"Massage des 5 Continents\u00a0\u00a0\u00a0\u00a0\u00a0\u00a0\u00a0\u00a0\u00a0\u00a0\u00a0\u00a0\u00a0\u00a0\u00a0\u00a0\u00a0\u00a0\u00a0\u00a0\u00a0\u00a0\u00a0\u00a0\u00a0\u00a0\u00a0\u00a0\u00a0\u00a0\u00a0\u00a0\u00a0\u00a0\u00a0\u00a0\u00a0\u00a0\u00a0\u00a0\u00a0\u00a0\u00a0\u00a0\u00a0\u00a0\u00a0\u00a0"}]},{"@type":"WebSite","@id":"https:\/\/lecorpsalame.fr\/#website","url":"https:\/\/lecorpsalame.fr\/","name":"Le Corps \u00e0 l'\u00c2me","description":"Massages &amp; Soins \u00e9nerg\u00e9tiques","potentialAction":[{"@type":"SearchAction","target":{"@type":"EntryPoint","urlTemplate":"https:\/\/lecorpsalame.fr\/?s={search_term_string}"},"query-input":{"@type":"PropertyValueSpecification","valueRequired":true,"valueName":"search_term_string"}}],"inLanguage":"fr-FR"}]}},"_links":{"self":[{"href":"https:\/\/lecorpsalame.fr\/index.php\/wp-json\/wp\/v2\/pages\/169","targetHints":{"allow":["GET"]}}],"collection":[{"href":"https:\/\/lecorpsalame.fr\/index.php\/wp-json\/wp\/v2\/pages"}],"about":[{"href":"https:\/\/lecorpsalame.fr\/index.php\/wp-json\/wp\/v2\/types\/page"}],"author":[{"embeddable":true,"href":"https:\/\/lecorpsalame.fr\/index.php\/wp-json\/wp\/v2\/users\/1"}],"replies":[{"embeddable":true,"href":"https:\/\/lecorpsalame.fr\/index.php\/wp-json\/wp\/v2\/comments?post=169"}],"version-history":[{"count":7,"href":"https:\/\/lecorpsalame.fr\/index.php\/wp-json\/wp\/v2\/pages\/169\/revisions"}],"predecessor-version":[{"id":393,"href":"https:\/\/lecorpsalame.fr\/index.php\/wp-json\/wp\/v2\/pages\/169\/revisions\/393"}],"wp:attachment":[{"href":"https:\/\/lecorpsalame.fr\/index.php\/wp-json\/wp\/v2\/media?parent=169"}],"curies":[{"name":"wp","href":"https:\/\/api.w.org\/{rel}","templated":true}]}}