{"id":154,"date":"2024-06-10T09:49:24","date_gmt":"2024-06-10T07:49:24","guid":{"rendered":"https:\/\/lecorpsalame.fr\/?page_id=154"},"modified":"2024-11-25T11:13:26","modified_gmt":"2024-11-25T10:13:26","slug":"charte-ethique-de-lhypnologue","status":"publish","type":"page","link":"https:\/\/lecorpsalame.fr\/index.php\/charte-ethique-de-lhypnologue\/","title":{"rendered":"Charte \u00e9thique de l&rsquo;hypnologue"},"content":{"rendered":"\n<h2>\n\t\tCharte \u00e9thique de l&rsquo;hypnologue :  Acad\u00e9mie de Recherche et Connaissances en Hypnose Ericksonienne\n\t<\/h2>\n\t<strong>Art 1. Hypnose et conscience<\/strong><br \/>\nDans une culture o\u00f9 la distinction classique entre \u00abimage\u00bb et \u00abfait\u00bb, entre \u00abvirtuel\u00bb et \u00abr\u00e9el\u00bb, est de moins en moins \u00e9vidente, le signataire s&rsquo;engage \u00e0 favoriser une \u00abp\u00e9dagogie\u00bb du changement destin\u00e9e \u00e0 assurer au plus grand nombre la ma\u00eetrise et la connaissance des principes d&rsquo;action de la suggestion sous toutes ses formes. Ainsi il privil\u00e9gie pour ses clients la connaissance et l&rsquo;exploration de soi.\n<strong>Art 2. Clause de conscience<\/strong><br \/>\nLe signataire refuse d&rsquo;intervenir dans tous les cas o\u00f9 l&rsquo;int\u00e9r\u00eat d&rsquo;autrui lui appara\u00eet menac\u00e9, \u00e0 travers une perte d&rsquo;autonomie en particulier. Le signataire refuse toute intervention susceptible de favoriser l&rsquo;assujettissement d&rsquo;un individu \u00e0 un groupe ou \u00e0 une id\u00e9ologie, quelque valeureuses qu&rsquo;en apparaissent les finalit\u00e9s. L&rsquo;hypnologue ne peut soumettre la personne humaine \u00e0 un objectif qui lui serait \u00e9tranger et qui le transformerait en simple moyen d&rsquo;une politique commerciale.\n<strong>Art 3. Respect des droits humains fondamentaux, de la diversit\u00e9, des \u00e9quilibres \u00e9cologiques<\/strong><br \/>\nLe signataire refuse, dans le cadre de la d\u00e9finition d&rsquo;un objectif \u00e0 atteindre, de favoriser l&rsquo;expression de toute forme de volont\u00e9 de puissance. L&rsquo;Hypnologue respecte et promeut l&rsquo;autonomie, la dignit\u00e9 humaine, la libert\u00e9 ainsi que tous les droits inh\u00e9rents \u00e0 la nature humaine.\n<strong>Art 4. Juste rapport au sujet<\/strong><br \/>\nLe signataire refuse une gestion de la s\u00e9ance et du suivi impliquant \u00abla position haute\u00bb du th\u00e9rapeute. Le signataire consid\u00e8re toute personne comme hypnotisable et responsable. Il se donne une obligation de moyen d\u00e8s lors qu&rsquo;il accepte une demande. Il respecte ainsi une philosophie en lien avec une<br \/>\npratique d&rsquo;inspiration \u00aberiksonienne\u00bb.\n<strong>Art 5. Philosophie du changement et recadrage des situations<\/strong><br \/>\nLe signataire se d\u00e9finit comme repr\u00e9sentant, \u00e0 la fois hypnologue et promoteur, d&rsquo;une \u00abphilosophie du changement\u00bb. La \u00abphilosophie du changement\u00bb en hypnose implique principalement la recherche<br \/>\npermanente du recadrage, de la multiplication des points de vues, et de l&rsquo;\u00e9largissement des possibilit\u00e9s.\n<strong>Art 6. Cat\u00e9gories du conscient et de l&rsquo;inconscient<\/strong><br \/>\nLe signataire refuse tout assujettissement \u00e0 un courant de pens\u00e9e ou \u00e0 une doctrine psychologique accordant \u00e0 l&rsquo;inconscient un statut ontologique inf\u00e9rieur \u00e0 celui du conscient. La raison \u00e9tant que le signataire ne juge pas a priori pertinente ou op\u00e9rationnelle la r\u00e9partition des processus psychologiques \u00e0 partir des deux cat\u00e9gories du conscient et de l&rsquo;inconscient. Il lui pr\u00e9f\u00e8re une perception dynamique et \u00e9volutive consid\u00e9rant qu&rsquo;il y a le plus souvent une continuit\u00e9 et des interactions entre ces deux r\u00e9alit\u00e9s et non pas une diff\u00e9rence de nature.\n<strong>Art 7. Hypnose et spectacle<\/strong><br \/>\nEn aucun cas, l&rsquo;hypnose ne peut \u00eatre utilis\u00e9e pour la cr\u00e9ation d&rsquo;un effet ou de toute action dont le but irait \u00e0 l&rsquo;encontre de la volont\u00e9, de l&rsquo;int\u00e9grit\u00e9 ou de l&rsquo;int\u00e9r\u00eat du sujet.\n<strong>Art 8. Une vision \u00ab positive \u00bb de l&rsquo;inconscient<\/strong><br \/>\nL&rsquo;inconscient est, en hypnose, consid\u00e9r\u00e9 comme une ressource. Il est ainsi \u00ab positif \u00bb dans le sens o\u00f9 il est le r\u00e9ceptacle du mat\u00e9riel \u00e0 partir duquel un changement, un apprentissage ou une \u00e9volution deviennent<br \/>\npossibles.\nArt 9. Recherche de l&rsquo;autonomie des publics<br \/>\nLe signataire favorise, par l&rsquo;exercice d&rsquo;une philosophie du changement, tant par sa pratique que par ses enseignements ou par ses recherches, une autonomie toujours plus forte de l&rsquo;ensemble des publics<br \/>\navec lesquels il est en rapport.\n<strong>Art 10. Une conception ouverte de la temporalit\u00e9<\/strong><br \/>\nLe signataire consid\u00e8re, dans le cadre de son action, le pr\u00e9sent comme la seule dimension temporelle \u00e0 l&rsquo;\u0153uvre. Le pass\u00e9 et l&rsquo;avenir sont, dans ce cadre, de nature exclusivement repr\u00e9sentationnelle. Le pass\u00e9<br \/>\nd&rsquo;un sujet n&rsquo;a pas valeur pr\u00e9\u00e9minente pour appr\u00e9hender ou produire un changement interne. La philosophie du changement op\u00e8re par la possible red\u00e9finition de l&rsquo;individu \u00e0 chaque instant. \u00abTout est dans le pr\u00e9sent, \u00e0 commencer par les repr\u00e9sentations du pass\u00e9 et de l&rsquo;avenir\u00bb.\n<strong>Art 11. L&rsquo;hypnose comme un art<\/strong><br \/>\nLe signataire consid\u00e8re sa pratique comme un art impliquant la connaissance pr\u00e9alable des bases techniques propres \u00e0 l&rsquo;hypnose, mais aussi aux disciplines compl\u00e9mentaires que sont, par exemple, la syst\u00e9mique, la P.N.L ou les T.C.C. En tant qu&rsquo;art, l&rsquo;adaptation ; la cr\u00e9ativit\u00e9, la recherche d&rsquo;un travail<br \/>\nunique et adapt\u00e9 non pas \u00e0 une demande mais \u00e0 une personnalit\u00e9 forment la base du travail du signataire.\n<strong>Art 12. Une approche pragmatique<\/strong><br \/>\nL&rsquo;hypnologue privil\u00e9gie la dimension pratique de son art sur toute forme de sp\u00e9culation intellectuelle ; il privil\u00e9gie le \u00abcomment\u00bb sur le \u00abpourquoi\u00bb, le rep\u00e9rage d&rsquo;un sch\u00e8me psychocorporel nouveau sur toute projection d&rsquo;une id\u00e9ologie uniforme quel que soit l&rsquo;individu. Cependant, il s&rsquo;efforce de formaliser l&rsquo;ensemble de ses exp\u00e9riences dans des termes accessibles au plus grand nombre. Dans sa pratique, le signataire ne cherche pas \u00e0 supprimer un sympt\u00f4me, mais \u00e0 agir sur les m\u00e9canismes inconscients qui sont \u00e0 l&rsquo;origine d&rsquo;une probl\u00e9matique. Ainsi il ne recherche pas une seule efficacit\u00e9 imm\u00e9diate, mais la transformation compl\u00e8te, coh\u00e9rente et s&rsquo;inscrivant dans la dur\u00e9e.\n<strong>Art 13. Devoir de confidentialit\u00e9 et de discr\u00e9tion<\/strong><br \/>\nLe signataire s&rsquo;engage, en dehors de son travail d&rsquo;enseignement ou de recherche, \u00e0 respecter scrupuleusement le devoir de confidentialit\u00e9 vis \u00e0 vis des personnes qui le consultent. Le contenu informatif sur l&rsquo;intimit\u00e9, l&rsquo;historicit\u00e9 ou m\u00eame, dans certains cas bien sp\u00e9cifiques, sur l&rsquo;objectif du sujet, n&rsquo;a pas d&rsquo;int\u00e9r\u00eat majeur dans les applications de l&rsquo;hypnose.\n<strong>Art 14. \u00abProgrammer le changement\u00bb<\/strong><br \/>\nSous le rapport \u00e0 la PNL (Programmation Neuro Linguistique), l&rsquo;hypnologue ne soustrait pas un \u00abprogramme\u00bb, un \u00absch\u00e9ma\u00bb entretenu par l&rsquo;individu. Il en propose d&rsquo;autres. A titre d&rsquo;exemple, il ne sugg\u00e8rera pas au sujet de ne plus \u00eatre tel qu&rsquo;il \u00e9tait, mais de devenir tel qu&rsquo;il d\u00e9sire \u00eatre. L&rsquo;hypnose ajoute des possibilit\u00e9s.\n<strong>Art 15. Hypnose et art<\/strong><br \/>\nLe signataire, consid\u00e9rant sa pratique comme un art, aura volontiers recours \u00e0 des disciplines voisines telles que le th\u00e9\u00e2tre, la rh\u00e9torique, la linguistique&#8230; La recherche pragmatique de l&rsquo;efficacit\u00e9 pr\u00e9vaut sur toute forme de sp\u00e9culation intellectuelle. En aucun cas, le signataire ne peut arguer de l&rsquo;appartenance<br \/>\n\u00e0 l&rsquo;ARCHE pour s&rsquo;attribuer une quelconque autorit\u00e9 lui permettant de qualifier id\u00e9ologiquement l&rsquo;association comme appartenant \u00e0 tel ou tel courant. L&rsquo;hypnose ne peut pas \u00eatre consid\u00e9r\u00e9e, quel que soit le caract\u00e8re surprenant de certains de ses r\u00e9sultats, comme relevant de la magie dans le sens<br \/>\nhabituel accord\u00e9 \u00e0 ce terme.\n<strong>Art 16. Hypnose et congruence, la juste attitude<\/strong><br \/>\nL&rsquo;hypnologue signataire ne se pr\u00e9occupe ni de sa propre image, ni de se conformer aux attentes convenues d&rsquo;un sujet. Il veille \u00e0 ce que ses propres croyances n&rsquo;interf\u00e8rent pas dans sa pratique professionnelle. Il affiche une neutralit\u00e9 bienveillante. Il fonde ses pratiques sur un optimisme dans les<br \/>\nprocessus de changement, dans les capacit\u00e9s d&rsquo;adaptation des personnes, dans les r\u00e9ponses susceptibles d&rsquo;\u00eatre \u00e9labor\u00e9es par l&rsquo;inconscient, dans l&rsquo;\u00e9mergence de solutions destin\u00e9es \u00e0 cr\u00e9er un changement ou \u00e0 accro\u00eetre l&rsquo;autonomie des personnes. Le signataire doit en particulier d\u00e9velopper la \u00abcongruence\u00bb, autrement dit son aptitude \u00e0 \u00eatre \u00abfluide\u00bb et \u00e0 se rendre plastique au langage de l&rsquo;inconscient et \u00e0 pouvoir \u00abdialoguer\u00bb avec ce dernier pour en faire surgir la solution.\n<strong>Art 17. Fixation de l&rsquo;objectif, recherche de solutions<\/strong><br \/>\nToute intervention du signataire est orient\u00e9e vers une solution pratique et polaris\u00e9e par un objectif pr\u00e9cis. L&rsquo;attitude du signataire doit se traduire \u00e0 l&rsquo;\u00e9gard des sujets comme une \u00abneutralit\u00e9 bienveillante\u00bb et extr\u00eamement positive. Les \u00e9motions positives du client, sa propre valorisation mesur\u00e9e, seront recherch\u00e9es prioritairement. Il s&rsquo;agit d&rsquo;encourager les \u00e9motions agr\u00e9ables associ\u00e9es \u00e0 une repr\u00e9sentation optimiste susceptible de produire plus facilement la solution pratique recherch\u00e9e.\n<strong>Art 18. Rapport \u00e0 la psychoth\u00e9rapie, \u00e0 la psychologie et psychiatrie<\/strong><br \/>\nL&rsquo;hypnose est un outil de communication et de changement qui a des applications multiples dans des disciplines vari\u00e9s. Le signataire pratique l&rsquo;hypnose en conformit\u00e9 avec le cadre juridique en vigueur dans<br \/>\nson pays. Il veillera tout particuli\u00e8rement \u00e0 respecter le monopole conf\u00e9r\u00e9 par la loi \u00e0 certains domaines r\u00e9serv\u00e9s dans le cas o\u00f9 il ne poss\u00e8de pas le titre lui permettant d&rsquo;exercer dans un de ces domaines (m\u00e9decine ou psychologie par exemple). Un rapprochement, une collaboration, avec des professionnels<br \/>\nde ces autres disciplines sont encourag\u00e9s pour une meilleure prise en charge de la personne ainsi que pour permettre l&rsquo;enrichissement et la diffusion des connaissances en hypnose.\n<strong>Art 19. Evolution de l&rsquo;Hypnologue<\/strong><br \/>\nLe signataire s&rsquo;engage \u00e0 \u00eatre dans une perspective d&rsquo;\u00e9volution et de remise en cause r\u00e9guli\u00e8re dans sa pratique. Il suit ainsi une supervision professionnelle et compl\u00e8te r\u00e9guli\u00e8rement sa formation par des approfondissements, des lectures, des recherches et tout autre outil lui permettant de progresser dans<br \/>\nson art.\n<strong>Art 20. Conclusion<\/strong><br \/>\nLe signataire qui s&rsquo;engage \u00e0 respecter la charte, ainsi que le code de d\u00e9ontologie \u00e9ricksonienne a toute latitude pour faire conna\u00eetre et revendiquer son appartenance \u00e0 l&rsquo;ARCHE\n\t\t\t\t\t\t\t\t<a href=\"https:\/\/lecorpsalame.fr\/\" target=\"_self\" itemprop=\"url\">\n\t\t\t\t\t\t\t\t\t<img loading=\"lazy\" decoding=\"async\" src=\"https:\/\/lecorpsalame.fr\/wp-content\/uploads\/2024\/05\/Favicon.png\" alt=\"Favicon\" itemprop=\"image\" height=\"5167\" width=\"5167\" srcset=\"https:\/\/lecorpsalame.fr\/wp-content\/uploads\/2024\/05\/Favicon.png 5167w, https:\/\/lecorpsalame.fr\/wp-content\/uploads\/2024\/05\/Favicon-300x300.png 300w, https:\/\/lecorpsalame.fr\/wp-content\/uploads\/2024\/05\/Favicon-1024x1024.png 1024w, https:\/\/lecorpsalame.fr\/wp-content\/uploads\/2024\/05\/Favicon-150x150.png 150w, https:\/\/lecorpsalame.fr\/wp-content\/uploads\/2024\/05\/Favicon-768x768.png 768w, https:\/\/lecorpsalame.fr\/wp-content\/uploads\/2024\/05\/Favicon-1536x1536.png 1536w, https:\/\/lecorpsalame.fr\/wp-content\/uploads\/2024\/05\/Favicon-2048x2048.png 2048w\" sizes=\"auto, (max-width: 5167px) 100vw, 5167px\" title=\"Favicon\" onerror=\"this.style.display='none'\"  \/>\n\t\t\t\t\t\t\t\t\t\t\t\t\t<\/a>\n\t<p><a href=\"https:\/\/lecorpsalame.fr\/index.php\/presentation\/\"><strong>Pr\u00e9sentation<\/strong><\/a><\/p>\n<strong>Les soins<br \/>\n<\/strong><a href=\"https:\/\/lecorpsalame.fr\/index.php\/hypnose\/\">Hypnose<\/a><br \/>\n<a href=\"https:\/\/lecorpsalame.fr\/index.php\/reflexologie\/\">R\u00e9flexologie<\/a><br \/>\n<a href=\"https:\/\/lecorpsalame.fr\/index.php\/massage-des-5-continents\/\">Massage des 5 continents<\/a>\n<p><a href=\"https:\/\/lecorpsalame.fr\/index.php\/infos-pratiques\/\"><strong>Infos pratiques<\/strong><\/a><\/p>\n\t<strong>Emilie Laouchet (EI)<\/strong><br \/>\n18 Chemin de la Sesti\u00e8re<br \/>\n84240 LA TOUR D&rsquo;AIGUES\n06 29 81 62 89<br \/>\n<a href=\"mailto:contact@lecorpsalame.fr\">contact@lecorpsalame.fr<\/a>\n\t\t<link itemprop=\"url\" href=\"https:\/\/lecorpsalame.fr\"\/>\n\t\t<a itemprop=\"sameAs\" href=\"https:\/\/www.facebook.com\/profile.php?id=61557429104822\" target=\"_blank\" title=\"\" aria-label=\"\" role=\"button\" rel=\"noopener noreferrer external\">\n\t\t\t\t\t<\/a>\n\t\t<link itemprop=\"url\" href=\"https:\/\/lecorpsalame.fr\"\/>\n\t\t<a itemprop=\"sameAs\" href=\"https:\/\/www.instagram.com\/lecorpsalame_reflexo\/\" target=\"_blank\" title=\"Instagram\" aria-label=\"Instagram\" role=\"button\" rel=\"noopener noreferrer external\">\n\t\t\t\t\t<\/a>\n\t<a href=\"https:\/\/lecorpsalame.fr\/index.php\/code-de-deontologie-en-hypnose\/\">Code de d\u00e9ontologie en hypnose<\/a><br \/>\n<a href=\"https:\/\/lecorpsalame.fr\/index.php\/charte-ethique-de-lhypnologue\/\">Charte \u00e9thique de l&rsquo;hypnologue<\/a>\n\t\t\t<a href=\"https:\/\/lecorpsalame.fr\/index.php\/contact\/\" target=\"_self\">\n\t\t\t\t\t\t\tContactez-moi\n\t\t\t<\/a>\n\t<p>\u00a9 2024 Le Corps \u00e0 l&rsquo;Ame \u00b7 Tous droit r\u00e9serv\u00e9s \u00b7 <a href=\"https:\/\/lecorpsalame.fr\/index.php\/mentions-legales\/\">Mentions l\u00e9gales<\/a> \u00b7 <a href=\"https:\/\/lecorpsalame.fr\/index.php\/politique-de-donnees-personnelles\/\">Politique de donn\u00e9es personnelles<\/a><\/p>\n\n","protected":false},"excerpt":{"rendered":"<p>Charte \u00e9thique de l&rsquo;hypnologue : Acad\u00e9mie de Recherche et Connaissances en Hypnose Ericksonienne Art 1. Hypnose et conscience Dans une culture o\u00f9 la distinction classique entre \u00abimage\u00bb et \u00abfait\u00bb, entre \u00abvirtuel\u00bb et \u00abr\u00e9el\u00bb, est de moins en moins \u00e9vidente, le signataire s&rsquo;engage \u00e0 favoriser une \u00abp\u00e9dagogie\u00bb du changement destin\u00e9e \u00e0 assurer au plus grand nombre&hellip;<\/p>\n","protected":false},"author":1,"featured_media":0,"parent":0,"menu_order":0,"comment_status":"closed","ping_status":"closed","template":"","meta":{"footnotes":""},"class_list":["post-154","page","type-page","status-publish","hentry"],"yoast_head":"<!-- This site is optimized with the Yoast SEO plugin v24.0 - https:\/\/yoast.com\/wordpress\/plugins\/seo\/ -->\n<title>Charte \u00e9thique de l&#039;hypnologue - Le Corps \u00e0 l&#039;\u00c2me<\/title>\n<meta name=\"description\" content=\"Retrouvez sur cette page la charte \u00e9thique de l&#039;hypnologue, les droits et devoirs d&#039;un hypnologue et les bases \u00e9thiques de notre relation\" \/>\n<meta name=\"robots\" content=\"index, follow, max-snippet:-1, max-image-preview:large, max-video-preview:-1\" \/>\n<link rel=\"canonical\" href=\"https:\/\/lecorpsalame.fr\/index.php\/charte-ethique-de-lhypnologue\/\" \/>\n<meta property=\"og:locale\" content=\"fr_FR\" \/>\n<meta property=\"og:type\" content=\"article\" \/>\n<meta property=\"og:title\" content=\"Charte \u00e9thique de l&#039;hypnologue - Le Corps \u00e0 l&#039;\u00c2me\" \/>\n<meta property=\"og:description\" content=\"Retrouvez sur cette page la charte \u00e9thique de l&#039;hypnologue, les droits et devoirs d&#039;un hypnologue et les bases \u00e9thiques de notre relation\" \/>\n<meta property=\"og:url\" content=\"https:\/\/lecorpsalame.fr\/index.php\/charte-ethique-de-lhypnologue\/\" \/>\n<meta property=\"og:site_name\" content=\"Le Corps \u00e0 l&#039;\u00c2me\" \/>\n<meta property=\"article:modified_time\" content=\"2024-11-25T10:13:26+00:00\" \/>\n<meta property=\"og:image\" content=\"https:\/\/lecorpsalame.fr\/wp-content\/uploads\/2024\/05\/Favicon.png\" \/>\n<meta name=\"twitter:card\" content=\"summary_large_image\" \/>\n<meta name=\"twitter:label1\" content=\"Dur\u00e9e de lecture estim\u00e9e\" \/>\n\t<meta name=\"twitter:data1\" content=\"8 minutes\" \/>\n<script type=\"application\/ld+json\" class=\"yoast-schema-graph\">{\"@context\":\"https:\/\/schema.org\",\"@graph\":[{\"@type\":\"WebPage\",\"@id\":\"https:\/\/lecorpsalame.fr\/index.php\/charte-ethique-de-lhypnologue\/\",\"url\":\"https:\/\/lecorpsalame.fr\/index.php\/charte-ethique-de-lhypnologue\/\",\"name\":\"Charte \u00e9thique de l'hypnologue - Le Corps \u00e0 l&#039;\u00c2me\",\"isPartOf\":{\"@id\":\"https:\/\/lecorpsalame.fr\/#website\"},\"primaryImageOfPage\":{\"@id\":\"https:\/\/lecorpsalame.fr\/index.php\/charte-ethique-de-lhypnologue\/#primaryimage\"},\"image\":{\"@id\":\"https:\/\/lecorpsalame.fr\/index.php\/charte-ethique-de-lhypnologue\/#primaryimage\"},\"thumbnailUrl\":\"https:\/\/lecorpsalame.fr\/wp-content\/uploads\/2024\/05\/Favicon.png\",\"datePublished\":\"2024-06-10T07:49:24+00:00\",\"dateModified\":\"2024-11-25T10:13:26+00:00\",\"description\":\"Retrouvez sur cette page la charte \u00e9thique de l'hypnologue, les droits et devoirs d'un hypnologue et les bases \u00e9thiques de notre relation\",\"breadcrumb\":{\"@id\":\"https:\/\/lecorpsalame.fr\/index.php\/charte-ethique-de-lhypnologue\/#breadcrumb\"},\"inLanguage\":\"fr-FR\",\"potentialAction\":[{\"@type\":\"ReadAction\",\"target\":[\"https:\/\/lecorpsalame.fr\/index.php\/charte-ethique-de-lhypnologue\/\"]}]},{\"@type\":\"ImageObject\",\"inLanguage\":\"fr-FR\",\"@id\":\"https:\/\/lecorpsalame.fr\/index.php\/charte-ethique-de-lhypnologue\/#primaryimage\",\"url\":\"https:\/\/lecorpsalame.fr\/wp-content\/uploads\/2024\/05\/Favicon.png\",\"contentUrl\":\"https:\/\/lecorpsalame.fr\/wp-content\/uploads\/2024\/05\/Favicon.png\"},{\"@type\":\"BreadcrumbList\",\"@id\":\"https:\/\/lecorpsalame.fr\/index.php\/charte-ethique-de-lhypnologue\/#breadcrumb\",\"itemListElement\":[{\"@type\":\"ListItem\",\"position\":1,\"name\":\"Accueil\",\"item\":\"https:\/\/lecorpsalame.fr\/\"},{\"@type\":\"ListItem\",\"position\":2,\"name\":\"Charte \u00e9thique de l&rsquo;hypnologue\"}]},{\"@type\":\"WebSite\",\"@id\":\"https:\/\/lecorpsalame.fr\/#website\",\"url\":\"https:\/\/lecorpsalame.fr\/\",\"name\":\"Le Corps \u00e0 l'\u00c2me\",\"description\":\"Massages &amp; Soins \u00e9nerg\u00e9tiques\",\"potentialAction\":[{\"@type\":\"SearchAction\",\"target\":{\"@type\":\"EntryPoint\",\"urlTemplate\":\"https:\/\/lecorpsalame.fr\/?s={search_term_string}\"},\"query-input\":{\"@type\":\"PropertyValueSpecification\",\"valueRequired\":true,\"valueName\":\"search_term_string\"}}],\"inLanguage\":\"fr-FR\"}]}<\/script>\n<!-- \/ Yoast SEO plugin. -->","yoast_head_json":{"title":"Charte \u00e9thique de l'hypnologue - Le Corps \u00e0 l&#039;\u00c2me","description":"Retrouvez sur cette page la charte \u00e9thique de l'hypnologue, les droits et devoirs d'un hypnologue et les bases \u00e9thiques de notre relation","robots":{"index":"index","follow":"follow","max-snippet":"max-snippet:-1","max-image-preview":"max-image-preview:large","max-video-preview":"max-video-preview:-1"},"canonical":"https:\/\/lecorpsalame.fr\/index.php\/charte-ethique-de-lhypnologue\/","og_locale":"fr_FR","og_type":"article","og_title":"Charte \u00e9thique de l'hypnologue - Le Corps \u00e0 l&#039;\u00c2me","og_description":"Retrouvez sur cette page la charte \u00e9thique de l'hypnologue, les droits et devoirs d'un hypnologue et les bases \u00e9thiques de notre relation","og_url":"https:\/\/lecorpsalame.fr\/index.php\/charte-ethique-de-lhypnologue\/","og_site_name":"Le Corps \u00e0 l&#039;\u00c2me","article_modified_time":"2024-11-25T10:13:26+00:00","og_image":[{"url":"https:\/\/lecorpsalame.fr\/wp-content\/uploads\/2024\/05\/Favicon.png","type":"","width":"","height":""}],"twitter_card":"summary_large_image","twitter_misc":{"Dur\u00e9e de lecture estim\u00e9e":"8 minutes"},"schema":{"@context":"https:\/\/schema.org","@graph":[{"@type":"WebPage","@id":"https:\/\/lecorpsalame.fr\/index.php\/charte-ethique-de-lhypnologue\/","url":"https:\/\/lecorpsalame.fr\/index.php\/charte-ethique-de-lhypnologue\/","name":"Charte \u00e9thique de l'hypnologue - Le Corps \u00e0 l&#039;\u00c2me","isPartOf":{"@id":"https:\/\/lecorpsalame.fr\/#website"},"primaryImageOfPage":{"@id":"https:\/\/lecorpsalame.fr\/index.php\/charte-ethique-de-lhypnologue\/#primaryimage"},"image":{"@id":"https:\/\/lecorpsalame.fr\/index.php\/charte-ethique-de-lhypnologue\/#primaryimage"},"thumbnailUrl":"https:\/\/lecorpsalame.fr\/wp-content\/uploads\/2024\/05\/Favicon.png","datePublished":"2024-06-10T07:49:24+00:00","dateModified":"2024-11-25T10:13:26+00:00","description":"Retrouvez sur cette page la charte \u00e9thique de l'hypnologue, les droits et devoirs d'un hypnologue et les bases \u00e9thiques de notre relation","breadcrumb":{"@id":"https:\/\/lecorpsalame.fr\/index.php\/charte-ethique-de-lhypnologue\/#breadcrumb"},"inLanguage":"fr-FR","potentialAction":[{"@type":"ReadAction","target":["https:\/\/lecorpsalame.fr\/index.php\/charte-ethique-de-lhypnologue\/"]}]},{"@type":"ImageObject","inLanguage":"fr-FR","@id":"https:\/\/lecorpsalame.fr\/index.php\/charte-ethique-de-lhypnologue\/#primaryimage","url":"https:\/\/lecorpsalame.fr\/wp-content\/uploads\/2024\/05\/Favicon.png","contentUrl":"https:\/\/lecorpsalame.fr\/wp-content\/uploads\/2024\/05\/Favicon.png"},{"@type":"BreadcrumbList","@id":"https:\/\/lecorpsalame.fr\/index.php\/charte-ethique-de-lhypnologue\/#breadcrumb","itemListElement":[{"@type":"ListItem","position":1,"name":"Accueil","item":"https:\/\/lecorpsalame.fr\/"},{"@type":"ListItem","position":2,"name":"Charte \u00e9thique de l&rsquo;hypnologue"}]},{"@type":"WebSite","@id":"https:\/\/lecorpsalame.fr\/#website","url":"https:\/\/lecorpsalame.fr\/","name":"Le Corps \u00e0 l'\u00c2me","description":"Massages &amp; Soins \u00e9nerg\u00e9tiques","potentialAction":[{"@type":"SearchAction","target":{"@type":"EntryPoint","urlTemplate":"https:\/\/lecorpsalame.fr\/?s={search_term_string}"},"query-input":{"@type":"PropertyValueSpecification","valueRequired":true,"valueName":"search_term_string"}}],"inLanguage":"fr-FR"}]}},"_links":{"self":[{"href":"https:\/\/lecorpsalame.fr\/index.php\/wp-json\/wp\/v2\/pages\/154","targetHints":{"allow":["GET"]}}],"collection":[{"href":"https:\/\/lecorpsalame.fr\/index.php\/wp-json\/wp\/v2\/pages"}],"about":[{"href":"https:\/\/lecorpsalame.fr\/index.php\/wp-json\/wp\/v2\/types\/page"}],"author":[{"embeddable":true,"href":"https:\/\/lecorpsalame.fr\/index.php\/wp-json\/wp\/v2\/users\/1"}],"replies":[{"embeddable":true,"href":"https:\/\/lecorpsalame.fr\/index.php\/wp-json\/wp\/v2\/comments?post=154"}],"version-history":[{"count":4,"href":"https:\/\/lecorpsalame.fr\/index.php\/wp-json\/wp\/v2\/pages\/154\/revisions"}],"predecessor-version":[{"id":359,"href":"https:\/\/lecorpsalame.fr\/index.php\/wp-json\/wp\/v2\/pages\/154\/revisions\/359"}],"wp:attachment":[{"href":"https:\/\/lecorpsalame.fr\/index.php\/wp-json\/wp\/v2\/media?parent=154"}],"curies":[{"name":"wp","href":"https:\/\/api.w.org\/{rel}","templated":true}]}}